{"id":37,"date":"2009-11-27T11:32:35","date_gmt":"2009-11-27T14:32:35","guid":{"rendered":"http:\/\/pororoca.unifap.br\/nec\/?page_id=37"},"modified":"2009-11-27T11:32:35","modified_gmt":"2009-11-27T14:32:35","slug":"publicacoes","status":"publish","type":"page","link":"http:\/\/www2.unifap.br\/nec\/publicacoes\/","title":{"rendered":"Publica\u00e7\u00f5es"},"content":{"rendered":"<p style=\"text-align: center\"><em><strong>PUBLICA\u00c7\u00d5ES DO NEC<\/strong><\/em><\/p>\n<p style=\"text-align: center\">\n<p style=\"text-align: center\"><em><strong><br \/>\n<\/strong><\/em><\/p>\n<p style=\"text-align: center\">\n<p style=\"text-align: center\"><a href=\"http:\/\/pororoca.unifap.br\/nec\/publicacoes\/teses\/\"><strong>Teses<\/strong><\/a><\/p>\n<p style=\"text-align: center\"><strong>(<\/strong>\u00faltimo arquivo adicionado<strong>:<\/strong> xx<strong>\/<\/strong>xx<strong>\/<\/strong>xx<strong>)<\/strong><\/p>\n<p style=\"text-align: center\"><a href=\"http:\/\/pororoca.unifap.br\/nec\/publicacoes\/dissertacoes\/\"><strong>Disserta\u00e7\u00f5es<\/strong><\/a><\/p>\n<p style=\"text-align: center\"><strong>(<\/strong>\u00faltimo arquivo adicionado<strong>:<\/strong> xx<strong>\/<\/strong>xx<strong>\/<\/strong>xx<strong>)<\/strong><\/p>\n<p style=\"text-align: center\">\n<p style=\"text-align: center\"><a href=\"http:\/\/pororoca.unifap.br\/nec\/publicacoes\/artigos\/\"><strong>Artigos<\/strong><\/a><\/p>\n<p style=\"text-align: center\"><strong>(<\/strong>\u00faltimo arquivo adicionado<strong>:<\/strong> xx<strong>\/<\/strong>xx<strong>\/<\/strong>xx<strong>)<\/strong><\/p>\n<p style=\"text-align: center\">\n<p style=\"text-align: center\"><a href=\"http:\/\/pororoca.unifap.br\/nec\/publicacoes\/resumos\"><strong>Resumos<\/strong><\/a><\/p>\n<p style=\"text-align: center\"><strong>(<\/strong>\u00faltimo arquivo adicionado<strong>:<\/strong> xx<strong>\/<\/strong>xx<strong>\/<\/strong>xx<strong>)<\/strong><\/p>\n<p style=\"text-align: center\">\n<p style=\"text-align: center\"><a href=\"http:\/\/pororoca.unifap.br\/nec\/publicacoes\/relatorios\"><strong>Relat\u00f3rios<\/strong><\/a><\/p>\n<p style=\"text-align: center\"><strong>(<\/strong>\u00faltimo arquivo adicionado<strong>:<\/strong> xx<strong>\/<\/strong>xx<strong>\/<\/strong>xx<strong>)<\/strong><\/p>\n<p style=\"text-align: center\">\n<p style=\"text-align: center\"><a href=\"http:\/\/pororoca.unifap.br\/nec\/publicacoes\/diversos\"><strong>Diversos<\/strong><\/a><\/p>\n<p style=\"text-align: center\"><strong>(<\/strong>\u00faltimo arquivo adicionado<strong>:<\/strong> <strong>27\/11<\/strong><strong>\/09<\/strong><strong>)<\/strong><\/p>\n","protected":false},"excerpt":{"rendered":"<p>PUBLICA\u00c7\u00d5ES DO NEC Teses (\u00faltimo arquivo adicionado: xx\/xx\/xx) Disserta\u00e7\u00f5es (\u00faltimo arquivo adicionado: xx\/xx\/xx) Artigos (\u00faltimo arquivo adicionado: xx\/xx\/xx) Resumos (\u00faltimo arquivo adicionado: xx\/xx\/xx) Relat\u00f3rios (\u00faltimo arquivo adicionado: xx\/xx\/xx) Diversos (\u00faltimo arquivo adicionado: 27\/11\/09)<\/p>\n","protected":false},"author":1,"featured_media":0,"parent":0,"menu_order":0,"comment_status":"closed","ping_status":"closed","template":"","meta":{"inline_featured_image":false,"ngg_post_thumbnail":0,"footnotes":""},"class_list":["post-37","page","type-page","status-publish","hentry"],"_links":{"self":[{"href":"http:\/\/www2.unifap.br\/nec\/wp-json\/wp\/v2\/pages\/37","targetHints":{"allow":["GET"]}}],"collection":[{"href":"http:\/\/www2.unifap.br\/nec\/wp-json\/wp\/v2\/pages"}],"about":[{"href":"http:\/\/www2.unifap.br\/nec\/wp-json\/wp\/v2\/types\/page"}],"author":[{"embeddable":true,"href":"http:\/\/www2.unifap.br\/nec\/wp-json\/wp\/v2\/users\/1"}],"replies":[{"embeddable":true,"href":"http:\/\/www2.unifap.br\/nec\/wp-json\/wp\/v2\/comments?post=37"}],"version-history":[{"count":0,"href":"http:\/\/www2.unifap.br\/nec\/wp-json\/wp\/v2\/pages\/37\/revisions"}],"wp:attachment":[{"href":"http:\/\/www2.unifap.br\/nec\/wp-json\/wp\/v2\/media?parent=37"}],"curies":[{"name":"wp","href":"https:\/\/api.w.org\/{rel}","templated":true}]}}