{"id":1102,"date":"2022-03-08T18:28:46","date_gmt":"2022-03-08T21:28:46","guid":{"rendered":"http:\/\/www2.unifap.br\/nitt\/?page_id=1102"},"modified":"2022-03-28T00:47:17","modified_gmt":"2022-03-28T03:47:17","slug":"rede-namor","status":"publish","type":"page","link":"http:\/\/www2.unifap.br\/nitt\/rede-namor\/","title":{"rendered":"Rede Namor"},"content":{"rendered":"\t\t<div data-elementor-type=\"wp-page\" data-elementor-id=\"1102\" class=\"elementor elementor-1102\">\n\t\t\t\t\t\t<section class=\"elementor-section elementor-top-section elementor-element elementor-element-309b0699 elementor-section-content-middle elementor-section-boxed elementor-section-height-default elementor-section-height-default elementor-invisible\" data-id=\"309b0699\" data-element_type=\"section\" data-e-type=\"section\" data-settings=\"{&quot;animation&quot;:&quot;fadeInUp&quot;}\">\n\t\t\t\t\t\t<div class=\"elementor-container elementor-column-gap-no\">\n\t\t\t\t\t<div class=\"elementor-column elementor-col-50 elementor-top-column elementor-element elementor-element-2b661ffe\" data-id=\"2b661ffe\" data-element_type=\"column\" data-e-type=\"column\">\n\t\t\t<div class=\"elementor-widget-wrap elementor-element-populated\">\n\t\t\t\t\t\t<div class=\"elementor-element elementor-element-8de7a51 elementor-widget elementor-widget-image\" data-id=\"8de7a51\" data-element_type=\"widget\" data-e-type=\"widget\" data-widget_type=\"image.default\">\n\t\t\t\t<div class=\"elementor-widget-container\">\n\t\t\t\t\t\t\t\t\t\t\t\t\t\t\t<img fetchpriority=\"high\" decoding=\"async\" width=\"484\" height=\"223\" src=\"https:\/\/www2.unifap.br\/nitt\/files\/2022\/03\/ogo_nit_ufra.png\" class=\"attachment-large size-large wp-image-2460\" alt=\"\" \/>\t\t\t\t\t\t\t\t\t\t\t\t\t\t\t<\/div>\n\t\t\t\t<\/div>\n\t\t\t\t<div class=\"elementor-element elementor-element-10f5246e elementor-widget-divider--view-line elementor-widget elementor-widget-divider\" data-id=\"10f5246e\" data-element_type=\"widget\" data-e-type=\"widget\" data-widget_type=\"divider.default\">\n\t\t\t\t<div class=\"elementor-widget-container\">\n\t\t\t\t\t\t\t<div class=\"elementor-divider\">\n\t\t\t<span class=\"elementor-divider-separator\">\n\t\t\t\t\t\t<\/span>\n\t\t<\/div>\n\t\t\t\t\t\t<\/div>\n\t\t\t\t<\/div>\n\t\t\t\t\t<\/div>\n\t\t<\/div>\n\t\t\t\t<div class=\"elementor-column elementor-col-50 elementor-top-column elementor-element elementor-element-101a5251\" data-id=\"101a5251\" data-element_type=\"column\" data-e-type=\"column\">\n\t\t\t<div class=\"elementor-widget-wrap elementor-element-populated\">\n\t\t\t\t\t\t<div class=\"elementor-element elementor-element-d6fd45f elementor-widget elementor-widget-heading\" data-id=\"d6fd45f\" data-element_type=\"widget\" data-e-type=\"widget\" data-widget_type=\"heading.default\">\n\t\t\t\t<div class=\"elementor-widget-container\">\n\t\t\t\t\t<h3 class=\"elementor-heading-title elementor-size-default\">Sobre Rede NAMOR<\/h3>\t\t\t\t<\/div>\n\t\t\t\t<\/div>\n\t\t\t\t\t<\/div>\n\t\t<\/div>\n\t\t\t\t\t<\/div>\n\t\t<\/section>\n\t\t\t\t<section class=\"elementor-section elementor-top-section elementor-element elementor-element-a9484bf elementor-section-boxed elementor-section-height-default elementor-section-height-default elementor-invisible\" data-id=\"a9484bf\" data-element_type=\"section\" data-e-type=\"section\" data-settings=\"{&quot;animation&quot;:&quot;fadeInUp&quot;}\">\n\t\t\t\t\t\t<div class=\"elementor-container elementor-column-gap-default\">\n\t\t\t\t\t<div class=\"elementor-column elementor-col-50 elementor-top-column elementor-element elementor-element-b2b01e2\" data-id=\"b2b01e2\" data-element_type=\"column\" data-e-type=\"column\">\n\t\t\t<div class=\"elementor-widget-wrap elementor-element-populated\">\n\t\t\t\t\t\t<div class=\"elementor-element elementor-element-5d8a70b elementor-widget elementor-widget-text-editor\" data-id=\"5d8a70b\" data-element_type=\"widget\" data-e-type=\"widget\" data-widget_type=\"text-editor.default\">\n\t\t\t\t<div class=\"elementor-widget-container\">\n\t\t\t\t\t\t\t\t\t<p><span style=\"font-weight: 400\">A Rede de N\u00facleos de Inova\u00e7\u00e3o Tecnol\u00f3gica da Amaz\u00f4nia Oriental (REDENAMOR) \u00e9 um Arranjo de N\u00facleos de Inova\u00e7\u00e3o Tecnol\u00f3gica (NITs)\u00a0 formado pelos estados do Par\u00e1, Tocantins e Amap\u00e1. Tem o prop\u00f3sito de difundir conhecimentos sobre boas pr\u00e1ticas de gest\u00e3o da inova\u00e7\u00e3o e m\u00e9todos de prote\u00e7\u00e3o do conhecimento, propriedade intelectual e transfer\u00eancia de tecnologia. Coordenada pelo Museu Paraense Em\u00edlio Goeldi (MPEG), unidade de pesquisa do Minist\u00e9rio da Ci\u00eancia Tecnologia e Inova\u00e7\u00e3o (MCTI), \u00e9 composta por doze institui\u00e7\u00f5es cient\u00edficas, s\u00e3o elas:<\/span><\/p><ul><li>Museu Paraense Em\u00edlio Goeldi (MPEG)<\/li><li>Universidade Federal do Par\u00e1 (UFPA)<\/li><\/ul>\t\t\t\t\t\t\t\t<\/div>\n\t\t\t\t<\/div>\n\t\t\t\t\t<\/div>\n\t\t<\/div>\n\t\t\t\t<div class=\"elementor-column elementor-col-50 elementor-top-column elementor-element elementor-element-4307b8b\" data-id=\"4307b8b\" data-element_type=\"column\" data-e-type=\"column\">\n\t\t\t<div class=\"elementor-widget-wrap elementor-element-populated\">\n\t\t\t\t\t\t<div class=\"elementor-element elementor-element-e84d4b7 elementor-widget elementor-widget-text-editor\" data-id=\"e84d4b7\" data-element_type=\"widget\" data-e-type=\"widget\" data-widget_type=\"text-editor.default\">\n\t\t\t\t<div class=\"elementor-widget-container\">\n\t\t\t\t\t\t\t\t\t<ul><li>Universidade Federal Rural da Amaz\u00f4nia (UFRA);<\/li><li>Universidade Federal do Sul e Sudeste do Estado do Par\u00e1 (UNIFESSPA);<\/li><li style=\"font-weight: 400\"><span style=\"font-weight: 400\">Universidade Federal do Oeste do Par\u00e1 (UFOPA);<\/span><\/li><li style=\"font-weight: 400\"><span style=\"font-weight: 400\">Instituto Federal de Educa\u00e7\u00e3o, Ci\u00eancia e Tecnologia do Par\u00e1 (IFPA);<\/span><\/li><li style=\"font-weight: 400\"><span style=\"font-weight: 400\">Universidade do Estado do Par\u00e1 (UEPA);<\/span><\/li><li style=\"font-weight: 400\"><span style=\"font-weight: 400\">Embrapa Amaz\u00f4nia Oriental;<\/span><\/li><li style=\"font-weight: 400\"><span style=\"font-weight: 400\">Centro Universit\u00e1rio do Estado do Par\u00e1 (CESUPA);<\/span><\/li><li style=\"font-weight: 400\"><span style=\"font-weight: 400\">Funda\u00e7\u00e3o Universidade Federal do Tocantins (UFT);<\/span><\/li><li style=\"font-weight: 400\"><span style=\"font-weight: 400\">Funda\u00e7\u00e3o Universidade do Tocantins (UNITINS);<\/span><\/li><li style=\"font-weight: 400\"><span style=\"font-weight: 400\">Universidade Federal do Amap\u00e1 (UNIFAP)<\/span><\/li><\/ul>\t\t\t\t\t\t\t\t<\/div>\n\t\t\t\t<\/div>\n\t\t\t\t\t<\/div>\n\t\t<\/div>\n\t\t\t\t\t<\/div>\n\t\t<\/section>\n\t\t\t\t<section class=\"elementor-section elementor-top-section elementor-element elementor-element-477e57a5 elementor-section-content-middle elementor-section-boxed elementor-section-height-default elementor-section-height-default\" data-id=\"477e57a5\" data-element_type=\"section\" data-e-type=\"section\" data-settings=\"{&quot;background_background&quot;:&quot;classic&quot;,&quot;shape_divider_top&quot;:&quot;opacity-fan&quot;}\">\n\t\t\t\t\t<div class=\"elementor-shape elementor-shape-top\" aria-hidden=\"true\" data-negative=\"false\">\n\t\t\t<svg xmlns=\"http:\/\/www.w3.org\/2000\/svg\" viewBox=\"0 0 283.5 19.6\" preserveAspectRatio=\"none\">\n\t<path class=\"elementor-shape-fill\" style=\"opacity:0.33\" d=\"M0 0L0 18.8 141.8 4.1 283.5 18.8 283.5 0z\"\/>\n\t<path class=\"elementor-shape-fill\" style=\"opacity:0.33\" d=\"M0 0L0 12.6 141.8 4 283.5 12.6 283.5 0z\"\/>\n\t<path class=\"elementor-shape-fill\" style=\"opacity:0.33\" d=\"M0 0L0 6.4 141.8 4 283.5 6.4 283.5 0z\"\/>\n\t<path class=\"elementor-shape-fill\" d=\"M0 0L0 1.2 141.8 4 283.5 1.2 283.5 0z\"\/>\n<\/svg>\t\t<\/div>\n\t\t\t\t\t<div class=\"elementor-container elementor-column-gap-no\">\n\t\t\t\t\t<div class=\"elementor-column elementor-col-100 elementor-top-column elementor-element elementor-element-2e4087e1\" data-id=\"2e4087e1\" data-element_type=\"column\" data-e-type=\"column\">\n\t\t\t<div class=\"elementor-widget-wrap elementor-element-populated\">\n\t\t\t\t\t\t<div class=\"elementor-element elementor-element-2bfecac elementor-widget elementor-widget-heading\" data-id=\"2bfecac\" data-element_type=\"widget\" data-e-type=\"widget\" data-widget_type=\"heading.default\">\n\t\t\t\t<div class=\"elementor-widget-container\">\n\t\t\t\t\t<h4 class=\"elementor-heading-title elementor-size-default\">Acesse o site<\/h4>\t\t\t\t<\/div>\n\t\t\t\t<\/div>\n\t\t\t\t<div class=\"elementor-element elementor-element-13a42504 elementor-align-center elementor-widget elementor-widget-button\" data-id=\"13a42504\" data-element_type=\"widget\" data-e-type=\"widget\" data-widget_type=\"button.default\">\n\t\t\t\t<div class=\"elementor-widget-container\">\n\t\t\t\t\t\t\t\t\t<div class=\"elementor-button-wrapper\">\n\t\t\t\t\t<a class=\"elementor-button elementor-button-link elementor-size-sm elementor-animation-grow\" href=\"http:\/\/redenamor.org\/\">\n\t\t\t\t\t\t<span class=\"elementor-button-content-wrapper\">\n\t\t\t\t\t\t\t\t\t<span class=\"elementor-button-text\">Rede namor<\/span>\n\t\t\t\t\t<\/span>\n\t\t\t\t\t<\/a>\n\t\t\t\t<\/div>\n\t\t\t\t\t\t\t\t<\/div>\n\t\t\t\t<\/div>\n\t\t\t\t\t<\/div>\n\t\t<\/div>\n\t\t\t\t\t<\/div>\n\t\t<\/section>\n\t\t\t\t<\/div>\n\t\t","protected":false},"excerpt":{"rendered":"<p>Sobre Rede NAMOR A Rede de N\u00facleos de Inova\u00e7\u00e3o Tecnol\u00f3gica da Amaz\u00f4nia Oriental (REDENAMOR) \u00e9 um Arranjo de N\u00facleos de Inova\u00e7\u00e3o Tecnol\u00f3gica (NITs)&nbsp; formado pelos estados do Par\u00e1, Tocantins e Amap\u00e1. Tem o prop\u00f3sito de difundir conhecimentos sobre boas pr\u00e1ticas de gest\u00e3o da inova\u00e7\u00e3o e m\u00e9todos de prote\u00e7\u00e3o do conhecimento, propriedade intelectual e transfer\u00eancia de&#8230;<\/p>\n","protected":false},"author":3898,"featured_media":0,"parent":0,"menu_order":0,"comment_status":"closed","ping_status":"closed","template":"","meta":{"inline_featured_image":false,"ngg_post_thumbnail":0,"footnotes":""},"class_list":["post-1102","page","type-page","status-publish","hentry","entry"],"_links":{"self":[{"href":"http:\/\/www2.unifap.br\/nitt\/wp-json\/wp\/v2\/pages\/1102","targetHints":{"allow":["GET"]}}],"collection":[{"href":"http:\/\/www2.unifap.br\/nitt\/wp-json\/wp\/v2\/pages"}],"about":[{"href":"http:\/\/www2.unifap.br\/nitt\/wp-json\/wp\/v2\/types\/page"}],"author":[{"embeddable":true,"href":"http:\/\/www2.unifap.br\/nitt\/wp-json\/wp\/v2\/users\/3898"}],"replies":[{"embeddable":true,"href":"http:\/\/www2.unifap.br\/nitt\/wp-json\/wp\/v2\/comments?post=1102"}],"version-history":[{"count":8,"href":"http:\/\/www2.unifap.br\/nitt\/wp-json\/wp\/v2\/pages\/1102\/revisions"}],"predecessor-version":[{"id":2468,"href":"http:\/\/www2.unifap.br\/nitt\/wp-json\/wp\/v2\/pages\/1102\/revisions\/2468"}],"wp:attachment":[{"href":"http:\/\/www2.unifap.br\/nitt\/wp-json\/wp\/v2\/media?parent=1102"}],"curies":[{"name":"wp","href":"https:\/\/api.w.org\/{rel}","templated":true}]}}