{"id":1699,"date":"2022-03-20T09:38:13","date_gmt":"2022-03-20T12:38:13","guid":{"rendered":"http:\/\/www2.unifap.br\/nitt\/?page_id=1699"},"modified":"2022-03-29T15:08:40","modified_gmt":"2022-03-29T18:08:40","slug":"consultar-processos-sipac","status":"publish","type":"page","link":"http:\/\/www2.unifap.br\/nitt\/consultar-processos-sipac\/","title":{"rendered":"Consultar Processos SIPAC"},"content":{"rendered":"\t\t<div data-elementor-type=\"wp-page\" data-elementor-id=\"1699\" class=\"elementor elementor-1699\">\n\t\t\t\t\t\t<section class=\"elementor-section elementor-top-section elementor-element elementor-element-12a61741 elementor-section-content-middle elementor-section-boxed elementor-section-height-default elementor-section-height-default elementor-invisible\" data-id=\"12a61741\" data-element_type=\"section\" data-e-type=\"section\" data-settings=\"{&quot;animation&quot;:&quot;fadeInUp&quot;,&quot;background_background&quot;:&quot;classic&quot;}\">\n\t\t\t\t\t\t<div class=\"elementor-container elementor-column-gap-no\">\n\t\t\t\t\t<div class=\"elementor-column elementor-col-50 elementor-top-column elementor-element elementor-element-3a095d0b\" data-id=\"3a095d0b\" data-element_type=\"column\" data-e-type=\"column\">\n\t\t\t<div class=\"elementor-widget-wrap elementor-element-populated\">\n\t\t\t\t\t\t<div class=\"elementor-element elementor-element-4c9c0e60 elementor-widget elementor-widget-heading\" data-id=\"4c9c0e60\" data-element_type=\"widget\" data-e-type=\"widget\" data-widget_type=\"heading.default\">\n\t\t\t\t<div class=\"elementor-widget-container\">\n\t\t\t\t\t<h3 class=\"elementor-heading-title elementor-size-default\">Consultar processos no SIPAC<\/h3>\t\t\t\t<\/div>\n\t\t\t\t<\/div>\n\t\t\t\t<div class=\"elementor-element elementor-element-1c12adb4 elementor-widget-divider--view-line elementor-widget elementor-widget-divider\" data-id=\"1c12adb4\" data-element_type=\"widget\" data-e-type=\"widget\" data-widget_type=\"divider.default\">\n\t\t\t\t<div class=\"elementor-widget-container\">\n\t\t\t\t\t\t\t<div class=\"elementor-divider\">\n\t\t\t<span class=\"elementor-divider-separator\">\n\t\t\t\t\t\t<\/span>\n\t\t<\/div>\n\t\t\t\t\t\t<\/div>\n\t\t\t\t<\/div>\n\t\t\t\t\t<\/div>\n\t\t<\/div>\n\t\t\t\t<div class=\"elementor-column elementor-col-50 elementor-top-column elementor-element elementor-element-51641dac\" data-id=\"51641dac\" data-element_type=\"column\" data-e-type=\"column\">\n\t\t\t<div class=\"elementor-widget-wrap elementor-element-populated\">\n\t\t\t\t\t\t<div class=\"elementor-element elementor-element-3141417d elementor-widget elementor-widget-image\" data-id=\"3141417d\" data-element_type=\"widget\" data-e-type=\"widget\" data-widget_type=\"image.default\">\n\t\t\t\t<div class=\"elementor-widget-container\">\n\t\t\t\t\t\t\t\t\t\t\t\t\t\t\t<img decoding=\"async\" width=\"150\" height=\"71\" src=\"http:\/\/www2.unifap.br\/nitt\/files\/2022\/03\/logo_pibiti.png\" class=\"attachment-thumbnail size-thumbnail wp-image-3079\" alt=\"\" \/>\t\t\t\t\t\t\t\t\t\t\t\t\t\t\t<\/div>\n\t\t\t\t<\/div>\n\t\t\t\t\t<\/div>\n\t\t<\/div>\n\t\t\t\t\t<\/div>\n\t\t<\/section>\n\t\t\t\t<section class=\"elementor-section elementor-top-section elementor-element elementor-element-eddb8ce elementor-section-boxed elementor-section-height-default elementor-section-height-default elementor-invisible\" data-id=\"eddb8ce\" data-element_type=\"section\" data-e-type=\"section\" data-settings=\"{&quot;animation&quot;:&quot;fadeInUp&quot;}\">\n\t\t\t\t\t\t<div class=\"elementor-container elementor-column-gap-default\">\n\t\t\t\t\t<div class=\"elementor-column elementor-col-100 elementor-top-column elementor-element elementor-element-453e0fbe\" data-id=\"453e0fbe\" data-element_type=\"column\" data-e-type=\"column\">\n\t\t\t<div class=\"elementor-widget-wrap elementor-element-populated\">\n\t\t\t\t\t\t<section class=\"elementor-section elementor-inner-section elementor-element elementor-element-2bc12d17 elementor-section-boxed elementor-section-height-default elementor-section-height-default\" data-id=\"2bc12d17\" data-element_type=\"section\" data-e-type=\"section\">\n\t\t\t\t\t\t<div class=\"elementor-container elementor-column-gap-default\">\n\t\t\t\t\t<div class=\"elementor-column elementor-col-100 elementor-inner-column elementor-element elementor-element-11c6ac17\" data-id=\"11c6ac17\" data-element_type=\"column\" data-e-type=\"column\">\n\t\t\t<div class=\"elementor-widget-wrap elementor-element-populated\">\n\t\t\t\t\t\t<div class=\"elementor-element elementor-element-789c23d4 elementor-widget elementor-widget-text-editor\" data-id=\"789c23d4\" data-element_type=\"widget\" data-e-type=\"widget\" data-widget_type=\"text-editor.default\">\n\t\t\t\t<div class=\"elementor-widget-container\">\n\t\t\t\t\t\t\t\t\t<h2>Os processo ostensivos podem ser consultados atrav\u00e9s do Portal P\u00fablico do SIPAC.<\/h2><ul><li><a href=\"https:\/\/sipac.unifap.br\/public\/jsp\/portal.jsf\">Consultar processos no portal p\u00fablico (SIPAC) &#8211; <strong>clique aqui.<\/strong><\/a><\/li><\/ul><h2>Instru\u00e7\u00f5es para consulta de processos.<\/h2><ul><li><a href=\"https:\/\/docs.info.ufrn.br\/doku.php?id=suporte:manuais:sipac:portal_publico:consultas:processos\">Portal P\u00fablico SIPAC &#8211; <strong>clique aqui.<\/strong><\/a><\/li><\/ul>\t\t\t\t\t\t\t\t<\/div>\n\t\t\t\t<\/div>\n\t\t\t\t\t<\/div>\n\t\t<\/div>\n\t\t\t\t\t<\/div>\n\t\t<\/section>\n\t\t\t\t\t<\/div>\n\t\t<\/div>\n\t\t\t\t\t<\/div>\n\t\t<\/section>\n\t\t\t\t<\/div>\n\t\t","protected":false},"excerpt":{"rendered":"<p>Consultar processos no SIPAC Os processo ostensivos podem ser consultados atrav\u00e9s do Portal P\u00fablico do SIPAC. Consultar processos no portal p\u00fablico (SIPAC) &#8211; clique aqui. Instru\u00e7\u00f5es para consulta de processos. Portal P\u00fablico SIPAC &#8211; clique aqui.<\/p>\n","protected":false},"author":2504,"featured_media":0,"parent":0,"menu_order":0,"comment_status":"closed","ping_status":"closed","template":"","meta":{"inline_featured_image":false,"ngg_post_thumbnail":0,"footnotes":""},"class_list":["post-1699","page","type-page","status-publish","hentry","entry"],"_links":{"self":[{"href":"http:\/\/www2.unifap.br\/nitt\/wp-json\/wp\/v2\/pages\/1699","targetHints":{"allow":["GET"]}}],"collection":[{"href":"http:\/\/www2.unifap.br\/nitt\/wp-json\/wp\/v2\/pages"}],"about":[{"href":"http:\/\/www2.unifap.br\/nitt\/wp-json\/wp\/v2\/types\/page"}],"author":[{"embeddable":true,"href":"http:\/\/www2.unifap.br\/nitt\/wp-json\/wp\/v2\/users\/2504"}],"replies":[{"embeddable":true,"href":"http:\/\/www2.unifap.br\/nitt\/wp-json\/wp\/v2\/comments?post=1699"}],"version-history":[{"count":9,"href":"http:\/\/www2.unifap.br\/nitt\/wp-json\/wp\/v2\/pages\/1699\/revisions"}],"predecessor-version":[{"id":3126,"href":"http:\/\/www2.unifap.br\/nitt\/wp-json\/wp\/v2\/pages\/1699\/revisions\/3126"}],"wp:attachment":[{"href":"http:\/\/www2.unifap.br\/nitt\/wp-json\/wp\/v2\/media?parent=1699"}],"curies":[{"name":"wp","href":"https:\/\/api.w.org\/{rel}","templated":true}]}}