{"id":1707,"date":"2022-03-20T10:00:29","date_gmt":"2022-03-20T13:00:29","guid":{"rendered":"http:\/\/www2.unifap.br\/nitt\/?page_id=1707"},"modified":"2022-03-29T15:07:00","modified_gmt":"2022-03-29T18:07:00","slug":"declaracao-rendimentos-cnpq-capes","status":"publish","type":"page","link":"http:\/\/www2.unifap.br\/nitt\/declaracao-rendimentos-cnpq-capes\/","title":{"rendered":"Declara\u00e7\u00e3o de rendimentos &#8211; CNPq | CAPES"},"content":{"rendered":"\t\t<div data-elementor-type=\"wp-page\" data-elementor-id=\"1707\" class=\"elementor elementor-1707\">\n\t\t\t\t\t\t<section class=\"elementor-section elementor-top-section elementor-element elementor-element-3a2a8280 elementor-section-content-middle elementor-section-boxed elementor-section-height-default elementor-section-height-default elementor-invisible\" data-id=\"3a2a8280\" data-element_type=\"section\" data-e-type=\"section\" data-settings=\"{&quot;animation&quot;:&quot;fadeInUp&quot;,&quot;background_background&quot;:&quot;classic&quot;}\">\n\t\t\t\t\t\t<div class=\"elementor-container elementor-column-gap-no\">\n\t\t\t\t\t<div class=\"elementor-column elementor-col-50 elementor-top-column elementor-element elementor-element-5e0cd781\" data-id=\"5e0cd781\" data-element_type=\"column\" data-e-type=\"column\">\n\t\t\t<div class=\"elementor-widget-wrap elementor-element-populated\">\n\t\t\t\t\t\t<div class=\"elementor-element elementor-element-711858fe elementor-widget elementor-widget-heading\" data-id=\"711858fe\" data-element_type=\"widget\" data-e-type=\"widget\" data-widget_type=\"heading.default\">\n\t\t\t\t<div class=\"elementor-widget-container\">\n\t\t\t\t\t<h3 class=\"elementor-heading-title elementor-size-default\">Declara\u00e7\u00e3o de Rendimentos - CNPq | CAPES<\/h3>\t\t\t\t<\/div>\n\t\t\t\t<\/div>\n\t\t\t\t<div class=\"elementor-element elementor-element-cbcac52 elementor-widget-divider--view-line elementor-widget elementor-widget-divider\" data-id=\"cbcac52\" data-element_type=\"widget\" data-e-type=\"widget\" data-widget_type=\"divider.default\">\n\t\t\t\t<div class=\"elementor-widget-container\">\n\t\t\t\t\t\t\t<div class=\"elementor-divider\">\n\t\t\t<span class=\"elementor-divider-separator\">\n\t\t\t\t\t\t<\/span>\n\t\t<\/div>\n\t\t\t\t\t\t<\/div>\n\t\t\t\t<\/div>\n\t\t\t\t\t<\/div>\n\t\t<\/div>\n\t\t\t\t<div class=\"elementor-column elementor-col-50 elementor-top-column elementor-element elementor-element-4beeb84f\" data-id=\"4beeb84f\" data-element_type=\"column\" data-e-type=\"column\">\n\t\t\t<div class=\"elementor-widget-wrap elementor-element-populated\">\n\t\t\t\t\t\t<div class=\"elementor-element elementor-element-5c95b23e elementor-widget elementor-widget-image\" data-id=\"5c95b23e\" data-element_type=\"widget\" data-e-type=\"widget\" data-widget_type=\"image.default\">\n\t\t\t\t<div class=\"elementor-widget-container\">\n\t\t\t\t\t\t\t\t\t\t\t\t\t\t\t<img decoding=\"async\" width=\"150\" height=\"71\" src=\"https:\/\/www2.unifap.br\/nitt\/files\/2022\/03\/logo_pibiti.png\" class=\"attachment-thumbnail size-thumbnail wp-image-3079\" alt=\"\" \/>\t\t\t\t\t\t\t\t\t\t\t\t\t\t\t<\/div>\n\t\t\t\t<\/div>\n\t\t\t\t\t<\/div>\n\t\t<\/div>\n\t\t\t\t\t<\/div>\n\t\t<\/section>\n\t\t\t\t<section class=\"elementor-section elementor-top-section elementor-element elementor-element-10f8606 elementor-section-boxed elementor-section-height-default elementor-section-height-default elementor-invisible\" data-id=\"10f8606\" data-element_type=\"section\" data-e-type=\"section\" data-settings=\"{&quot;animation&quot;:&quot;fadeInUp&quot;}\">\n\t\t\t\t\t\t<div class=\"elementor-container elementor-column-gap-default\">\n\t\t\t\t\t<div class=\"elementor-column elementor-col-100 elementor-top-column elementor-element elementor-element-6e48e732\" data-id=\"6e48e732\" data-element_type=\"column\" data-e-type=\"column\">\n\t\t\t<div class=\"elementor-widget-wrap elementor-element-populated\">\n\t\t\t\t\t\t<section class=\"elementor-section elementor-inner-section elementor-element elementor-element-57a91a6c elementor-section-boxed elementor-section-height-default elementor-section-height-default\" data-id=\"57a91a6c\" data-element_type=\"section\" data-e-type=\"section\">\n\t\t\t\t\t\t<div class=\"elementor-container elementor-column-gap-default\">\n\t\t\t\t\t<div class=\"elementor-column elementor-col-100 elementor-inner-column elementor-element elementor-element-574cb874\" data-id=\"574cb874\" data-element_type=\"column\" data-e-type=\"column\">\n\t\t\t<div class=\"elementor-widget-wrap elementor-element-populated\">\n\t\t\t\t\t\t<div class=\"elementor-element elementor-element-2ad05c44 elementor-widget elementor-widget-text-editor\" data-id=\"2ad05c44\" data-element_type=\"widget\" data-e-type=\"widget\" data-widget_type=\"text-editor.default\">\n\t\t\t\t<div class=\"elementor-widget-container\">\n\t\t\t\t\t\t\t\t\t<p>Comunicamos aos bolsistas CAPES e CNPq que as ag\u00eancias disponibilizaram o Informe de Rendimentos nos seguintes endere\u00e7os:<\/p><ul><li><a href=\"https:\/\/informerendimentos.capes.gov.br\"><strong>CAPES <\/strong>&#8211;\u00a0http:\/\/informerendimentos.capes.gov.br\/<\/a><\/li><li><a href=\"https:\/\/wwws.cnpq.br\/sigef_imp\/owa\/pservicos.entrada?opcao=decrend\" target=\"_blank\" rel=\"noopener\"><strong>CNPq &#8211; <\/strong>https:\/\/wwws.cnpq.br\/sigef_imp\/owa\/pservicos.entrada?opcao=decrend<\/a><\/li><\/ul><p>Diverg\u00eancias de informa\u00e7\u00f5es e problemas de acesso, contatem diretamente a ag\u00eancia.<\/p><p>D\u00favidas sobre a obrigatoriedade ou n\u00e3o de realiza\u00e7\u00e3o da declara\u00e7\u00e3o do imposto de renda, por gentileza, contatem um contador.<\/p>\t\t\t\t\t\t\t\t<\/div>\n\t\t\t\t<\/div>\n\t\t\t\t<div class=\"elementor-element elementor-element-63716d12 elementor-widget elementor-widget-text-editor\" data-id=\"63716d12\" data-element_type=\"widget\" data-e-type=\"widget\" data-widget_type=\"text-editor.default\">\n\t\t\t\t<div class=\"elementor-widget-container\">\n\t\t\t\t\t\t\t\t\t<h2 class=\"elementor-heading-title elementor-size-default elementor-inline-editing pen\" data-elementor-setting-key=\"title\" data-pen-placeholder=\"Digite aqui...\">Orienta\u00e7\u00f5es<\/h2><ul><li><a href=\"http:\/\/www2.unifap.br\/nitt\/files\/2022\/03\/ir_capes-20220321.pdf\" target=\"_blank\" rel=\"noopener\">Consultar informes de rendimentos CAPES &#8211; <strong>clique aqui.<\/strong><\/a><\/li><li><a href=\"http:\/\/www2.unifap.br\/nitt\/files\/2022\/03\/ir_capes-20220321.pdf\" target=\"_blank\" rel=\"noopener\">Consultar informes de rendimentos CNPq &#8211; <strong>clique aqui.<\/strong><\/a><\/li><li><a href=\"https:\/\/www.gov.br\/governodigital\/pt-br\/conta-gov-br\/conta-gov-br\/\">Acesso GOV.BR &#8211; <strong>clique aqui.<\/strong><\/a><\/li><\/ul>\t\t\t\t\t\t\t\t<\/div>\n\t\t\t\t<\/div>\n\t\t\t\t\t<\/div>\n\t\t<\/div>\n\t\t\t\t\t<\/div>\n\t\t<\/section>\n\t\t\t\t\t<\/div>\n\t\t<\/div>\n\t\t\t\t\t<\/div>\n\t\t<\/section>\n\t\t\t\t<\/div>\n\t\t","protected":false},"excerpt":{"rendered":"<p>Declara\u00e7\u00e3o de Rendimentos &#8211; CNPq | CAPES Comunicamos aos bolsistas CAPES e CNPq que as ag\u00eancias disponibilizaram o Informe de Rendimentos nos seguintes endere\u00e7os: CAPES &#8211;\u00a0http:\/\/informerendimentos.capes.gov.br\/ CNPq &#8211; https:\/\/wwws.cnpq.br\/sigef_imp\/owa\/pservicos.entrada?opcao=decrend Diverg\u00eancias de informa\u00e7\u00f5es e problemas de acesso, contatem diretamente a ag\u00eancia. D\u00favidas sobre a obrigatoriedade ou n\u00e3o de realiza\u00e7\u00e3o da declara\u00e7\u00e3o do imposto de renda, por&#8230;<\/p>\n","protected":false},"author":2504,"featured_media":0,"parent":0,"menu_order":0,"comment_status":"closed","ping_status":"closed","template":"","meta":{"inline_featured_image":false,"ngg_post_thumbnail":0,"footnotes":""},"class_list":["post-1707","page","type-page","status-publish","hentry","entry"],"_links":{"self":[{"href":"http:\/\/www2.unifap.br\/nitt\/wp-json\/wp\/v2\/pages\/1707","targetHints":{"allow":["GET"]}}],"collection":[{"href":"http:\/\/www2.unifap.br\/nitt\/wp-json\/wp\/v2\/pages"}],"about":[{"href":"http:\/\/www2.unifap.br\/nitt\/wp-json\/wp\/v2\/types\/page"}],"author":[{"embeddable":true,"href":"http:\/\/www2.unifap.br\/nitt\/wp-json\/wp\/v2\/users\/2504"}],"replies":[{"embeddable":true,"href":"http:\/\/www2.unifap.br\/nitt\/wp-json\/wp\/v2\/comments?post=1707"}],"version-history":[{"count":52,"href":"http:\/\/www2.unifap.br\/nitt\/wp-json\/wp\/v2\/pages\/1707\/revisions"}],"predecessor-version":[{"id":3122,"href":"http:\/\/www2.unifap.br\/nitt\/wp-json\/wp\/v2\/pages\/1707\/revisions\/3122"}],"wp:attachment":[{"href":"http:\/\/www2.unifap.br\/nitt\/wp-json\/wp\/v2\/media?parent=1707"}],"curies":[{"name":"wp","href":"https:\/\/api.w.org\/{rel}","templated":true}]}}