{"id":1871,"date":"2022-03-20T19:34:22","date_gmt":"2022-03-20T22:34:22","guid":{"rendered":"http:\/\/www2.unifap.br\/nitt\/?page_id=1871"},"modified":"2022-03-29T15:10:58","modified_gmt":"2022-03-29T18:10:58","slug":"consultar-pagamentos-cnpq","status":"publish","type":"page","link":"http:\/\/www2.unifap.br\/nitt\/consultar-pagamentos-cnpq\/","title":{"rendered":"Consultar Pagamentos CNPq"},"content":{"rendered":"\t\t<div data-elementor-type=\"wp-page\" data-elementor-id=\"1871\" class=\"elementor elementor-1871\">\n\t\t\t\t\t\t<section class=\"elementor-section elementor-top-section elementor-element elementor-element-45354b0b elementor-section-content-middle elementor-section-boxed elementor-section-height-default elementor-section-height-default elementor-invisible\" data-id=\"45354b0b\" data-element_type=\"section\" data-e-type=\"section\" data-settings=\"{&quot;animation&quot;:&quot;fadeInUp&quot;,&quot;background_background&quot;:&quot;classic&quot;}\">\n\t\t\t\t\t\t<div class=\"elementor-container elementor-column-gap-no\">\n\t\t\t\t\t<div class=\"elementor-column elementor-col-50 elementor-top-column elementor-element elementor-element-5471b5d9\" data-id=\"5471b5d9\" data-element_type=\"column\" data-e-type=\"column\">\n\t\t\t<div class=\"elementor-widget-wrap elementor-element-populated\">\n\t\t\t\t\t\t<div class=\"elementor-element elementor-element-38ad96df elementor-widget elementor-widget-heading\" data-id=\"38ad96df\" data-element_type=\"widget\" data-e-type=\"widget\" data-widget_type=\"heading.default\">\n\t\t\t\t<div class=\"elementor-widget-container\">\n\t\t\t\t\t<h3 class=\"elementor-heading-title elementor-size-default\">Consultar pagamento CNPq<\/h3>\t\t\t\t<\/div>\n\t\t\t\t<\/div>\n\t\t\t\t<div class=\"elementor-element elementor-element-5d5d76cd elementor-widget-divider--view-line elementor-widget elementor-widget-divider\" data-id=\"5d5d76cd\" data-element_type=\"widget\" data-e-type=\"widget\" data-widget_type=\"divider.default\">\n\t\t\t\t<div class=\"elementor-widget-container\">\n\t\t\t\t\t\t\t<div class=\"elementor-divider\">\n\t\t\t<span class=\"elementor-divider-separator\">\n\t\t\t\t\t\t<\/span>\n\t\t<\/div>\n\t\t\t\t\t\t<\/div>\n\t\t\t\t<\/div>\n\t\t\t\t\t<\/div>\n\t\t<\/div>\n\t\t\t\t<div class=\"elementor-column elementor-col-50 elementor-top-column elementor-element elementor-element-6e3fad5a\" data-id=\"6e3fad5a\" data-element_type=\"column\" data-e-type=\"column\">\n\t\t\t<div class=\"elementor-widget-wrap elementor-element-populated\">\n\t\t\t\t\t\t<div class=\"elementor-element elementor-element-3b7a6d35 elementor-widget elementor-widget-image\" data-id=\"3b7a6d35\" data-element_type=\"widget\" data-e-type=\"widget\" data-widget_type=\"image.default\">\n\t\t\t\t<div class=\"elementor-widget-container\">\n\t\t\t\t\t\t\t\t\t\t\t\t\t\t\t<img decoding=\"async\" width=\"150\" height=\"71\" src=\"https:\/\/www2.unifap.br\/nitt\/files\/2022\/03\/logo_pibiti.png\" class=\"attachment-thumbnail size-thumbnail wp-image-3079\" alt=\"\" \/>\t\t\t\t\t\t\t\t\t\t\t\t\t\t\t<\/div>\n\t\t\t\t<\/div>\n\t\t\t\t\t<\/div>\n\t\t<\/div>\n\t\t\t\t\t<\/div>\n\t\t<\/section>\n\t\t\t\t<section class=\"elementor-section elementor-top-section elementor-element elementor-element-72b1ae3b elementor-section-boxed elementor-section-height-default elementor-section-height-default elementor-invisible\" data-id=\"72b1ae3b\" data-element_type=\"section\" data-e-type=\"section\" data-settings=\"{&quot;animation&quot;:&quot;fadeInUp&quot;}\">\n\t\t\t\t\t\t<div class=\"elementor-container elementor-column-gap-default\">\n\t\t\t\t\t<div class=\"elementor-column elementor-col-100 elementor-top-column elementor-element elementor-element-5bd079a7\" data-id=\"5bd079a7\" data-element_type=\"column\" data-e-type=\"column\">\n\t\t\t<div class=\"elementor-widget-wrap elementor-element-populated\">\n\t\t\t\t\t\t<section class=\"elementor-section elementor-inner-section elementor-element elementor-element-416bb143 elementor-section-boxed elementor-section-height-default elementor-section-height-default\" data-id=\"416bb143\" data-element_type=\"section\" data-e-type=\"section\">\n\t\t\t\t\t\t<div class=\"elementor-container elementor-column-gap-default\">\n\t\t\t\t\t<div class=\"elementor-column elementor-col-100 elementor-inner-column elementor-element elementor-element-726d2b3f\" data-id=\"726d2b3f\" data-element_type=\"column\" data-e-type=\"column\">\n\t\t\t<div class=\"elementor-widget-wrap elementor-element-populated\">\n\t\t\t\t\t\t<div class=\"elementor-element elementor-element-19b169e3 elementor-widget elementor-widget-text-editor\" data-id=\"19b169e3\" data-element_type=\"widget\" data-e-type=\"widget\" data-widget_type=\"text-editor.default\">\n\t\t\t\t<div class=\"elementor-widget-container\">\n\t\t\t\t\t\t\t\t\t<p>Comunicamos que os pagamentos realizados pelo CNPq podem ser consultados atrav\u00e9s do Portal Transpar\u00eancia, atrav\u00e9s do link abaixo:<\/p><ul><li><a href=\"https:\/\/www.portaltransparencia.gov.br\/\">Portal Transpar\u00eancia,\u00a0<strong>clique aqui.<\/strong><\/a><\/li><\/ul>\t\t\t\t\t\t\t\t<\/div>\n\t\t\t\t<\/div>\n\t\t\t\t<div class=\"elementor-element elementor-element-76218e60 elementor-widget elementor-widget-text-editor\" data-id=\"76218e60\" data-element_type=\"widget\" data-e-type=\"widget\" data-widget_type=\"text-editor.default\">\n\t\t\t\t<div class=\"elementor-widget-container\">\n\t\t\t\t\t\t\t\t\t<h1 class=\"elementor-heading-title elementor-size-default elementor-inline-editing pen\" data-elementor-setting-key=\"title\" data-pen-placeholder=\"Digite aqui...\">Orienta\u00e7\u00f5es<\/h1><ul><li><a href=\"http:\/\/www2.unifap.br\/nitt\/files\/2022\/03\/portal_trasnparencia-20220321.pdf\" target=\"_blank\" rel=\"noopener\">Consultar pagamentos atrav\u00e9s do Portal Transpar\u00eancia.<\/a><\/li><\/ul>\t\t\t\t\t\t\t\t<\/div>\n\t\t\t\t<\/div>\n\t\t\t\t\t<\/div>\n\t\t<\/div>\n\t\t\t\t\t<\/div>\n\t\t<\/section>\n\t\t\t\t\t<\/div>\n\t\t<\/div>\n\t\t\t\t\t<\/div>\n\t\t<\/section>\n\t\t\t\t<\/div>\n\t\t","protected":false},"excerpt":{"rendered":"<p>Consultar pagamento CNPq Comunicamos que os pagamentos realizados pelo CNPq podem ser consultados atrav\u00e9s do Portal Transpar\u00eancia, atrav\u00e9s do link abaixo: Portal Transpar\u00eancia,\u00a0clique aqui. Orienta\u00e7\u00f5es Consultar pagamentos atrav\u00e9s do Portal Transpar\u00eancia.<\/p>\n","protected":false},"author":2504,"featured_media":0,"parent":0,"menu_order":0,"comment_status":"closed","ping_status":"closed","template":"","meta":{"inline_featured_image":false,"ngg_post_thumbnail":0,"footnotes":""},"class_list":["post-1871","page","type-page","status-publish","hentry","entry"],"_links":{"self":[{"href":"http:\/\/www2.unifap.br\/nitt\/wp-json\/wp\/v2\/pages\/1871","targetHints":{"allow":["GET"]}}],"collection":[{"href":"http:\/\/www2.unifap.br\/nitt\/wp-json\/wp\/v2\/pages"}],"about":[{"href":"http:\/\/www2.unifap.br\/nitt\/wp-json\/wp\/v2\/types\/page"}],"author":[{"embeddable":true,"href":"http:\/\/www2.unifap.br\/nitt\/wp-json\/wp\/v2\/users\/2504"}],"replies":[{"embeddable":true,"href":"http:\/\/www2.unifap.br\/nitt\/wp-json\/wp\/v2\/comments?post=1871"}],"version-history":[{"count":16,"href":"http:\/\/www2.unifap.br\/nitt\/wp-json\/wp\/v2\/pages\/1871\/revisions"}],"predecessor-version":[{"id":3133,"href":"http:\/\/www2.unifap.br\/nitt\/wp-json\/wp\/v2\/pages\/1871\/revisions\/3133"}],"wp:attachment":[{"href":"http:\/\/www2.unifap.br\/nitt\/wp-json\/wp\/v2\/media?parent=1871"}],"curies":[{"name":"wp","href":"https:\/\/api.w.org\/{rel}","templated":true}]}}