{"id":379,"date":"2017-06-01T00:18:05","date_gmt":"2017-06-01T00:18:05","guid":{"rendered":"http:\/\/www2.unifap.br\/nitt\/?page_id=379"},"modified":"2018-06-29T19:01:39","modified_gmt":"2018-06-29T19:01:39","slug":"patentes-depositadas-pelo-nittunifap","status":"publish","type":"page","link":"http:\/\/www2.unifap.br\/nitt\/coordenadoria-de-propriedade-intelectual\/patentes-depositadas-pelo-nittunifap\/","title":{"rendered":"Patentes depositadas pelo NITT\/Unifap"},"content":{"rendered":"<p>2016<\/p>\n<p><strong>1. BR 10 2016 021728 8 |\u00a0DISPOSITIVO PARA PROGRAMA\u00c7\u00c3O DE CONTROLADORES E SEU USO EM CONVERSORES DE FREQU\u00caNCIA | Geraldo Neves de Albuquerque Maranh\u00e3o, Alaan Ubaiara Brito, Salatiel Guimar\u00e3es J\u00fanior, Andreza Fernandes da Costa<\/strong><\/p>\n<p>2017<\/p>\n<p><strong>2. BR 10 2017 001073 2 |\u00a0SOLU\u00c7\u00c3O CORANTE COM EXTRATO ETAN\u00d3LICO PADRONIZADO DE BIXA ORELLANA L. (URUCUM) (SC-EEPU), SUA APLICA\u00c7\u00c3O NA COLORA\u00c7\u00c3O DE PAPANICOLAU, E SUAS MODIFICA\u00c7\u00d5ES | Edilson Leal da Cunha, Irlon Maciel Ferreira, Jos\u00e9 Carlos Tavares Carvalho<\/strong><\/p>\n<p><strong>3. BR 10 2017 005991 0 |\u00a0NANOEMULS\u00c3O MISC\u00cdVEL EM \u00c1GUA \u00c0 BASE DE MISTURA DE DITERPENOS EM \u00d3LEO E SEU USO COMO LARVICIDA | Anna Eliza Maciel, Caio Pinho Fernandes, Jos\u00e9 Carlos Tavares Carvalho<\/strong><\/p>\n<p><strong>4. BR 10 2017 011935 1 | NANOPART\u00cdCULAS DE \u00c1CIDO ANAC\u00c1RDICO EXTRA\u00cdDO DO\u00a0CAJU E SEU USO COMO AGENTE BACTERICIDA E LARVICIDA |\u00a0Francisco F\u00e1bio Oliveira de Sousa, Jennifer Thayanne Cavalcante de Ara\u00fajo<\/strong><\/p>\n<p><strong>5. BR 20 2017 020482 6\u00a0|\u00a0DESPOLPADEIRA FOTOVOLTAICA DE A\u00c7A\u00cd | Alaan Ubaiara Brito, Allana Trajano Feij\u00e3o, Anita Maria das Gra\u00e7as Almeida<\/strong><\/p>\n<p><strong>6.\u00a0BR 10 2017 007451 0 |\u00a0PROCESSO TECNOL\u00d3GICO PARA OBTEN\u00c7\u00c3O DE COMPRIMIDOS CONTENDO EXTRATO ETAN\u00d3LICO (PADRONIZADO) DO FRUTO DE EUTERPE OLERACEA MART. (A\u00c7AI), SUA APLICA\u00c7\u00c3O COMO ANTIOXIDANTE | Heitor Ribeiro da Silva, Jos\u00e9 Carlos Tavares Carvalho<\/strong><\/p>\n<p>2018<\/p>\n<p><strong>7. BR 20 2018 000073 5 |\u00a0M\u00c1QUINA DE PASSAR ROUPA AUTOMATIZADA | Aksel Santos Campos<\/strong><\/p>\n<p><strong>8.\u00a0BR 10 2018 002442 6 |\u00a0REPELENTE \u00c0 BASE DO \u00d3LEO-RESINA DE COPAIFERA RETICULATA | Madson Ralide Fonseca Gomes, Let\u00edcia de Oliveira Machado<\/strong><\/p>\n<p><strong>9. BR 10 2018 013490 6\u00a0| Nanopart\u00edculas polim\u00e9ricas de digluconato de clorexidina |\u00a0Francisco F\u00e1bio Oliveira de Sousa, Jennifer Thayanne Cavalcante de Ara\u00fajo<\/strong><\/p>\n<p>Atualizado em 29\/06\/2018<\/p>\n<p>&nbsp;<\/p>\n<p>&nbsp;<\/p>\n<p>&nbsp;<\/p>\n","protected":false},"excerpt":{"rendered":"<p>2016 1. BR 10 2016 021728 8 |\u00a0DISPOSITIVO PARA PROGRAMA\u00c7\u00c3O DE CONTROLADORES E SEU USO EM CONVERSORES DE FREQU\u00caNCIA | Geraldo Neves de Albuquerque Maranh\u00e3o, Alaan Ubaiara Brito, Salatiel Guimar\u00e3es J\u00fanior, Andreza Fernandes da Costa 2017 2. BR 10 2017 001073 2 |\u00a0SOLU\u00c7\u00c3O CORANTE COM EXTRATO ETAN\u00d3LICO PADRONIZADO DE BIXA ORELLANA L. (URUCUM) (SC-EEPU), SUA&#8230;<\/p>\n","protected":false},"author":168,"featured_media":0,"parent":27,"menu_order":6,"comment_status":"open","ping_status":"closed","template":"","meta":{"inline_featured_image":false,"ngg_post_thumbnail":0,"footnotes":""},"class_list":["post-379","page","type-page","status-publish","hentry","entry"],"_links":{"self":[{"href":"http:\/\/www2.unifap.br\/nitt\/wp-json\/wp\/v2\/pages\/379","targetHints":{"allow":["GET"]}}],"collection":[{"href":"http:\/\/www2.unifap.br\/nitt\/wp-json\/wp\/v2\/pages"}],"about":[{"href":"http:\/\/www2.unifap.br\/nitt\/wp-json\/wp\/v2\/types\/page"}],"author":[{"embeddable":true,"href":"http:\/\/www2.unifap.br\/nitt\/wp-json\/wp\/v2\/users\/168"}],"replies":[{"embeddable":true,"href":"http:\/\/www2.unifap.br\/nitt\/wp-json\/wp\/v2\/comments?post=379"}],"version-history":[{"count":11,"href":"http:\/\/www2.unifap.br\/nitt\/wp-json\/wp\/v2\/pages\/379\/revisions"}],"predecessor-version":[{"id":501,"href":"http:\/\/www2.unifap.br\/nitt\/wp-json\/wp\/v2\/pages\/379\/revisions\/501"}],"up":[{"embeddable":true,"href":"http:\/\/www2.unifap.br\/nitt\/wp-json\/wp\/v2\/pages\/27"}],"wp:attachment":[{"href":"http:\/\/www2.unifap.br\/nitt\/wp-json\/wp\/v2\/media?parent=379"}],"curies":[{"name":"wp","href":"https:\/\/api.w.org\/{rel}","templated":true}]}}