{"id":1384,"date":"2014-11-27T09:43:53","date_gmt":"2014-11-27T12:43:53","guid":{"rendered":"http:\/\/www2.unifap.br\/nti\/?page_id=1384"},"modified":"2018-01-22T09:49:24","modified_gmt":"2018-01-22T12:49:24","slug":"pdti","status":"publish","type":"page","link":"http:\/\/www2.unifap.br\/nti\/documentos\/pdti\/","title":{"rendered":"PDTI 2016-2020"},"content":{"rendered":"<p dir=\"ltr\" style=\"text-align: justify;\"><a href=\"http:\/\/www2.unifap.br\/nti\/files\/2014\/11\/CKr68ocWIAAH6pA.jpg\"><img fetchpriority=\"high\" decoding=\"async\" class=\"alignright size-full wp-image-2742\" alt=\"CKr68ocWIAAH6pA\" src=\"http:\/\/www2.unifap.br\/nti\/files\/2014\/11\/CKr68ocWIAAH6pA.jpg\" width=\"277\" height=\"285\" \/><\/a>O Plano Diretor de Tecnologia da Informa\u00e7\u00e3o \u2013 PDTI \u00e9 um instrumento de diagn\u00f3stico, planejamento e gest\u00e3o dos recursos e processos de Tecnologia da Informa\u00e7\u00e3o, com vistas a orientar o atendimento de necessidades tecnol\u00f3gicas e de informa\u00e7\u00e3o da Universidade Federal do Amap\u00e1 &#8211; UNIFAP.<\/p>\n<p dir=\"ltr\" style=\"text-align: justify;\">O PDTI cont\u00e9m as necessidades de informa\u00e7\u00e3o e solu\u00e7\u00f5es para os servi\u00e7os de TI, as metas a serem alcan\u00e7adas, as a\u00e7\u00f5es a serem desenvolvidas, os indicadores de monitoramento e os prazos de implementa\u00e7\u00e3o.<\/p>\n<p dir=\"ltr\" style=\"text-align: justify;\">A atual vers\u00e3o do PDTI foi elaborada em 2015, aprovada e publicada em 2016, e estabelece diretrizes para um per\u00edodo de 5 anos (2016-2020).<\/p>\n<p dir=\"ltr\" style=\"text-align: justify;\">Anualmente o PDTI \u00e9 atualizado para manter o documento din\u00e2mico e interativo, adaptando-se \u00e0s poss\u00edveis mudan\u00e7as de cen\u00e1rios e as novas necessidades.\u00a0Em 2017 foi inclu\u00eddo ao PDTI a Gest\u00e3o de Riscos, muitas necessidades de TI foram atualizadas e outras inclu\u00eddas.<\/p>\n<p>Confira o documento abaixo na sua vers\u00e3o mais atualizada:<\/p>\n<p><strong><a href=\"http:\/\/www2.unifap.br\/nti\/files\/2014\/11\/PDTI-v8.pdf\">PDTI 2016 \u2013 2020 (Plano Diretor de Tecnologia da Informa\u00e7\u00e3o) &#8211; Vers\u00e3o 8.0 <\/a><\/strong><\/p>\n<p>&nbsp;<\/p>\n<p>Documentos adicionais:<\/p>\n<p><a href=\"http:\/\/www2.unifap.br\/nti\/files\/2014\/11\/parte-9-ata.pdf\">ATA n\u00ba 002\/2017 Reuni\u00e3o CGTI &#8211; Ata de Aprova\u00e7\u00e3o de Novas Necessidades do PDTI 2016-2020<\/a><\/p>\n<p><a href=\"http:\/\/www2.unifap.br\/nti\/files\/2014\/11\/Ata-001.2017-CGTI.pdf\">ATA n\u00ba 001\/2017 Reuni\u00e3o CGTI &#8211; Ata de Aprova\u00e7\u00e3o da atualiza\u00e7\u00e3o do PDTI 2016-2020<\/a><\/p>\n<p><a href=\"http:\/\/www2.unifap.br\/nti\/files\/2014\/11\/Ata-015-2015-NTI-Reuni\u00e3o-Aprova\u00e7\u00e3o-PDTI.pdf\">ATA n\u00ba 015\/2015 Reuni\u00e3o CGTI &#8211; Ata de Aprova\u00e7\u00e3o PDTI 2016-2020<\/a><\/p>\n<p><a href=\"http:\/\/www2.unifap.br\/nti\/files\/2014\/11\/portaria_pdf_6587.pdf\">Portaria n\u00ba 1010\/2015 &#8211; Comiss\u00e3o de Elabora\u00e7\u00e3o do PDTI<\/a><\/p>\n<p><a href=\"http:\/\/www2.unifap.br\/nti\/files\/2014\/11\/Question\u00e1rio-Geral-Respostas.pdf\">Respostas Formul\u00e1rio PDTI 2015-2019 (Geral)<\/a><\/p>\n<p><a href=\"http:\/\/www2.unifap.br\/nti\/files\/2014\/11\/Auto-Avalia\u00e7\u00e3o-Respostas.pdf\">Respostas Formul\u00e1rio PDTI 2015-2019 (Auto-Avalia\u00e7\u00e3o de TI)<\/a><\/p>\n<p>&nbsp;<\/p>\n","protected":false},"excerpt":{"rendered":"<p>O Plano Diretor de Tecnologia da Informa\u00e7\u00e3o \u2013 PDTI \u00e9 um instrumento de diagn\u00f3stico, planejamento e gest\u00e3o dos recursos e processos de Tecnologia da Informa\u00e7\u00e3o, com vistas a orientar o atendimento de necessidades tecnol\u00f3gicas e de informa\u00e7\u00e3o da Universidade Federal do Amap\u00e1 &#8211; UNIFAP. O PDTI cont\u00e9m as necessidades de informa\u00e7\u00e3o e solu\u00e7\u00f5es para os&#8230;<\/p>\n","protected":false},"author":167,"featured_media":0,"parent":1002,"menu_order":2,"comment_status":"closed","ping_status":"closed","template":"","meta":{"inline_featured_image":false,"ngg_post_thumbnail":0,"footnotes":""},"class_list":["post-1384","page","type-page","status-publish","hentry","entry"],"_links":{"self":[{"href":"http:\/\/www2.unifap.br\/nti\/wp-json\/wp\/v2\/pages\/1384","targetHints":{"allow":["GET"]}}],"collection":[{"href":"http:\/\/www2.unifap.br\/nti\/wp-json\/wp\/v2\/pages"}],"about":[{"href":"http:\/\/www2.unifap.br\/nti\/wp-json\/wp\/v2\/types\/page"}],"author":[{"embeddable":true,"href":"http:\/\/www2.unifap.br\/nti\/wp-json\/wp\/v2\/users\/167"}],"replies":[{"embeddable":true,"href":"http:\/\/www2.unifap.br\/nti\/wp-json\/wp\/v2\/comments?post=1384"}],"version-history":[{"count":19,"href":"http:\/\/www2.unifap.br\/nti\/wp-json\/wp\/v2\/pages\/1384\/revisions"}],"predecessor-version":[{"id":2942,"href":"http:\/\/www2.unifap.br\/nti\/wp-json\/wp\/v2\/pages\/1384\/revisions\/2942"}],"up":[{"embeddable":true,"href":"http:\/\/www2.unifap.br\/nti\/wp-json\/wp\/v2\/pages\/1002"}],"wp:attachment":[{"href":"http:\/\/www2.unifap.br\/nti\/wp-json\/wp\/v2\/media?parent=1384"}],"curies":[{"name":"wp","href":"https:\/\/api.w.org\/{rel}","templated":true}]}}