{"id":151,"date":"2012-04-20T05:21:14","date_gmt":"2012-04-20T08:21:14","guid":{"rendered":"http:\/\/www2.unifap.br\/dinfo\/?page_id=151"},"modified":"2016-06-21T16:54:19","modified_gmt":"2016-06-21T19:54:19","slug":"secretaria-administrativa","status":"publish","type":"page","link":"http:\/\/www2.unifap.br\/nti\/estrutura-organizacional\/secretaria-administrativa\/","title":{"rendered":"Assessoria da Dire\u00e7\u00e3o do NTI"},"content":{"rendered":"<address style=\"text-align: center;\"><em>\u00a0<\/em><\/address>\n<p><strong>Compete a Assessoria do NTI:<\/strong><\/p>\n<ul>\n<li>Acompanhar o planejamento, tr\u00e2mite e execu\u00e7\u00e3o de compras e licita\u00e7\u00f5es relacionadas ao NTI.<\/li>\n<li>Gerenciar e acompanhar os contratos relativos \u00e0 bens e servi\u00e7os vigentes de TI ou que estiverem sobre gest\u00e3o do NTI;<\/li>\n<li>Gerenciar e receber o plano de capacita\u00e7\u00e3o dos servidores efetivos do NTI;<\/li>\n<li>Coordenar o gerenciamento de projetos realizados pelas unidades do NTI;<\/li>\n<li>Subsidiar cria\u00e7\u00e3o e acompanhamento de indicadores de servi\u00e7os e aquisi\u00e7\u00f5es relacionados a \u00e1rea de TI;<\/li>\n<li>Participar na tomada de decis\u00f5es t\u00e9cnicas e administrativas das unidades do N\u00facleo;<\/li>\n<li>Assessorar a dire\u00e7\u00e3o nos assuntos inerentes a \u00e1rea de atua\u00e7\u00e3o;<\/li>\n<li>Subsidiar a elabora\u00e7\u00e3o de despachos, pareceres e demais documentos a serem expedidos pela dire\u00e7\u00e3o;<\/li>\n<li>Promover, coordenar e controlar as a\u00e7\u00f5es e recursos necess\u00e1rios \u00e0 execu\u00e7\u00e3o das atribui\u00e7\u00f5es da unidade;<\/li>\n<li>Observar e orientar o cumprimento de metas e prioridades, em conformidade com orienta\u00e7\u00e3o superior e com as estrat\u00e9gias do NTI;<\/li>\n<li>Elaborar atas e documentos relativos ao NTI;<\/li>\n<li>Exercer, no que couber, as atribui\u00e7\u00f5es comuns aos titulares de unidade;<\/li>\n<li>Subsidiar o cumprimento das Resolu\u00e7\u00f5es, Normas, Regulamentos e Instru\u00e7\u00f5es Normativas em vigor inerentes a \u00e1rea de atua\u00e7\u00e3o;<\/li>\n<\/ul>\n","protected":false},"excerpt":{"rendered":"<p>\u00a0 Compete a Assessoria do NTI: Acompanhar o planejamento, tr\u00e2mite e execu\u00e7\u00e3o de compras e licita\u00e7\u00f5es relacionadas ao NTI. Gerenciar e acompanhar os contratos relativos \u00e0 bens e servi\u00e7os vigentes de TI ou que estiverem sobre gest\u00e3o do NTI; Gerenciar e receber o plano de capacita\u00e7\u00e3o dos servidores efetivos do NTI; Coordenar o gerenciamento de&#8230;<\/p>\n","protected":false},"author":1,"featured_media":0,"parent":140,"menu_order":3,"comment_status":"closed","ping_status":"closed","template":"","meta":{"inline_featured_image":false,"ngg_post_thumbnail":0,"footnotes":""},"class_list":["post-151","page","type-page","status-publish","hentry","entry"],"_links":{"self":[{"href":"http:\/\/www2.unifap.br\/nti\/wp-json\/wp\/v2\/pages\/151","targetHints":{"allow":["GET"]}}],"collection":[{"href":"http:\/\/www2.unifap.br\/nti\/wp-json\/wp\/v2\/pages"}],"about":[{"href":"http:\/\/www2.unifap.br\/nti\/wp-json\/wp\/v2\/types\/page"}],"author":[{"embeddable":true,"href":"http:\/\/www2.unifap.br\/nti\/wp-json\/wp\/v2\/users\/1"}],"replies":[{"embeddable":true,"href":"http:\/\/www2.unifap.br\/nti\/wp-json\/wp\/v2\/comments?post=151"}],"version-history":[{"count":13,"href":"http:\/\/www2.unifap.br\/nti\/wp-json\/wp\/v2\/pages\/151\/revisions"}],"predecessor-version":[{"id":2140,"href":"http:\/\/www2.unifap.br\/nti\/wp-json\/wp\/v2\/pages\/151\/revisions\/2140"}],"up":[{"embeddable":true,"href":"http:\/\/www2.unifap.br\/nti\/wp-json\/wp\/v2\/pages\/140"}],"wp:attachment":[{"href":"http:\/\/www2.unifap.br\/nti\/wp-json\/wp\/v2\/media?parent=151"}],"curies":[{"name":"wp","href":"https:\/\/api.w.org\/{rel}","templated":true}]}}