{"id":1723,"date":"2015-09-03T15:27:12","date_gmt":"2015-09-03T18:27:12","guid":{"rendered":"http:\/\/www2.unifap.br\/nti\/?page_id=1723"},"modified":"2018-01-23T12:34:38","modified_gmt":"2018-01-23T15:34:38","slug":"direcao","status":"publish","type":"page","link":"http:\/\/www2.unifap.br\/nti\/documentos\/pops\/direcao\/","title":{"rendered":"POP&#8217;s Assessoria do NTI"},"content":{"rendered":"<p><a href=\"http:\/\/www2.unifap.br\/nti\/files\/2015\/09\/CONTRATA\u00c7\u00c3O-DE-SOLU\u00c7\u00d5ES-DE-TI-Atualizado.pdf\">1. POP CONTRATA\u00c7\u00c3O DE SOLU\u00c7\u00d5ES DE TECNOLOGIA DA INFORMA\u00c7\u00c3O<\/a><\/p>\n<p><a href=\"http:\/\/www2.unifap.br\/nti\/files\/2015\/09\/02-ATENDIMENTO-AO-USU\u00c1RIO.pdf\">2. POP ATENDIMENTO AO USU\u00c1RIO<\/a><\/p>\n<p><a href=\"http:\/\/www2.unifap.br\/nti\/files\/2015\/09\/Cria\u00e7\u00e3o-de-P\u00e1ginas-Wordpress1.pdf\">3. POP CRIA\u00c7\u00c3O DE SITES INTERNOS<\/a><\/p>\n<p>&nbsp;<\/p>\n","protected":false},"excerpt":{"rendered":"<p>1. POP CONTRATA\u00c7\u00c3O DE SOLU\u00c7\u00d5ES DE TECNOLOGIA DA INFORMA\u00c7\u00c3O 2. POP ATENDIMENTO AO USU\u00c1RIO 3. POP CRIA\u00c7\u00c3O DE SITES INTERNOS &nbsp;<\/p>\n","protected":false},"author":167,"featured_media":0,"parent":1718,"menu_order":1,"comment_status":"closed","ping_status":"closed","template":"","meta":{"inline_featured_image":false,"ngg_post_thumbnail":0,"footnotes":""},"class_list":["post-1723","page","type-page","status-publish","hentry","entry"],"_links":{"self":[{"href":"http:\/\/www2.unifap.br\/nti\/wp-json\/wp\/v2\/pages\/1723","targetHints":{"allow":["GET"]}}],"collection":[{"href":"http:\/\/www2.unifap.br\/nti\/wp-json\/wp\/v2\/pages"}],"about":[{"href":"http:\/\/www2.unifap.br\/nti\/wp-json\/wp\/v2\/types\/page"}],"author":[{"embeddable":true,"href":"http:\/\/www2.unifap.br\/nti\/wp-json\/wp\/v2\/users\/167"}],"replies":[{"embeddable":true,"href":"http:\/\/www2.unifap.br\/nti\/wp-json\/wp\/v2\/comments?post=1723"}],"version-history":[{"count":12,"href":"http:\/\/www2.unifap.br\/nti\/wp-json\/wp\/v2\/pages\/1723\/revisions"}],"predecessor-version":[{"id":2949,"href":"http:\/\/www2.unifap.br\/nti\/wp-json\/wp\/v2\/pages\/1723\/revisions\/2949"}],"up":[{"embeddable":true,"href":"http:\/\/www2.unifap.br\/nti\/wp-json\/wp\/v2\/pages\/1718"}],"wp:attachment":[{"href":"http:\/\/www2.unifap.br\/nti\/wp-json\/wp\/v2\/media?parent=1723"}],"curies":[{"name":"wp","href":"https:\/\/api.w.org\/{rel}","templated":true}]}}