{"id":1725,"date":"2015-09-03T15:29:27","date_gmt":"2015-09-03T18:29:27","guid":{"rendered":"http:\/\/www2.unifap.br\/nti\/?page_id=1725"},"modified":"2016-01-05T17:18:17","modified_gmt":"2016-01-05T20:18:17","slug":"dms","status":"publish","type":"page","link":"http:\/\/www2.unifap.br\/nti\/documentos\/pops\/dms\/","title":{"rendered":"POP&#8217;s Divis\u00e3o de Manuten\u00e7\u00e3o e Suporte"},"content":{"rendered":"<p><a href=\"http:\/\/www2.unifap.br\/nti\/files\/2015\/09\/1.-POP-DESFAZIMENTO-DE-EQUIPAMENTOS-DE-TECNOLOGIA-DA-INFORMA\u00c7\u00c3O1.pdf\">1. POP DESFAZIMENTO DE EQUIPAMENTOS DE TECNOLOGIA DA INFORMA\u00c7\u00c3O<\/a><\/p>\n<p><a href=\"http:\/\/www2.unifap.br\/nti\/files\/2015\/09\/2.-POP-SUPORTE-AO-USU\u00c1RIO-REALIZADO-PELA-DIVIS\u00c3O-DE-MANUTEN\u00c7\u00c3O-E-SUPORTE1.pdf\">2. POP SUPORTE AO USU\u00c1RIO REALIZADO PELA DIVIS\u00c3O DE MANUTEN\u00c7\u00c3O E SUPORTE<\/a><\/p>\n<p><a href=\"http:\/\/www2.unifap.br\/nti\/files\/2015\/09\/3.-POP-PROGRAMA-INSTITUCIONAL-DE-RETORNO-DE-SUPRIMENTOS-DE-IMPRESS\u00c3O.pdf\">3. POP PROGRAMA INSTITUCIONAL DE RETORNO DE SUPRIMENTOS DE IMPRESS\u00c3O<\/a><\/p>\n<p><a href=\"http:\/\/www2.unifap.br\/nti\/files\/2015\/09\/4.-POP-PER\u00cdCIA-DE-EQUIPAMENTOS-DE-TI-ADQUIRIDOS-PELA-UNIFAP.pdf\">4. POP PER\u00cdCIA DE EQUIPAMENTOS DE TI ADQUIRIDOS PELA UNIFAP<\/a><\/p>\n","protected":false},"excerpt":{"rendered":"<p>1. POP DESFAZIMENTO DE EQUIPAMENTOS DE TECNOLOGIA DA INFORMA\u00c7\u00c3O 2. POP SUPORTE AO USU\u00c1RIO REALIZADO PELA DIVIS\u00c3O DE MANUTEN\u00c7\u00c3O E SUPORTE 3. POP PROGRAMA INSTITUCIONAL DE RETORNO DE SUPRIMENTOS DE IMPRESS\u00c3O 4. POP PER\u00cdCIA DE EQUIPAMENTOS DE TI ADQUIRIDOS PELA UNIFAP<\/p>\n","protected":false},"author":167,"featured_media":0,"parent":1718,"menu_order":2,"comment_status":"closed","ping_status":"closed","template":"","meta":{"inline_featured_image":false,"ngg_post_thumbnail":0,"footnotes":""},"class_list":["post-1725","page","type-page","status-publish","hentry","entry"],"_links":{"self":[{"href":"http:\/\/www2.unifap.br\/nti\/wp-json\/wp\/v2\/pages\/1725","targetHints":{"allow":["GET"]}}],"collection":[{"href":"http:\/\/www2.unifap.br\/nti\/wp-json\/wp\/v2\/pages"}],"about":[{"href":"http:\/\/www2.unifap.br\/nti\/wp-json\/wp\/v2\/types\/page"}],"author":[{"embeddable":true,"href":"http:\/\/www2.unifap.br\/nti\/wp-json\/wp\/v2\/users\/167"}],"replies":[{"embeddable":true,"href":"http:\/\/www2.unifap.br\/nti\/wp-json\/wp\/v2\/comments?post=1725"}],"version-history":[{"count":8,"href":"http:\/\/www2.unifap.br\/nti\/wp-json\/wp\/v2\/pages\/1725\/revisions"}],"predecessor-version":[{"id":1909,"href":"http:\/\/www2.unifap.br\/nti\/wp-json\/wp\/v2\/pages\/1725\/revisions\/1909"}],"up":[{"embeddable":true,"href":"http:\/\/www2.unifap.br\/nti\/wp-json\/wp\/v2\/pages\/1718"}],"wp:attachment":[{"href":"http:\/\/www2.unifap.br\/nti\/wp-json\/wp\/v2\/media?parent=1725"}],"curies":[{"name":"wp","href":"https:\/\/api.w.org\/{rel}","templated":true}]}}