{"id":1729,"date":"2015-09-03T15:30:54","date_gmt":"2015-09-03T18:30:54","guid":{"rendered":"http:\/\/www2.unifap.br\/nti\/?page_id=1729"},"modified":"2016-06-30T15:05:42","modified_gmt":"2016-06-30T18:05:42","slug":"dds","status":"publish","type":"page","link":"http:\/\/www2.unifap.br\/nti\/documentos\/pops\/dds\/","title":{"rendered":"POP&#8217;s Divis\u00e3o de Sistemas"},"content":{"rendered":"<p><a href=\"http:\/\/www2.unifap.br\/nti\/files\/2015\/09\/1.-POP-PROCESSO-DE-LEVANTAMENTO-DE-REQUISITOS-E-DESENVOLVIMENTO-DE-SOFTWARE1.pdf\">1. POP PROCESSO DE LEVANTAMENTO DE REQUISITOS E DESENVOLVIMENTO DE SOFTWARE<\/a><\/p>\n<p><a href=\"http:\/\/www2.unifap.br\/nti\/files\/2015\/09\/2.-POP-PROCESSO-DE-AJUSTES-DOS-M\u00d3DULOS-EM-PRODU\u00c7\u00c3O1.pdf\">2. POP PROCESSO DE AJUSTES DOS M\u00d3DULOS EM PRODU\u00c7\u00c3O<\/a><\/p>\n<p><a href=\"http:\/\/www2.unifap.br\/nti\/files\/2015\/09\/3.-POP-PROCESSO-DE-SOLICITA\u00c7\u00c3O-DE-RELAT\u00d3RIOS-PELO-BANCO-DE-DADOS1.pdf\">3. POP PROCESSO DE SOLICITA\u00c7\u00c3O DE RELAT\u00d3RIOS PELO BANCO DE DADOS<\/a><\/p>\n","protected":false},"excerpt":{"rendered":"<p>1. POP PROCESSO DE LEVANTAMENTO DE REQUISITOS E DESENVOLVIMENTO DE SOFTWARE 2. POP PROCESSO DE AJUSTES DOS M\u00d3DULOS EM PRODU\u00c7\u00c3O 3. POP PROCESSO DE SOLICITA\u00c7\u00c3O DE RELAT\u00d3RIOS PELO BANCO DE DADOS<\/p>\n","protected":false},"author":167,"featured_media":0,"parent":1718,"menu_order":4,"comment_status":"closed","ping_status":"closed","template":"","meta":{"inline_featured_image":false,"ngg_post_thumbnail":0,"footnotes":""},"class_list":["post-1729","page","type-page","status-publish","hentry","entry"],"_links":{"self":[{"href":"http:\/\/www2.unifap.br\/nti\/wp-json\/wp\/v2\/pages\/1729","targetHints":{"allow":["GET"]}}],"collection":[{"href":"http:\/\/www2.unifap.br\/nti\/wp-json\/wp\/v2\/pages"}],"about":[{"href":"http:\/\/www2.unifap.br\/nti\/wp-json\/wp\/v2\/types\/page"}],"author":[{"embeddable":true,"href":"http:\/\/www2.unifap.br\/nti\/wp-json\/wp\/v2\/users\/167"}],"replies":[{"embeddable":true,"href":"http:\/\/www2.unifap.br\/nti\/wp-json\/wp\/v2\/comments?post=1729"}],"version-history":[{"count":8,"href":"http:\/\/www2.unifap.br\/nti\/wp-json\/wp\/v2\/pages\/1729\/revisions"}],"predecessor-version":[{"id":2168,"href":"http:\/\/www2.unifap.br\/nti\/wp-json\/wp\/v2\/pages\/1729\/revisions\/2168"}],"up":[{"embeddable":true,"href":"http:\/\/www2.unifap.br\/nti\/wp-json\/wp\/v2\/pages\/1718"}],"wp:attachment":[{"href":"http:\/\/www2.unifap.br\/nti\/wp-json\/wp\/v2\/media?parent=1729"}],"curies":[{"name":"wp","href":"https:\/\/api.w.org\/{rel}","templated":true}]}}