{"id":1962,"date":"2016-04-07T11:24:19","date_gmt":"2016-04-07T14:24:19","guid":{"rendered":"http:\/\/www2.unifap.br\/nti\/?page_id=1962"},"modified":"2020-10-17T10:59:33","modified_gmt":"2020-10-17T13:59:33","slug":"atendimento","status":"publish","type":"page","link":"http:\/\/www2.unifap.br\/nti\/atendimento\/","title":{"rendered":"Atendimento"},"content":{"rendered":"\t\t<div data-elementor-type=\"wp-page\" data-elementor-id=\"1962\" class=\"elementor elementor-1962\">\n\t\t\t\t\t\t<section class=\"elementor-section elementor-top-section elementor-element elementor-element-78141450 elementor-section-boxed elementor-section-height-default elementor-section-height-default\" data-id=\"78141450\" data-element_type=\"section\" data-e-type=\"section\">\n\t\t\t\t\t\t<div class=\"elementor-container elementor-column-gap-default\">\n\t\t\t\t\t<div class=\"elementor-column elementor-col-100 elementor-top-column elementor-element elementor-element-694784dc\" data-id=\"694784dc\" data-element_type=\"column\" data-e-type=\"column\">\n\t\t\t<div class=\"elementor-widget-wrap elementor-element-populated\">\n\t\t\t\t\t\t<div class=\"elementor-element elementor-element-672d4d0a elementor-widget elementor-widget-text-editor\" data-id=\"672d4d0a\" data-element_type=\"widget\" data-e-type=\"widget\" data-widget_type=\"text-editor.default\">\n\t\t\t\t<div class=\"elementor-widget-container\">\n\t\t\t\t\t\t\t\t\t<h2>Para Suporte, D\u00favidas e Informa\u00e7\u00f5es utilize os seguintes Canais de Atendimento:<\/h2><h3><a style=\"font-size: 1.17em; line-height: 1.5em;\">\u00a0<img decoding=\"async\" class=\"size-thumbnail wp-image-1971 alignnone\" src=\"http:\/\/www2.unifap.br\/nti\/files\/2016\/04\/sigu.jpg\" alt=\"whatsapp-logo-icone\" width=\"35\" height=\"35\" \/><\/a><span style=\"font-size: 1.17em; line-height: 1.5em;\">\u00a0<\/span><a href=\"http:\/\/sigu.unifap.br\/instance\/sigu\/titan.php?target=body&amp;toSection=administrativo.chamados&amp;toAction=create&amp;itemId=0\" target=\"_blank\" rel=\"noopener\"><span style=\"font-size: 1.17em; line-height: 1.5em;\">M\u00f3dulo de Chamados SIGU (clique aqui)<\/span><\/a><\/h3><h3><a style=\"font-size: 1.17em; line-height: 1.5em;\"><img decoding=\"async\" class=\"size-thumbnail wp-image-1971 alignnone\" src=\"http:\/\/www2.unifap.br\/nti\/files\/2016\/04\/logo-facebook.png\" alt=\"whatsapp-logo-icone\" width=\"40\" height=\"40\" \/><\/a><span style=\"font-size: 1.17em; line-height: 1.5em;\">\u00a0<\/span><span style=\"font-size: 1.17em; line-height: 1.5em;\">Facebook: <a href=\"http:\/\/www.facebook.com\/ntiunifap\" target=\"_blank\" rel=\"noopener\">\/ntiunifap<\/a><\/span><\/h3><h3><a style=\"font-size: 1.17em; line-height: 1.5em;\"><img decoding=\"async\" class=\"size-thumbnail wp-image-1971 alignnone\" src=\"http:\/\/www2.unifap.br\/nti\/files\/2016\/04\/whatsapp-logo-icone-150x150.png\" alt=\"whatsapp-logo-icone\" width=\"40\" height=\"40\" srcset=\"http:\/\/www2.unifap.br\/nti\/files\/2016\/04\/whatsapp-logo-icone-150x150.png 150w, http:\/\/www2.unifap.br\/nti\/files\/2016\/04\/whatsapp-logo-icone-293x300.png 293w, http:\/\/www2.unifap.br\/nti\/files\/2016\/04\/whatsapp-logo-icone-1000x1024.png 1000w, http:\/\/www2.unifap.br\/nti\/files\/2016\/04\/whatsapp-logo-icone-70x70.png 70w, http:\/\/www2.unifap.br\/nti\/files\/2016\/04\/whatsapp-logo-icone.png 1527w\" sizes=\"(max-width: 40px) 100vw, 40px\" \/><\/a><span style=\"font-size: 1.17em; line-height: 1.5em;\">\u00a0<\/span><span style=\"font-size: 1.17em; line-height: 1.5em;\">WhatsApp: (96) 99933-3908<\/span><\/h3><h3><a style=\"font-size: 1.17em; line-height: 1.5em;\">\u00a0<img loading=\"lazy\" decoding=\"async\" class=\"size-thumbnail wp-image-1971 alignnone\" src=\"http:\/\/www2.unifap.br\/nti\/files\/2016\/04\/t_logo.png\" alt=\"whatsapp-logo-icone\" width=\"33\" height=\"33\" \/><\/a><span style=\"font-size: 1.17em; line-height: 1.5em;\">\u00a0<\/span><span style=\"font-size: 1.17em; line-height: 1.5em;\">Telegram: (96) 99933-3908<\/span><\/h3><h3><a style=\"font-size: 1.17em; line-height: 1.5em;\">\u00a0<img loading=\"lazy\" decoding=\"async\" class=\"size-thumbnail wp-image-1971 alignnone\" src=\"http:\/\/www2.unifap.br\/nti\/files\/2016\/04\/email-icon.png\" alt=\"whatsapp-logo-icone\" width=\"33\" height=\"33\" \/><\/a><span style=\"font-size: 1.17em; line-height: 1.5em;\">\u00a0<\/span><span style=\"font-size: 1.17em; line-height: 1.5em;\">E-mail: <a href=\"mailto:dms@unifap.br\">dms@unifap.br<\/a><\/span><\/h3><h3><a style=\"font-size: 1.17em; line-height: 1.5em;\">\u00a0<img loading=\"lazy\" decoding=\"async\" class=\"size-thumbnail wp-image-1971 alignnone\" src=\"http:\/\/www2.unifap.br\/nti\/files\/2016\/04\/fone_logo.gif\" alt=\"whatsapp-logo-icone\" width=\"33\" height=\"33\" \/><\/a><span style=\"font-size: 1.17em; line-height: 1.5em;\">\u00a0<\/span><span style=\"font-size: 1.17em; line-height: 1.5em;\">Telefone: (96) 3312-1733<\/span><\/h3><h3><a style=\"font-size: 1.17em; line-height: 1.5em;\"><img loading=\"lazy\" decoding=\"async\" class=\"size-thumbnail wp-image-1971 alignnone\" src=\"http:\/\/www2.unifap.br\/nti\/files\/2016\/04\/RAc.png\" alt=\"whatsapp-logo-icone\" width=\"40\" height=\"40\" \/><\/a><span style=\"font-size: 1.17em; line-height: 1.5em;\">\u00a0<\/span><a href=\"https:\/\/suportenti.unifap.br\/\" target=\"_blank\" rel=\"noopener\"><span style=\"font-size: 1.17em; line-height: 1.5em;\">Formul\u00e1rio de Atendimento (clique aqui)<\/span><\/a><\/h3>\t\t\t\t\t\t\t\t<\/div>\n\t\t\t\t<\/div>\n\t\t\t\t\t<\/div>\n\t\t<\/div>\n\t\t\t\t\t<\/div>\n\t\t<\/section>\n\t\t\t\t<\/div>\n\t\t","protected":false},"excerpt":{"rendered":"<p>Para Suporte, D\u00favidas e Informa\u00e7\u00f5es utilize os seguintes Canais de Atendimento: \u00a0\u00a0M\u00f3dulo de Chamados SIGU (clique aqui) \u00a0Facebook: \/ntiunifap \u00a0WhatsApp: (96) 99933-3908 \u00a0\u00a0Telegram: (96) 99933-3908 \u00a0\u00a0E-mail: dms@unifap.br \u00a0\u00a0Telefone: (96) 3312-1733 \u00a0Formul\u00e1rio de Atendimento (clique aqui)<\/p>\n","protected":false},"author":1,"featured_media":0,"parent":0,"menu_order":0,"comment_status":"closed","ping_status":"closed","template":"","meta":{"inline_featured_image":false,"ngg_post_thumbnail":0,"footnotes":""},"class_list":["post-1962","page","type-page","status-publish","hentry","entry"],"_links":{"self":[{"href":"http:\/\/www2.unifap.br\/nti\/wp-json\/wp\/v2\/pages\/1962","targetHints":{"allow":["GET"]}}],"collection":[{"href":"http:\/\/www2.unifap.br\/nti\/wp-json\/wp\/v2\/pages"}],"about":[{"href":"http:\/\/www2.unifap.br\/nti\/wp-json\/wp\/v2\/types\/page"}],"author":[{"embeddable":true,"href":"http:\/\/www2.unifap.br\/nti\/wp-json\/wp\/v2\/users\/1"}],"replies":[{"embeddable":true,"href":"http:\/\/www2.unifap.br\/nti\/wp-json\/wp\/v2\/comments?post=1962"}],"version-history":[{"count":43,"href":"http:\/\/www2.unifap.br\/nti\/wp-json\/wp\/v2\/pages\/1962\/revisions"}],"predecessor-version":[{"id":3787,"href":"http:\/\/www2.unifap.br\/nti\/wp-json\/wp\/v2\/pages\/1962\/revisions\/3787"}],"wp:attachment":[{"href":"http:\/\/www2.unifap.br\/nti\/wp-json\/wp\/v2\/media?parent=1962"}],"curies":[{"name":"wp","href":"https:\/\/api.w.org\/{rel}","templated":true}]}}