{"id":2301,"date":"2016-10-20T16:43:24","date_gmt":"2016-10-20T19:43:24","guid":{"rendered":"http:\/\/www2.unifap.br\/nti\/?page_id=2301"},"modified":"2019-04-15T17:47:26","modified_gmt":"2019-04-15T20:47:26","slug":"requerimentos","status":"publish","type":"page","link":"http:\/\/www2.unifap.br\/nti\/documentos\/requerimentos\/","title":{"rendered":"Modelos de Requerimentos"},"content":{"rendered":"<p>&nbsp;<\/p>\n<ul>\n<li><strong><a href=\"http:\/\/www2.unifap.br\/nti\/files\/2019\/04\/Formulario_cadastro_de_email-1.docx\">Solicita\u00e7\u00e3o para Cria\u00e7\u00e3o de E-mail Institucional (Unidade Administrativa\/Eventos\/Projetos)<\/a><\/strong><\/li>\n<\/ul>\n<p>&nbsp;<\/p>\n<ul>\n<li><strong><a href=\"http:\/\/www2.unifap.br\/nti\/files\/2016\/10\/DOD.docx\">Documento de Oficializa\u00e7\u00e3o de Demanda &#8211; DOD<\/a><\/strong><\/li>\n<\/ul>\n","protected":false},"excerpt":{"rendered":"<p>&nbsp; Solicita\u00e7\u00e3o para Cria\u00e7\u00e3o de E-mail Institucional (Unidade Administrativa\/Eventos\/Projetos) &nbsp; Documento de Oficializa\u00e7\u00e3o de Demanda &#8211; DOD<\/p>\n","protected":false},"author":167,"featured_media":0,"parent":1002,"menu_order":0,"comment_status":"closed","ping_status":"closed","template":"","meta":{"inline_featured_image":false,"ngg_post_thumbnail":0,"footnotes":""},"class_list":["post-2301","page","type-page","status-publish","hentry","entry"],"_links":{"self":[{"href":"http:\/\/www2.unifap.br\/nti\/wp-json\/wp\/v2\/pages\/2301","targetHints":{"allow":["GET"]}}],"collection":[{"href":"http:\/\/www2.unifap.br\/nti\/wp-json\/wp\/v2\/pages"}],"about":[{"href":"http:\/\/www2.unifap.br\/nti\/wp-json\/wp\/v2\/types\/page"}],"author":[{"embeddable":true,"href":"http:\/\/www2.unifap.br\/nti\/wp-json\/wp\/v2\/users\/167"}],"replies":[{"embeddable":true,"href":"http:\/\/www2.unifap.br\/nti\/wp-json\/wp\/v2\/comments?post=2301"}],"version-history":[{"count":16,"href":"http:\/\/www2.unifap.br\/nti\/wp-json\/wp\/v2\/pages\/2301\/revisions"}],"predecessor-version":[{"id":3620,"href":"http:\/\/www2.unifap.br\/nti\/wp-json\/wp\/v2\/pages\/2301\/revisions\/3620"}],"up":[{"embeddable":true,"href":"http:\/\/www2.unifap.br\/nti\/wp-json\/wp\/v2\/pages\/1002"}],"wp:attachment":[{"href":"http:\/\/www2.unifap.br\/nti\/wp-json\/wp\/v2\/media?parent=2301"}],"curies":[{"name":"wp","href":"https:\/\/api.w.org\/{rel}","templated":true}]}}