{"id":16,"date":"2016-02-01T05:01:58","date_gmt":"2016-02-01T05:01:58","guid":{"rendered":"http:\/\/www2.unifap.br\/oliveira\/?page_id=16"},"modified":"2017-02-03T05:29:26","modified_gmt":"2017-02-03T05:29:26","slug":"disciplinas","status":"publish","type":"page","link":"http:\/\/www2.unifap.br\/oliveira\/disciplinas\/","title":{"rendered":"Disciplinas"},"content":{"rendered":"<ol>\n<li><a href=\"http:\/\/www2.unifap.br\/oliveira\/disciplinas\/programacao-ii\/ \u200e\">Programa\u00e7\u00e3o II<\/a><\/li>\n<li><a href=\"http:\/\/www2.unifap.br\/oliveira\/disciplinas\/programacao-iii\/ \u200e\">Programa\u00e7\u00e3o III<\/a><\/li>\n<li><a href=\"http:\/\/www2.unifap.br\/oliveira\/disciplinas\/redes-de-computadores\/\">Redes de Computadores<\/a><\/li>\n<li><a href=\"http:\/\/www2.unifap.br\/oliveira\/disciplinas\/redes-de-computadores-ii\/ \u200e\">Redes de Computadores II<\/a><\/li>\n<li><a href=\"http:\/\/www2.unifap.br\/oliveira\/disciplinas\/sistemas-operacionais\/\">Sistemas Operacionais<\/a><\/li>\n<li><a href=\"http:\/\/www2.unifap.br\/oliveira\/disciplinas\/sistemas-distribuidos\/\">Sistemas Distribu\u00eddos<\/a><\/li>\n<\/ol>\n","protected":false},"excerpt":{"rendered":"<p>Programa\u00e7\u00e3o II Programa\u00e7\u00e3o III Redes de Computadores Redes de Computadores II Sistemas Operacionais Sistemas Distribu\u00eddos<\/p>\n","protected":false},"author":840,"featured_media":0,"parent":0,"menu_order":0,"comment_status":"open","ping_status":"open","template":"","meta":{"inline_featured_image":false,"ngg_post_thumbnail":0,"footnotes":""},"class_list":["post-16","page","type-page","status-publish","hentry"],"_links":{"self":[{"href":"http:\/\/www2.unifap.br\/oliveira\/wp-json\/wp\/v2\/pages\/16","targetHints":{"allow":["GET"]}}],"collection":[{"href":"http:\/\/www2.unifap.br\/oliveira\/wp-json\/wp\/v2\/pages"}],"about":[{"href":"http:\/\/www2.unifap.br\/oliveira\/wp-json\/wp\/v2\/types\/page"}],"author":[{"embeddable":true,"href":"http:\/\/www2.unifap.br\/oliveira\/wp-json\/wp\/v2\/users\/840"}],"replies":[{"embeddable":true,"href":"http:\/\/www2.unifap.br\/oliveira\/wp-json\/wp\/v2\/comments?post=16"}],"version-history":[{"count":3,"href":"http:\/\/www2.unifap.br\/oliveira\/wp-json\/wp\/v2\/pages\/16\/revisions"}],"predecessor-version":[{"id":84,"href":"http:\/\/www2.unifap.br\/oliveira\/wp-json\/wp\/v2\/pages\/16\/revisions\/84"}],"wp:attachment":[{"href":"http:\/\/www2.unifap.br\/oliveira\/wp-json\/wp\/v2\/media?parent=16"}],"curies":[{"name":"wp","href":"https:\/\/api.w.org\/{rel}","templated":true}]}}