{"id":38,"date":"2016-02-01T06:02:44","date_gmt":"2016-02-01T06:02:44","guid":{"rendered":"http:\/\/www2.unifap.br\/oliveira\/?page_id=38"},"modified":"2023-11-07T10:49:20","modified_gmt":"2023-11-07T10:49:20","slug":"apresentacao","status":"publish","type":"page","link":"http:\/\/www2.unifap.br\/oliveira\/apresentacao\/","title":{"rendered":"Apresenta\u00e7\u00e3o"},"content":{"rendered":"<p><strong>Forma\u00e7\u00e3o:<\/strong><\/p>\n<ul>\n<li>Gradua\u00e7\u00e3o Tecnol\u00f3gica em Redes de Computadores<\/li>\n<li>Especializa\u00e7\u00e3o em Seguran\u00e7a de Redes de Computadores<\/li>\n<li>Mestrado em Computa\u00e7\u00e3o Aplicada<\/li>\n<li>Doutorado em Sistemas Eletroeletr\u00f4nicos (Em andamento)<\/li>\n<\/ul>\n<p><strong>Atividades:<\/strong><\/p>\n<ul>\n<li style=\"list-style-type: none\">\n<ul>\n<li>Professor Adjunto do curso de Ci\u00eancia da Computa\u00e7\u00e3o na Universidade Federal do Amap\u00e1;<\/li>\n<li>Coordenador dos Projetos de Pesquisa:\n<ul>\n<li>\u00a0Modelos de Predi\u00e7\u00e3o de S\u00e9ries Temporais com Foco em Dados de Internet das Coisas (finalizado)<\/li>\n<li>Redu\u00e7\u00e3o de Dados em Aplica\u00e7\u00f5es de Monitoramento com Foco em Efici\u00eancia Energ\u00e9tica (finalizado)<\/li>\n<\/ul>\n<\/li>\n<li>Coordenador do projeto de extens\u00e3o Col\u00f3quios em Ci\u00eancia da Computa\u00e7\u00e3o (finalizado)<\/li>\n<\/ul>\n<\/li>\n<\/ul>\n<p><strong>\u00c1reas de Interesse:<\/strong><\/p>\n<ul>\n<li>Internet das Coisas;<\/li>\n<li>Redes de Sensores Sem Fio;<\/li>\n<li>Ciberseguran\u00e7a;<\/li>\n<li>Controle Supervis\u00f3rio de Sistemas a Eventos Discretos;<\/li>\n<\/ul>\n","protected":false},"excerpt":{"rendered":"<p>Forma\u00e7\u00e3o: Gradua\u00e7\u00e3o Tecnol\u00f3gica em Redes de Computadores Especializa\u00e7\u00e3o em Seguran\u00e7a de Redes de Computadores Mestrado em Computa\u00e7\u00e3o Aplicada Doutorado em Sistemas Eletroeletr\u00f4nicos (Em andamento) Atividades: Professor Adjunto do curso de Ci\u00eancia da Computa\u00e7\u00e3o na Universidade Federal do Amap\u00e1; Coordenador dos&hellip; <\/p>\n<p><a href=\"http:\/\/www2.unifap.br\/oliveira\/apresentacao\/\" class=\"readmore-button\">Continue Reading<\/a><\/p>\n","protected":false},"author":840,"featured_media":0,"parent":0,"menu_order":0,"comment_status":"open","ping_status":"open","template":"","meta":{"inline_featured_image":false,"ngg_post_thumbnail":0,"footnotes":""},"class_list":["post-38","page","type-page","status-publish","hentry"],"_links":{"self":[{"href":"http:\/\/www2.unifap.br\/oliveira\/wp-json\/wp\/v2\/pages\/38","targetHints":{"allow":["GET"]}}],"collection":[{"href":"http:\/\/www2.unifap.br\/oliveira\/wp-json\/wp\/v2\/pages"}],"about":[{"href":"http:\/\/www2.unifap.br\/oliveira\/wp-json\/wp\/v2\/types\/page"}],"author":[{"embeddable":true,"href":"http:\/\/www2.unifap.br\/oliveira\/wp-json\/wp\/v2\/users\/840"}],"replies":[{"embeddable":true,"href":"http:\/\/www2.unifap.br\/oliveira\/wp-json\/wp\/v2\/comments?post=38"}],"version-history":[{"count":5,"href":"http:\/\/www2.unifap.br\/oliveira\/wp-json\/wp\/v2\/pages\/38\/revisions"}],"predecessor-version":[{"id":142,"href":"http:\/\/www2.unifap.br\/oliveira\/wp-json\/wp\/v2\/pages\/38\/revisions\/142"}],"wp:attachment":[{"href":"http:\/\/www2.unifap.br\/oliveira\/wp-json\/wp\/v2\/media?parent=38"}],"curies":[{"name":"wp","href":"https:\/\/api.w.org\/{rel}","templated":true}]}}