{"id":60,"date":"2017-02-03T04:55:37","date_gmt":"2017-02-03T04:55:37","guid":{"rendered":"http:\/\/www2.unifap.br\/oliveira\/?page_id=60"},"modified":"2017-02-03T04:55:37","modified_gmt":"2017-02-03T04:55:37","slug":"programacao-iii","status":"publish","type":"page","link":"http:\/\/www2.unifap.br\/oliveira\/disciplinas\/programacao-iii\/","title":{"rendered":"Programa\u00e7\u00e3o III"},"content":{"rendered":"<p><strong>Ementa:<\/strong>\u00a0Fundamentos de abstra\u00e7\u00e3o de dados, orienta\u00e7\u00e3o a objetos, programa\u00e7\u00e3o gen\u00e9rica e tratamento de excess\u00f5es. Fundamentos de C++, abstra\u00e7\u00e3o, heran\u00e7a, polimorfismo. Aspectos avan\u00e7ados: classes e inst\u00e2ncias, sobrecarga de operadores, templates, objetos fun\u00e7\u00e3o, iterators.<\/p>\n<p><b>Bibliografia:<\/b><\/p>\n<ol start=\"1\">\n<li>Stroustrup, B.\u00a0<i>An Overview of the C++ Programming Language<\/i>, in The Handbook of Object Technology. CRC Press, Boca Raton, 1999.<\/li>\n<\/ol>\n<p><b>Bibliografia Complementar:<\/b><\/p>\n<ol start=\"2\">\n<li>Stroustrup, B. A Linguagem de Programa\u00e7\u00e3o C++. 3\u00aa ed., Bookman, Porto Alegre, 2000.<\/li>\n<\/ol>\n<p>Deitel, D. C++ Como Programar. 5\u00aa ed., Pearson, S\u00e3o Paulo, 2006.<\/p>\n","protected":false},"excerpt":{"rendered":"<p>Ementa:\u00a0Fundamentos de abstra\u00e7\u00e3o de dados, orienta\u00e7\u00e3o a objetos, programa\u00e7\u00e3o gen\u00e9rica e tratamento de excess\u00f5es. Fundamentos de C++, abstra\u00e7\u00e3o, heran\u00e7a, polimorfismo. Aspectos avan\u00e7ados: classes e inst\u00e2ncias, sobrecarga de operadores, templates, objetos fun\u00e7\u00e3o, iterators. Bibliografia: Stroustrup, B.\u00a0An Overview of the C++ Programming&hellip; <\/p>\n<p><a href=\"http:\/\/www2.unifap.br\/oliveira\/disciplinas\/programacao-iii\/\" class=\"readmore-button\">Continue Reading<\/a><\/p>\n","protected":false},"author":840,"featured_media":0,"parent":16,"menu_order":0,"comment_status":"open","ping_status":"open","template":"","meta":{"inline_featured_image":false,"ngg_post_thumbnail":0,"footnotes":""},"class_list":["post-60","page","type-page","status-publish","hentry"],"_links":{"self":[{"href":"http:\/\/www2.unifap.br\/oliveira\/wp-json\/wp\/v2\/pages\/60","targetHints":{"allow":["GET"]}}],"collection":[{"href":"http:\/\/www2.unifap.br\/oliveira\/wp-json\/wp\/v2\/pages"}],"about":[{"href":"http:\/\/www2.unifap.br\/oliveira\/wp-json\/wp\/v2\/types\/page"}],"author":[{"embeddable":true,"href":"http:\/\/www2.unifap.br\/oliveira\/wp-json\/wp\/v2\/users\/840"}],"replies":[{"embeddable":true,"href":"http:\/\/www2.unifap.br\/oliveira\/wp-json\/wp\/v2\/comments?post=60"}],"version-history":[{"count":1,"href":"http:\/\/www2.unifap.br\/oliveira\/wp-json\/wp\/v2\/pages\/60\/revisions"}],"predecessor-version":[{"id":61,"href":"http:\/\/www2.unifap.br\/oliveira\/wp-json\/wp\/v2\/pages\/60\/revisions\/61"}],"up":[{"embeddable":true,"href":"http:\/\/www2.unifap.br\/oliveira\/wp-json\/wp\/v2\/pages\/16"}],"wp:attachment":[{"href":"http:\/\/www2.unifap.br\/oliveira\/wp-json\/wp\/v2\/media?parent=60"}],"curies":[{"name":"wp","href":"https:\/\/api.w.org\/{rel}","templated":true}]}}