{"id":68,"date":"2017-02-03T05:10:54","date_gmt":"2017-02-03T05:10:54","guid":{"rendered":"http:\/\/www2.unifap.br\/oliveira\/?page_id=68"},"modified":"2017-02-03T05:10:54","modified_gmt":"2017-02-03T05:10:54","slug":"sistemas-operacionais","status":"publish","type":"page","link":"http:\/\/www2.unifap.br\/oliveira\/disciplinas\/sistemas-operacionais\/","title":{"rendered":"Sistemas Operacionais"},"content":{"rendered":"<p><b>Ementa: <\/b>Conceitos b\u00e1sicos. Evolu\u00e7\u00e3o dos sistemas operacionais. Estrutura e fun\u00e7\u00f5es dos sistemas operacionais. Gerenciamento de processos. Ger\u00eancia de mem\u00f3ria. Gerenciamento de entrada\/sa\u00edda. Sistemas de arquivos. Estudos de caso de sistemas operacionais.<\/p>\n<p><b>Bibliografia:<\/b><\/p>\n<ol start=\"1\">\n<li>Tanenbaum, Andrew. Sistemas Operacionais Modernos. Prentice-Hall, S\u00e3o Paulo, 2003.<\/li>\n<\/ol>\n<p><b>Bibliografia Complementar:<\/b><\/p>\n<ol start=\"2\">\n<li>Silberschatz, Abraham. Fundamentos de Sistemas Operacionais. LTC, Rio de Janeiro, 2004.<\/li>\n<li>Deitel, C. Sistemas Operacionais. Prentice-Hall, S\u00e3o Paulo, 2005.<\/li>\n<li>Tanenbaum, Andrew S. e Woodhull, Albert S.\u00a0 Operating systems:\u00a0 Design and Implementation.\u00a0 3\u00aa ed., Prentice-Hall, Upper Saddle River, 2006.<\/li>\n<\/ol>\n","protected":false},"excerpt":{"rendered":"<p>Ementa: Conceitos b\u00e1sicos. Evolu\u00e7\u00e3o dos sistemas operacionais. Estrutura e fun\u00e7\u00f5es dos sistemas operacionais. Gerenciamento de processos. Ger\u00eancia de mem\u00f3ria. Gerenciamento de entrada\/sa\u00edda. Sistemas de arquivos. Estudos de caso de sistemas operacionais. Bibliografia: Tanenbaum, Andrew. Sistemas Operacionais Modernos. Prentice-Hall, S\u00e3o Paulo,&hellip; <\/p>\n<p><a href=\"http:\/\/www2.unifap.br\/oliveira\/disciplinas\/sistemas-operacionais\/\" class=\"readmore-button\">Continue Reading<\/a><\/p>\n","protected":false},"author":840,"featured_media":0,"parent":16,"menu_order":0,"comment_status":"open","ping_status":"open","template":"","meta":{"inline_featured_image":false,"ngg_post_thumbnail":0,"footnotes":""},"class_list":["post-68","page","type-page","status-publish","hentry"],"_links":{"self":[{"href":"http:\/\/www2.unifap.br\/oliveira\/wp-json\/wp\/v2\/pages\/68","targetHints":{"allow":["GET"]}}],"collection":[{"href":"http:\/\/www2.unifap.br\/oliveira\/wp-json\/wp\/v2\/pages"}],"about":[{"href":"http:\/\/www2.unifap.br\/oliveira\/wp-json\/wp\/v2\/types\/page"}],"author":[{"embeddable":true,"href":"http:\/\/www2.unifap.br\/oliveira\/wp-json\/wp\/v2\/users\/840"}],"replies":[{"embeddable":true,"href":"http:\/\/www2.unifap.br\/oliveira\/wp-json\/wp\/v2\/comments?post=68"}],"version-history":[{"count":1,"href":"http:\/\/www2.unifap.br\/oliveira\/wp-json\/wp\/v2\/pages\/68\/revisions"}],"predecessor-version":[{"id":69,"href":"http:\/\/www2.unifap.br\/oliveira\/wp-json\/wp\/v2\/pages\/68\/revisions\/69"}],"up":[{"embeddable":true,"href":"http:\/\/www2.unifap.br\/oliveira\/wp-json\/wp\/v2\/pages\/16"}],"wp:attachment":[{"href":"http:\/\/www2.unifap.br\/oliveira\/wp-json\/wp\/v2\/media?parent=68"}],"curies":[{"name":"wp","href":"https:\/\/api.w.org\/{rel}","templated":true}]}}