{"id":70,"date":"2017-02-03T05:13:20","date_gmt":"2017-02-03T05:13:20","guid":{"rendered":"http:\/\/www2.unifap.br\/oliveira\/?page_id=70"},"modified":"2017-02-03T05:13:29","modified_gmt":"2017-02-03T05:13:29","slug":"sistemas-distribuidos","status":"publish","type":"page","link":"http:\/\/www2.unifap.br\/oliveira\/disciplinas\/sistemas-distribuidos\/","title":{"rendered":"Sistemas Distribu\u00eddos"},"content":{"rendered":"<p><b>Ementa: <\/b>Caracteriza\u00e7\u00e3o de sistemas de computa\u00e7\u00e3o distribu\u00edda. Modelos de sistemas distribu\u00eddos. Processos em sistemas distribu\u00eddos. Objetos distribu\u00eddos. Sincroniza\u00e7\u00e3o e coordena\u00e7\u00e3o. Servi\u00e7os de sistemas distribu\u00eddos. Seguran\u00e7a em sistemas distribu\u00eddos. Novos modelos de sistemas distribu\u00eddos. Algoritmos distribu\u00eddos. Replica\u00e7\u00e3o e toler\u00e2ncia a falhas.<\/p>\n<p><b>Bibliografia:<\/b><\/p>\n<ol start=\"1\">\n<li>Coulouris, G. Dollimore J. Distributed Systems: Concepts and Design. Addison Wesley, USA, 2005.<\/li>\n<\/ol>\n<p><b>Bibliografia Complementar:<\/b><\/p>\n<ol>\n<li>Tanenbaum, A. Steen M. Distributed Systems: Principles and Paradigms. Prentice Hall, USA, 2002.<\/li>\n<\/ol>\n","protected":false},"excerpt":{"rendered":"<p>Ementa: Caracteriza\u00e7\u00e3o de sistemas de computa\u00e7\u00e3o distribu\u00edda. Modelos de sistemas distribu\u00eddos. Processos em sistemas distribu\u00eddos. Objetos distribu\u00eddos. Sincroniza\u00e7\u00e3o e coordena\u00e7\u00e3o. Servi\u00e7os de sistemas distribu\u00eddos. Seguran\u00e7a em sistemas distribu\u00eddos. Novos modelos de sistemas distribu\u00eddos. Algoritmos distribu\u00eddos. Replica\u00e7\u00e3o e toler\u00e2ncia a falhas.&hellip; <\/p>\n<p><a href=\"http:\/\/www2.unifap.br\/oliveira\/disciplinas\/sistemas-distribuidos\/\" class=\"readmore-button\">Continue Reading<\/a><\/p>\n","protected":false},"author":840,"featured_media":0,"parent":16,"menu_order":0,"comment_status":"open","ping_status":"open","template":"","meta":{"inline_featured_image":false,"ngg_post_thumbnail":0,"footnotes":""},"class_list":["post-70","page","type-page","status-publish","hentry"],"_links":{"self":[{"href":"http:\/\/www2.unifap.br\/oliveira\/wp-json\/wp\/v2\/pages\/70","targetHints":{"allow":["GET"]}}],"collection":[{"href":"http:\/\/www2.unifap.br\/oliveira\/wp-json\/wp\/v2\/pages"}],"about":[{"href":"http:\/\/www2.unifap.br\/oliveira\/wp-json\/wp\/v2\/types\/page"}],"author":[{"embeddable":true,"href":"http:\/\/www2.unifap.br\/oliveira\/wp-json\/wp\/v2\/users\/840"}],"replies":[{"embeddable":true,"href":"http:\/\/www2.unifap.br\/oliveira\/wp-json\/wp\/v2\/comments?post=70"}],"version-history":[{"count":1,"href":"http:\/\/www2.unifap.br\/oliveira\/wp-json\/wp\/v2\/pages\/70\/revisions"}],"predecessor-version":[{"id":71,"href":"http:\/\/www2.unifap.br\/oliveira\/wp-json\/wp\/v2\/pages\/70\/revisions\/71"}],"up":[{"embeddable":true,"href":"http:\/\/www2.unifap.br\/oliveira\/wp-json\/wp\/v2\/pages\/16"}],"wp:attachment":[{"href":"http:\/\/www2.unifap.br\/oliveira\/wp-json\/wp\/v2\/media?parent=70"}],"curies":[{"name":"wp","href":"https:\/\/api.w.org\/{rel}","templated":true}]}}