{"id":74,"date":"2017-02-03T05:17:28","date_gmt":"2017-02-03T05:17:28","guid":{"rendered":"http:\/\/www2.unifap.br\/oliveira\/?page_id=74"},"modified":"2017-02-03T05:17:28","modified_gmt":"2017-02-03T05:17:28","slug":"redes-de-computadores-ii","status":"publish","type":"page","link":"http:\/\/www2.unifap.br\/oliveira\/disciplinas\/redes-de-computadores-ii\/","title":{"rendered":"Redes de Computadores II"},"content":{"rendered":"<p><b>Ementa: <\/b>Redes Multim\u00eddia. Redes de Alta Velocidade. Redes sem Fio. Mobilidade. Seguran\u00e7a de redes. Gerenciamento de redes. Computa\u00e7\u00e3o Ub\u00edqua. Computa\u00e7\u00e3o em Nuvem.<\/p>\n<ol start=\"1\">\n<li>Kurose, James F. Redes de Computadores e a Internet: Uma Abordagem <i>Top-down<\/i>. 3\u00aa ed., Pearson Education, 2006.<\/li>\n<\/ol>\n<p><b>Bibliografia Complementar:<\/b><\/p>\n<ol start=\"2\">\n<li>Tanembaum, Andrew. Redes de Computadores. Campus, Rio de Janeiro, 2003.<\/li>\n<li>Schiller, Jochen. Mobile Communications. Addison Wesley, USA, 2003.<\/li>\n<\/ol>\n<p>&nbsp;<\/p>\n<p>&nbsp;<\/p>\n","protected":false},"excerpt":{"rendered":"<p>Ementa: Redes Multim\u00eddia. Redes de Alta Velocidade. Redes sem Fio. Mobilidade. Seguran\u00e7a de redes. Gerenciamento de redes. Computa\u00e7\u00e3o Ub\u00edqua. Computa\u00e7\u00e3o em Nuvem. Kurose, James F. Redes de Computadores e a Internet: Uma Abordagem Top-down. 3\u00aa ed., Pearson Education, 2006. Bibliografia&hellip; <\/p>\n<p><a href=\"http:\/\/www2.unifap.br\/oliveira\/disciplinas\/redes-de-computadores-ii\/\" class=\"readmore-button\">Continue Reading<\/a><\/p>\n","protected":false},"author":840,"featured_media":0,"parent":16,"menu_order":0,"comment_status":"open","ping_status":"open","template":"","meta":{"inline_featured_image":false,"ngg_post_thumbnail":0,"footnotes":""},"class_list":["post-74","page","type-page","status-publish","hentry"],"_links":{"self":[{"href":"http:\/\/www2.unifap.br\/oliveira\/wp-json\/wp\/v2\/pages\/74","targetHints":{"allow":["GET"]}}],"collection":[{"href":"http:\/\/www2.unifap.br\/oliveira\/wp-json\/wp\/v2\/pages"}],"about":[{"href":"http:\/\/www2.unifap.br\/oliveira\/wp-json\/wp\/v2\/types\/page"}],"author":[{"embeddable":true,"href":"http:\/\/www2.unifap.br\/oliveira\/wp-json\/wp\/v2\/users\/840"}],"replies":[{"embeddable":true,"href":"http:\/\/www2.unifap.br\/oliveira\/wp-json\/wp\/v2\/comments?post=74"}],"version-history":[{"count":1,"href":"http:\/\/www2.unifap.br\/oliveira\/wp-json\/wp\/v2\/pages\/74\/revisions"}],"predecessor-version":[{"id":75,"href":"http:\/\/www2.unifap.br\/oliveira\/wp-json\/wp\/v2\/pages\/74\/revisions\/75"}],"up":[{"embeddable":true,"href":"http:\/\/www2.unifap.br\/oliveira\/wp-json\/wp\/v2\/pages\/16"}],"wp:attachment":[{"href":"http:\/\/www2.unifap.br\/oliveira\/wp-json\/wp\/v2\/media?parent=74"}],"curies":[{"name":"wp","href":"https:\/\/api.w.org\/{rel}","templated":true}]}}