{"id":76,"date":"2017-02-03T05:18:37","date_gmt":"2017-02-03T05:18:37","guid":{"rendered":"http:\/\/www2.unifap.br\/oliveira\/?page_id=76"},"modified":"2023-11-07T12:17:42","modified_gmt":"2023-11-07T12:17:42","slug":"artigos","status":"publish","type":"page","link":"http:\/\/www2.unifap.br\/oliveira\/artigos\/","title":{"rendered":"Artigos"},"content":{"rendered":"<ol>\n<li><a href=\"https:\/\/authors.elsevier.com\/a\/1hwF24syv1yeAE\">OLIVEIRA, Samuel; LEAL, Andr\u00e9 B; TEIXEIRA, Marcelo; LOPES, Yuri K. A classification of cybersecurity strategies in the context of Discrete Event Systems. In: <strong>Annual Reviews in Control.<\/strong> Volume 56, 2023, Elsevier<\/a><\/li>\n<li><a href=\"https:\/\/ieeexplore.ieee.org\/document\/10225849\">OLIVEIRA, Samuel; LEAL, Andr\u00e9 B; TEIXEIRA, Marcelo; LOPES, Yuri K. Security of Cyber-Physical Systems Against Actuator Attacks through Cryptography. In: <strong>2023 International Conference on Information Technology (ICIT).<\/strong> p. 758-764, IEEE, Amman Jordan, 2023.\u00a0<\/a><\/li>\n<li><a href=\"https:\/\/sbai2023.com.br\/submissoes\/file\/paper_1315.pdf\">OLIVEIRA, Samuel; LEAL, Andr\u00e9 B; TEIXEIRA, Marcelo; LOPES, Yuri K. Seguran\u00e7a de sistemas ciberf\u0131sicos contra ataques a atuadores: um m\u00e9todo baseado em criptografia. <\/a><a href=\"https:\/\/sbai2023.com.br\/submissoes\/file\/paper_4413.pdf\">In: <strong>Simp\u00f3sio Brasileiro de Automa\u00e7\u00e3o Inteligente &#8211; SBAI 2023<\/strong>. Manaus\/AM. 2023<\/a><\/li>\n<li><a href=\"https:\/\/sbai2023.com.br\/submissoes\/file\/paper_4413.pdf\">MOTA, Bruno; OLIVEIRA, Samuel; LEAL, Andr\u00e9 B; Controle Supervis\u00f3rio Tolerante a Falhas de Sistemas a Eventos Discretos: Estudo de Caso. In: <strong>Simp\u00f3sio Brasileiro de Automa\u00e7\u00e3o Inteligente &#8211; SBAI 2023<\/strong>. Manaus\/AM. 2023<\/a><\/li>\n<li><a href=\"https:\/\/link.springer.com\/article\/10.1007\/s00607-020-00795-9\">KNIESS, Janine, OLIVEIRA, Samuel.\u00a0Data Reduction in Sensor Networks Based on Dispersion Analysis. In:\u00a0<strong>Springer Computing Journal.\u00a0<\/strong>Springer-Verlag GmbH Austria, 2020. p. 1-12.;<\/a><\/li>\n<li><a href=\"https:\/\/link.springer.com\/chapter\/10.1007\/978-3-030-19223-5_6\">OLIVEIRA, Samuel; KNIESS, Janine; MARQUES, Vinicius. A Method Based on Dispersion Analysis for Data Reduction in WSN. In:\u00a0<b>International Conference on Green, Pervasive, and Cloud Computing<\/b>. Springer, Cham, 2019. p. 74-88.;<\/a><\/li>\n<li><a href=\"https:\/\/ojs.sbc.org.br\/index.php\/sbrc\/article\/download\/7346\/7230\">DE OLIVEIRA, Samuel Silva; KNIESS, Janine. Redu\u00e7\u00e3o de Dados em Redes de Sensores sem Fio Baseada em An\u00e1lise de Dispers\u00e3o. In:\u00a0<b>Anais do XXXVII Simp\u00f3sio Brasileiro de Redes de Computadores e Sistemas Distribu\u00eddos<\/b>. SBC, 2019. p. 1-14.;<\/a><\/li>\n<li><a href=\"http:\/\/www2.unifap.br\/oliveira\/?p=120\">DE OLIVEIRA, Samuel Silva et al. Predi\u00e7\u00e3o de S\u00e9ries Temporais em Internet das Coisas com Redes Neurais Recorrentes. <strong>Anais do Simp\u00f3sio Brasileiro de Pesquisa Operacional,<\/strong>\u00a0p.1-10, 2018.;<\/a><\/li>\n<li><a href=\"https:\/\/siaiap32.univali.br\/seer\/index.php\/acotb\/article\/view\/12744\">DE OLIVEIRA, Samuel Silva; KNIESS, Janine. Arquitetura Baseada em Internet das Coisas para Medi\u00e7\u00e3o e Monitoramento de Res\u00edduos.\u00a0<b>Anais do Computer on the Beach<\/b>, p. 130-139, 2018.;<\/a><\/li>\n<li><a href=\"http:\/\/www2.unifap.br\/oliveira\/2016\/02\/01\/artigo_nosql\">DE OLIVEIRA, Samuel Silva. Bancos de dados N\u00e3o-Relacionais: um novo paradigma para armazenamento de dados em sistemas de ensino colaborativo.\u00a0<b>Revista da Escola de Administra\u00e7\u00e3o P\u00fablica do Amap\u00e1<\/b>, v. 2, n. 1, p. 184-194, 2014.;<\/a><\/li>\n<\/ol>\n","protected":false},"excerpt":{"rendered":"<p>OLIVEIRA, Samuel; LEAL, Andr\u00e9 B; TEIXEIRA, Marcelo; LOPES, Yuri K. A classification of cybersecurity strategies in the context of Discrete Event Systems. In: Annual Reviews in Control. Volume 56, 2023, Elsevier OLIVEIRA, Samuel; LEAL, Andr\u00e9 B; TEIXEIRA, Marcelo; LOPES, Yuri&hellip; <\/p>\n<p><a href=\"http:\/\/www2.unifap.br\/oliveira\/artigos\/\" class=\"readmore-button\">Continue Reading<\/a><\/p>\n","protected":false},"author":840,"featured_media":0,"parent":0,"menu_order":2,"comment_status":"open","ping_status":"open","template":"","meta":{"inline_featured_image":false,"ngg_post_thumbnail":0,"footnotes":""},"class_list":["post-76","page","type-page","status-publish","hentry"],"_links":{"self":[{"href":"http:\/\/www2.unifap.br\/oliveira\/wp-json\/wp\/v2\/pages\/76","targetHints":{"allow":["GET"]}}],"collection":[{"href":"http:\/\/www2.unifap.br\/oliveira\/wp-json\/wp\/v2\/pages"}],"about":[{"href":"http:\/\/www2.unifap.br\/oliveira\/wp-json\/wp\/v2\/types\/page"}],"author":[{"embeddable":true,"href":"http:\/\/www2.unifap.br\/oliveira\/wp-json\/wp\/v2\/users\/840"}],"replies":[{"embeddable":true,"href":"http:\/\/www2.unifap.br\/oliveira\/wp-json\/wp\/v2\/comments?post=76"}],"version-history":[{"count":9,"href":"http:\/\/www2.unifap.br\/oliveira\/wp-json\/wp\/v2\/pages\/76\/revisions"}],"predecessor-version":[{"id":157,"href":"http:\/\/www2.unifap.br\/oliveira\/wp-json\/wp\/v2\/pages\/76\/revisions\/157"}],"wp:attachment":[{"href":"http:\/\/www2.unifap.br\/oliveira\/wp-json\/wp\/v2\/media?parent=76"}],"curies":[{"name":"wp","href":"https:\/\/api.w.org\/{rel}","templated":true}]}}