{"id":309,"date":"2020-02-13T15:20:59","date_gmt":"2020-02-13T15:20:59","guid":{"rendered":"http:\/\/www2.unifap.br\/ouvidoria\/?page_id=309"},"modified":"2024-08-23T14:21:40","modified_gmt":"2024-08-23T14:21:40","slug":"legislacoes","status":"publish","type":"page","link":"http:\/\/www2.unifap.br\/ouvidoria\/legislacoes\/","title":{"rendered":"Legisla\u00e7\u00f5es"},"content":{"rendered":"<h3><span style=\"color: #000000\"><strong>Constitui\u00e7\u00e3o Federal<\/strong><\/span><\/h3>\n<p><span style=\"color: #ff6600\"><a style=\"color: #ff6600\" href=\"http:\/\/www.planalto.gov.br\/ccivil_03\/constituicao\/constituicao.htm\">Constitui\u00e7\u00e3o da Rep\u00fablica Federativa do Brasil de 1988<\/a><\/span><\/p>\n<h3>&nbsp;<\/h3>\n<h3><span style=\"color: #000000\"><strong>Leis Federais<\/strong><\/span><\/h3>\n<p><span style=\"color: #ff6600\"><a style=\"color: #ff6600\" href=\"http:\/\/www.planalto.gov.br\/ccivil_03\/_ato2015-2018\/2018\/Lei\/L13726.htm\">Lei n\u00ba 13.726, de 8 de outubro de 2018 &#8211; Simplifica\u00e7\u00e3o dos Servi\u00e7os P\u00fablicos<\/a><\/span><\/p>\n<p><span style=\"color: #ff6600\"><a style=\"color: #ff6600\" href=\"http:\/\/www.planalto.gov.br\/ccivil_03\/_ato2015-2018\/2017\/lei\/l13460.htm\">Lei n\u00ba 13.460, de 26 de junho de 2017 &#8211; Prote\u00e7\u00e3o e Defesa dos Usu\u00e1rios dos Servi\u00e7os P\u00fablicos.<\/a><\/span><\/p>\n<p><span style=\"color: #ff6600\"><a style=\"color: #ff6600\" href=\"http:\/\/www.planalto.gov.br\/ccivil_03\/_ato2011-2014\/2011\/lei\/l12527.htm\">Lei n\u00ba 12.527, de 18 de novembro de 2011 &#8211; Lei de Acesso \u00e0 Informa\u00e7\u00e3o.&nbsp;&nbsp;&nbsp;<\/a>&nbsp;&nbsp;&nbsp;&nbsp;<\/span><\/p>\n<p><span style=\"color: #ff6600\"><a style=\"color: #ff6600\" href=\"http:\/\/www.planalto.gov.br\/ccivil_03\/_ato2004-2006\/2006\/lei\/l11340.htm\">Lei n\u00ba 11.340, de 7 de agosto de 2006 \u2013 Lei Maria da Penha<\/a><\/span><\/p>\n<p><span style=\"color: #ff6600\"><a style=\"color: #ff6600\" href=\"http:\/\/www.planalto.gov.br\/ccivil_03\/LEIS\/L9265.htm\">Lei n\u00ba 9.265, de 12 de fevereiro de 1996 \u2013 Regulamenta o inciso LXXVII do art. 5\u00ba da Constitui\u00e7\u00e3o Federal.<\/a><\/span><\/p>\n<p><span style=\"color: #ff6600\"><a style=\"color: #ff6600\" href=\"http:\/\/www.planalto.gov.br\/ccivil_03\/Leis\/L9294.htm\">Lei n\u00ba 9.294, de 15 de julho de 1996 \u2013 Restri\u00e7\u00f5es ao uso e propaganda de produtos fum\u00edgeros, bebidas alco\u00f3licas, medicamentos, terapias e defensivos agr\u00edcolas.<\/a><\/span><\/p>\n<p><span style=\"color: #ff6600\"><a style=\"color: #ff6600\" href=\"http:\/\/www.planalto.gov.br\/ccivil_03\/leis\/l8027.htm\">Lei n\u00ba 8.027, de 12 de abril de 1990 \u2013 Normas de Condutas dos Servidores Federais.<\/a><\/span><\/p>\n<p><span style=\"color: #ff6600\"><a style=\"color: #ff6600\" href=\"http:\/\/www.planalto.gov.br\/ccivil_03\/leis\/l8112cons.htm\">Lei n\u00ba 8.112, de 11 de dezembro de 1990 \u2013 Regime Jur\u00eddico do Servidor P\u00fablico Federal.<\/a><strong>&nbsp;&nbsp;&nbsp;&nbsp;<\/strong><\/span><\/p>\n<h3>&nbsp;<\/h3>\n<h3><span style=\"color: #000000\"><strong>Decretos<\/strong><\/span><\/h3>\n<p><span style=\"color: #ff6600\"><a style=\"color: #ff6600\" href=\"http:\/\/www.planalto.gov.br\/ccivil_03\/_Ato2019-2022\/2020\/Decreto\/D10228.htm\">Decreto n\u00ba 10.228, de 5 de fevereiro de 2020 \u2013 Altera o Decreto n\u00ba 9.492 e institui o conselho de usu\u00e1rios.<\/a><\/span><\/p>\n<p><span style=\"color: #ff6600\"><a style=\"color: #ff6600\" href=\"http:\/\/www.planalto.gov.br\/ccivil_03\/_ato2019-2022\/2019\/decreto\/D10046.htm\">Decreto n\u00ba 10.046, de 9 de outubro de 2019 \u2013 Compartilhamento de Dados, Cadastro Base do Cidad\u00e3o e Comit\u00ea Central de Governan\u00e7a de Dados.<\/a><\/span><\/p>\n<p><span style=\"color: #ff6600\"><a style=\"color: #ff6600\" href=\"http:\/\/www.planalto.gov.br\/ccivil_03\/_ato2019-2022\/2019\/decreto\/D10153.htm\">Decreto n\u00ba 10.153, de 3 de dezembro de 2019 \u2013 Prote\u00e7\u00e3o \u00e0 identidade dos denunciantes de il\u00edcitos e irregularidades.<\/a><\/span><\/p>\n<p><span style=\"color: #ff6600\"><a style=\"color: #ff6600\" href=\"http:\/\/www.planalto.gov.br\/ccivil_03\/_ato2015-2018\/2018\/Decreto\/D9492.htm\">Decreto n\u00ba 9.492, de 5 de setembro de 2018 \u2013 Regulamenta a Lei n\u00ba 13.460\/2017.<\/a><\/span><\/p>\n<p><span style=\"color: #ff6600\"><a style=\"color: #ff6600\" href=\"http:\/\/www.planalto.gov.br\/ccivil_03\/_ato2015-2018\/2017\/decreto\/d9094.htm\">Decreto n\u00ba 9.094, de 17 de julho de 2017 \u2013 Simplifica\u00e7\u00e3o do atendimento prestado aos usu\u00e1rios dos servi\u00e7os p\u00fablicos e outras provid\u00eancias.<\/a><\/span><\/p>\n<p><span style=\"color: #ff6600\"><a style=\"color: #ff6600\" href=\"http:\/\/www.planalto.gov.br\/ccivil_03\/_ato2011-2014\/2012\/Decreto\/D7724.htm\">Decreto n\u00ba 7.724, de 16 de maio de 2012 \u2013 Regulamenta a Lei de Acesso \u00e0 Informa\u00e7\u00e3o.<\/a><\/span><\/p>\n<p><span style=\"color: #ff6600\"><a style=\"color: #ff6600\" href=\"http:\/\/www.planalto.gov.br\/ccivil_03\/_ato2004-2006\/2004\/decreto\/d5296.htm\">Decreto n\u00ba 5.296, de 2 de dezembro de 2004 \u2013 Promo\u00e7\u00e3o da Acessibilidade.<\/a><\/span><\/p>\n<p><span style=\"color: #ff6600\"><a style=\"color: #ff6600\" href=\"http:\/\/www.planalto.gov.br\/ccivil_03\/decreto\/d1171.htm\">Decreto n\u00ba 1.171, de 22 de junho de 1994 &#8211; C\u00f3digo de \u00c9tica Profissional do Servidor P\u00fablico Civil do Poder Executivo Federal.<\/a><\/span><\/p>\n<h3>&nbsp;<\/h3>\n<h3><span style=\"color: #000000\"><strong>Resolu\u00e7\u00f5es<\/strong><\/span><\/h3>\n<p><span style=\"color: #000000\"><strong>&nbsp;<\/strong><span style=\"color: #ff6600\"><a style=\"color: #ff6600\" href=\"http:\/\/www.in.gov.br\/en\/web\/dou\/-\/resolucao-n-3-de-13-de-setembro-de-2019-216324685\">Resolu\u00e7\u00e3o n\u00ba 3, de 13 de setembro de 2019 \u2013 Salvaguardas \u00e0 identidade de Denunciantes.<\/a><\/span><\/span><\/p>\n<h3>&nbsp;<\/h3>\n<h3><span style=\"color: #000000\"><strong>Instru\u00e7\u00f5es Normativas<\/strong><\/span><\/h3>\n<p><span style=\"color: #ff6600\"><a style=\"color: #ff6600\" href=\"http:\/\/www.in.gov.br\/materia\/-\/asset_publisher\/Kujrw0TZC2Mb\/content\/id\/27128217\/do1-2018-06-25-instrucao-normativa-n-5-de-18-de-junho-de-2018-27128190\">Instru\u00e7\u00e3o Normativa Conjunta n\u00ba 5 \u2013 MT\/CGU, de 18 de junho de 2018 \u2013 Atua\u00e7\u00e3o das unidades de ouvidorias do Executivo Federal.<\/a><\/span><\/p>\n<p><span style=\"color: #ff6600\"><a style=\"color: #ff6600\" href=\"http:\/\/www.lex.com.br\/legis_27736129_INSTRUCAO_NORMATIVA_N_15_DE_3_DE_DEZEMBRO_DE_2018.aspx\">Instru\u00e7\u00e3o Normativa n\u00ba 15 \u2013 MT\/OGU, de 19 de novembro de 2018 \u2013 Programa Melhoria Continuada (PROMOUV) e Modelo de Maturidade de Ouvidorias P\u00fablicas (MMOuP).<\/a><\/span><\/p>\n<p><span style=\"color: #ff6600\"><a style=\"color: #ff6600\" href=\"http:\/\/www.in.gov.br\/materia\/-\/asset_publisher\/Kujrw0TZC2Mb\/content\/id\/53496157\/do1-2018-12-05-instrucao-normativa-n-17-de-3-de-dezembro-de-2018-53495859\">Instru\u00e7\u00e3o Normativa n\u00ba 17 \u2013 MT\/CGU, de 3 de dezembro de 2018 \u2013 Atua\u00e7\u00e3o das ouvidorias das empresas estatais do Executivo Federal<\/a><\/span><\/p>\n<p><span style=\"color: #ff6600\"><a style=\"color: #ff6600\" href=\"http:\/\/www.in.gov.br\/materia\/-\/asset_publisher\/Kujrw0TZC2Mb\/content\/id\/53496164\/do1-2018-12-05-instrucao-normativa-n-18-de-3-de-dezembro-de-2018-53495866\">Instru\u00e7\u00e3o Normativa n\u00ba 18 \u2013 MT\/CGU, de 3 de dezembro de 2018 \u2013 Ado\u00e7\u00e3o do Sistema e-OUV como plataforma \u00fanica.<\/a><\/span><\/p>\n<p><span style=\"color: #ff6600\"><a style=\"color: #ff6600\" href=\"http:\/\/www.in.gov.br\/materia\/-\/asset_publisher\/Kujrw0TZC2Mb\/content\/id\/53496156\/do1-2018-12-05-instrucao-normativa-n-19-de-3-de-dezembro-de-2018-53495863\">Instru\u00e7\u00e3o Normativa n\u00ba 19 \u2013 MT\/CGU, de 3 de dezembro de 2018 \u2013 Ouvidorias como canal \u00fanico de recebimento de manifesta\u00e7\u00f5es<\/a><\/span><\/p>\n<p><span style=\"color: #ff6600\"><a style=\"color: #ff6600\" href=\"http:\/\/www.in.gov.br\/materia\/-\/asset_publisher\/Kujrw0TZC2Mb\/content\/id\/70491918\">Instru\u00e7\u00e3o Normativa n\u00ba 3 \u2013 CGU\/OGU, de 5 de abril de 2019 \u2013 Ades\u00e3o e Organiza\u00e7\u00e3o da Rede Nacional de Ouvidorias e Programa de Fortalecimento das Ouvidorias.<\/a><\/span><\/p>\n<p><span style=\"color: #ff6600\"><a style=\"color: #ff6600\" href=\"http:\/\/www.in.gov.br\/web\/dou\/-\/instru%C3%87%C3%83o-normativa-n%C2%BA-7-de-8-de-maio-de-2019-92404449\">Instru\u00e7\u00e3o Normativa n\u00ba 7 \u2013 CGU\/OGU, de 8 de maio de 2019 \u2013 Sistema Nacional Informatizado de Ouvidorias e Painel Resolveu?<\/a><\/span><\/p>\n<p><span style=\"color: #ff6600\"><a style=\"color: #ff6600\" href=\"http:\/\/www.in.gov.br\/web\/dou\/-\/instrucao-normativa-n-4-de-6-de-novembro-de-2017-19399825\">Instru\u00e7\u00e3o Normativa n\u00ba 4 \u2013 MT\/CGU, de 6 de novembro de 2017 \u2013 Procedimento Me-Ouv para acesso ao e-Ouv por meio de aplicativos no \u00e2mbito do Programa de Avalia\u00e7\u00e3o e Pol\u00edticas P\u00fablicas \u2013 PROCID.<\/a><\/span><\/p>\n<p><span style=\"color: #ff6600\"><a style=\"color: #ff6600\" href=\"http:\/\/www.in.gov.br\/materia\/-\/asset_publisher\/Kujrw0TZC2Mb\/content\/id\/1823611\/do1-2018-01-15-instrucao-normativa-conjunta-n-1-de-12-de-janeiro-de-2018-1823607\">Instru\u00e7\u00e3o Normativa n\u00ba 1 \u2013 MP\/MT\/CGU, de 12 de janeiro de 2018 \u2013 Solicita\u00e7\u00e3o de Simplifica\u00e7\u00e3o \u2013 Decreto n 9.094\/2017.<\/a><\/span><\/p>\n<h2>&nbsp;<\/h2>\n<h2><span style=\"color: #000000\"><strong>Normas Internas<\/strong><\/span><\/h2>\n<p><span style=\"color: #ff6600\"><a style=\"color: #ff6600\" href=\"https:\/\/depsec.unifap.br\/intranet\/arquivos\/arq4065.pdf\">Resolu\u00e7\u00e3o n\u00ba 9, de 29 de abril de 2002 \u2013 Regimento Geral da UNIFAP.<\/a><\/span><\/p>\n<p><span style=\"color: #ff6600\"><a style=\"color: #ff6600\" href=\"https:\/\/www2.unifap.br\/consu\/files\/2011\/07\/Rresolu%c3%a7%c3%a3o-n%c2%ba-10-10-Ouvidoria.pdf\">Resolu\u00e7\u00e3o n\u00ba 10, de 25 de junho de 2010 \u2013 Institui a Ouvidoria da UNIFAP.<\/a><\/span><\/p>\n<h3>&nbsp;<\/h3>\n<h3><strong><span style=\"color: #000000\">Portarias<\/span><\/strong><\/h3>\n<p><span style=\"color: #ff6600\"><a style=\"color: #ff6600\" href=\"https:\/\/drive.google.com\/file\/d\/1oSPsz4D1SVgfBdXqHf_NAdxFbZuHyX5h\/view?usp=sharing\">Portaria Ouvidor<\/a><\/span><\/p>\n<h3>&nbsp;<\/h3>\n<h3 style=\"line-height: 1.21739\"><span style=\"color: #000000\"><strong>Atos Internos Ouvidoria<\/strong><\/span><\/h3>\n<p><span style=\"color: #ff6600\"><a style=\"color: #ff6600\" href=\"https:\/\/drive.google.com\/file\/d\/1xRpY6w7nENKr3HWuiLm94vXgtGWZpV2h\/view?usp=sharing\">Nota Informativa 01 &#8211; COVID 19 &#8211; Ouvidoria<\/a><\/span><\/p>\n<p><span style=\"color: #ff6600\"><a style=\"color: #ff6600\" href=\"https:\/\/drive.google.com\/file\/d\/1CNYYsWKXKn-0c4RPhEmCkzZhJzZiBeje\/view?usp=sharing\">Recomenda\u00e7\u00e3o 01 LGPD- Ouvidoria<\/a><\/span><\/p>\n<h3>&nbsp;<\/h3>\n<h3><span style=\"color: #000000\"><strong>Instru\u00e7\u00f5es Normativas<\/strong><\/span><\/h3>\n","protected":false},"excerpt":{"rendered":"<p>Constitui\u00e7\u00e3o Federal Constitui\u00e7\u00e3o da Rep\u00fablica Federativa do Brasil de 1988 &nbsp; Leis Federais Lei n\u00ba 13.726, de 8 de outubro de 2018 &#8211; Simplifica\u00e7\u00e3o dos Servi\u00e7os P\u00fablicos Lei n\u00ba 13.460, de 26 de junho de 2017 &#8211; Prote\u00e7\u00e3o e Defesa dos Usu\u00e1rios dos Servi\u00e7os P\u00fablicos. Lei n\u00ba 12.527, de 18 de novembro de 2011 &#8211;&#8230;<\/p>\n","protected":false},"author":3861,"featured_media":0,"parent":0,"menu_order":0,"comment_status":"closed","ping_status":"closed","template":"","meta":{"inline_featured_image":false,"site-sidebar-layout":"default","site-content-layout":"","ast-site-content-layout":"default","site-content-style":"default","site-sidebar-style":"default","ast-global-header-display":"","ast-banner-title-visibility":"","ast-main-header-display":"","ast-hfb-above-header-display":"","ast-hfb-below-header-display":"","ast-hfb-mobile-header-display":"","site-post-title":"","ast-breadcrumbs-content":"","ast-featured-img":"","footer-sml-layout":"","theme-transparent-header-meta":"default","adv-header-id-meta":"","stick-header-meta":"","header-above-stick-meta":"","header-main-stick-meta":"","header-below-stick-meta":"","astra-migrate-meta-layouts":"set","ast-page-background-enabled":"default","ast-page-background-meta":{"desktop":{"background-color":"var(--ast-global-color-4)","background-image":"","background-repeat":"repeat","background-position":"center center","background-size":"auto","background-attachment":"scroll","background-type":"","background-media":"","overlay-type":"","overlay-color":"","overlay-opacity":"","overlay-gradient":""},"tablet":{"background-color":"","background-image":"","background-repeat":"repeat","background-position":"center center","background-size":"auto","background-attachment":"scroll","background-type":"","background-media":"","overlay-type":"","overlay-color":"","overlay-opacity":"","overlay-gradient":""},"mobile":{"background-color":"","background-image":"","background-repeat":"repeat","background-position":"center center","background-size":"auto","background-attachment":"scroll","background-type":"","background-media":"","overlay-type":"","overlay-color":"","overlay-opacity":"","overlay-gradient":""}},"ast-content-background-meta":{"desktop":{"background-color":"var(--ast-global-color-5)","background-image":"","background-repeat":"repeat","background-position":"center center","background-size":"auto","background-attachment":"scroll","background-type":"","background-media":"","overlay-type":"","overlay-color":"","overlay-opacity":"","overlay-gradient":""},"tablet":{"background-color":"var(--ast-global-color-5)","background-image":"","background-repeat":"repeat","background-position":"center center","background-size":"auto","background-attachment":"scroll","background-type":"","background-media":"","overlay-type":"","overlay-color":"","overlay-opacity":"","overlay-gradient":""},"mobile":{"background-color":"var(--ast-global-color-5)","background-image":"","background-repeat":"repeat","background-position":"center center","background-size":"auto","background-attachment":"scroll","background-type":"","background-media":"","overlay-type":"","overlay-color":"","overlay-opacity":"","overlay-gradient":""}},"ngg_post_thumbnail":0,"footnotes":""},"class_list":["post-309","page","type-page","status-publish","hentry"],"_links":{"self":[{"href":"http:\/\/www2.unifap.br\/ouvidoria\/wp-json\/wp\/v2\/pages\/309","targetHints":{"allow":["GET"]}}],"collection":[{"href":"http:\/\/www2.unifap.br\/ouvidoria\/wp-json\/wp\/v2\/pages"}],"about":[{"href":"http:\/\/www2.unifap.br\/ouvidoria\/wp-json\/wp\/v2\/types\/page"}],"author":[{"embeddable":true,"href":"http:\/\/www2.unifap.br\/ouvidoria\/wp-json\/wp\/v2\/users\/3861"}],"replies":[{"embeddable":true,"href":"http:\/\/www2.unifap.br\/ouvidoria\/wp-json\/wp\/v2\/comments?post=309"}],"version-history":[{"count":15,"href":"http:\/\/www2.unifap.br\/ouvidoria\/wp-json\/wp\/v2\/pages\/309\/revisions"}],"predecessor-version":[{"id":1095,"href":"http:\/\/www2.unifap.br\/ouvidoria\/wp-json\/wp\/v2\/pages\/309\/revisions\/1095"}],"wp:attachment":[{"href":"http:\/\/www2.unifap.br\/ouvidoria\/wp-json\/wp\/v2\/media?parent=309"}],"curies":[{"name":"wp","href":"https:\/\/api.w.org\/{rel}","templated":true}]}}