{"id":715,"date":"2020-11-06T21:19:07","date_gmt":"2020-11-06T21:19:07","guid":{"rendered":"http:\/\/www2.unifap.br\/ouvidoria\/?page_id=715"},"modified":"2025-08-14T22:40:55","modified_gmt":"2025-08-14T22:40:55","slug":"equipe-lai","status":"publish","type":"page","link":"http:\/\/www2.unifap.br\/ouvidoria\/acesso-a-informacao\/equipe-lai\/","title":{"rendered":"Equipe"},"content":{"rendered":"\t\t<div data-elementor-type=\"wp-page\" data-elementor-id=\"715\" class=\"elementor elementor-715\">\n\t\t\t\t\t\t<section class=\"elementor-section elementor-top-section elementor-element elementor-element-6115656d elementor-section-boxed elementor-section-height-default elementor-section-height-default\" data-id=\"6115656d\" data-element_type=\"section\" data-e-type=\"section\">\n\t\t\t\t\t\t<div class=\"elementor-container elementor-column-gap-default\">\n\t\t\t\t\t<div class=\"elementor-column elementor-col-100 elementor-top-column elementor-element elementor-element-bc696e\" data-id=\"bc696e\" data-element_type=\"column\" data-e-type=\"column\">\n\t\t\t<div class=\"elementor-widget-wrap elementor-element-populated\">\n\t\t\t\t\t\t<div class=\"elementor-element elementor-element-41348c17 elementor-widget elementor-widget-text-editor\" data-id=\"41348c17\" data-element_type=\"widget\" data-e-type=\"widget\" data-widget_type=\"text-editor.default\">\n\t\t\t\t<div class=\"elementor-widget-container\">\n\t\t\t\t\t\t\t\t\t<h3><span style=\"color: #000000\">Setor de informa\u00e7\u00e3o ao cidad\u00e3o &#8211; SETIC<\/span><\/h3>\n<p><\/p>\n<h5>&nbsp;<\/h5>\n<h4><span style=\"color: #000000\">Autoridade de Monitoramento LAI<\/span><\/h4>\n<p><span style=\"font-size: 1.5rem;font-style: inherit;font-weight: inherit\">Gestor da LAI<\/span><\/p>\n<h4><span style=\"color: #000000\">Apoio Administrativo do SETIC:<\/span><\/h4>\n<p><span style=\"color: #000000\">Marilene Martel S\u00e1<\/span><\/p>\n<p><\/p>\n<p><\/p>\t\t\t\t\t\t\t\t<\/div>\n\t\t\t\t<\/div>\n\t\t\t\t\t<\/div>\n\t\t<\/div>\n\t\t\t\t\t<\/div>\n\t\t<\/section>\n\t\t\t\t<\/div>\n\t\t","protected":false},"excerpt":{"rendered":"<p>Setor de informa\u00e7\u00e3o ao cidad\u00e3o &#8211; SETIC &nbsp; Autoridade de Monitoramento LAI Gestor da LAI Apoio Administrativo do SETIC: Marilene Martel S\u00e1<\/p>\n","protected":false},"author":3861,"featured_media":0,"parent":358,"menu_order":3,"comment_status":"closed","ping_status":"closed","template":"","meta":{"inline_featured_image":false,"site-sidebar-layout":"default","site-content-layout":"default","ast-site-content-layout":"default","site-content-style":"default","site-sidebar-style":"default","ast-global-header-display":"","ast-banner-title-visibility":"","ast-main-header-display":"","ast-hfb-above-header-display":"","ast-hfb-below-header-display":"","ast-hfb-mobile-header-display":"","site-post-title":"","ast-breadcrumbs-content":"","ast-featured-img":"","footer-sml-layout":"","theme-transparent-header-meta":"default","adv-header-id-meta":"","stick-header-meta":"","header-above-stick-meta":"","header-main-stick-meta":"","header-below-stick-meta":"","astra-migrate-meta-layouts":"set","ast-page-background-enabled":"default","ast-page-background-meta":{"desktop":{"background-color":"var(--ast-global-color-4)","background-image":"","background-repeat":"repeat","background-position":"center center","background-size":"auto","background-attachment":"scroll","background-type":"","background-media":"","overlay-type":"","overlay-color":"","overlay-opacity":"","overlay-gradient":""},"tablet":{"background-color":"","background-image":"","background-repeat":"repeat","background-position":"center center","background-size":"auto","background-attachment":"scroll","background-type":"","background-media":"","overlay-type":"","overlay-color":"","overlay-opacity":"","overlay-gradient":""},"mobile":{"background-color":"","background-image":"","background-repeat":"repeat","background-position":"center center","background-size":"auto","background-attachment":"scroll","background-type":"","background-media":"","overlay-type":"","overlay-color":"","overlay-opacity":"","overlay-gradient":""}},"ast-content-background-meta":{"desktop":{"background-color":"var(--ast-global-color-5)","background-image":"","background-repeat":"repeat","background-position":"center center","background-size":"auto","background-attachment":"scroll","background-type":"","background-media":"","overlay-type":"","overlay-color":"","overlay-opacity":"","overlay-gradient":""},"tablet":{"background-color":"var(--ast-global-color-5)","background-image":"","background-repeat":"repeat","background-position":"center center","background-size":"auto","background-attachment":"scroll","background-type":"","background-media":"","overlay-type":"","overlay-color":"","overlay-opacity":"","overlay-gradient":""},"mobile":{"background-color":"var(--ast-global-color-5)","background-image":"","background-repeat":"repeat","background-position":"center center","background-size":"auto","background-attachment":"scroll","background-type":"","background-media":"","overlay-type":"","overlay-color":"","overlay-opacity":"","overlay-gradient":""}},"ngg_post_thumbnail":0,"footnotes":""},"class_list":["post-715","page","type-page","status-publish","hentry"],"_links":{"self":[{"href":"http:\/\/www2.unifap.br\/ouvidoria\/wp-json\/wp\/v2\/pages\/715","targetHints":{"allow":["GET"]}}],"collection":[{"href":"http:\/\/www2.unifap.br\/ouvidoria\/wp-json\/wp\/v2\/pages"}],"about":[{"href":"http:\/\/www2.unifap.br\/ouvidoria\/wp-json\/wp\/v2\/types\/page"}],"author":[{"embeddable":true,"href":"http:\/\/www2.unifap.br\/ouvidoria\/wp-json\/wp\/v2\/users\/3861"}],"replies":[{"embeddable":true,"href":"http:\/\/www2.unifap.br\/ouvidoria\/wp-json\/wp\/v2\/comments?post=715"}],"version-history":[{"count":14,"href":"http:\/\/www2.unifap.br\/ouvidoria\/wp-json\/wp\/v2\/pages\/715\/revisions"}],"predecessor-version":[{"id":1414,"href":"http:\/\/www2.unifap.br\/ouvidoria\/wp-json\/wp\/v2\/pages\/715\/revisions\/1414"}],"up":[{"embeddable":true,"href":"http:\/\/www2.unifap.br\/ouvidoria\/wp-json\/wp\/v2\/pages\/358"}],"wp:attachment":[{"href":"http:\/\/www2.unifap.br\/ouvidoria\/wp-json\/wp\/v2\/media?parent=715"}],"curies":[{"name":"wp","href":"https:\/\/api.w.org\/{rel}","templated":true}]}}