{"id":856,"date":"2022-08-23T18:23:35","date_gmt":"2022-08-23T18:23:35","guid":{"rendered":"https:\/\/www2.unifap.br\/ouvidoria\/?page_id=856"},"modified":"2022-08-23T18:33:26","modified_gmt":"2022-08-23T18:33:26","slug":"plataforma-fala-br","status":"publish","type":"page","link":"http:\/\/www2.unifap.br\/ouvidoria\/plataforma-fala-br\/","title":{"rendered":"PLATAFORMA FALA.BR"},"content":{"rendered":"<h2>PLATAFORMA FALA.BR<\/h2>\n<p>A Plataforma Fala.BR, criada e mantida pela CGU, \u00e9 de uso obrigat\u00f3rio pelas ouvidorias que fazem parte do SisOuv.&nbsp;<\/p>\n<div align=\"justify\">Para facilitar o contato do cidad\u00e3o com as Ouvidorias do Poder Executivo Federal, foi criado, pela CGU \u2013 Controladoria Geral da Uni\u00e3o, o <a href=\"https:\/\/falabr.cgu.gov.br\/publico\/Manifestacao\/SelecionarTipoManifestacao.aspx?ReturnUrl=%2f\" target=\"_blank\" rel=\"noopener noreferrer\">Fala.BR<\/a>. Atrav\u00e9s dele \u00e9 poss\u00edvel registrar manifesta\u00e7\u00f5es, consultar seus andamentos e verificar as respostas. Por ser um meio c\u00e9lere e eficiente de atendimento ao cidad\u00e3o, a Ouvidoria da UNIFAP utilizar\u00e1 o sistema <a href=\"https:\/\/falabr.cgu.gov.br\/publico\/Manifestacao\/SelecionarTipoManifestacao.aspx?ReturnUrl=%2f\" target=\"_blank\" rel=\"noopener noreferrer\">Fala.BR<\/a> como forma principal de registro de manifesta\u00e7\u00f5es da comunidade.<\/div>\n<div align=\"justify\">&nbsp;<\/div>\n<div align=\"justify\">O sistema funciona como um canal integrado. Voc\u00ea pode escolher para qual \u00f3rg\u00e3o\/entidade ser\u00e1 encaminhada sua manifesta\u00e7\u00e3o entre as institui\u00e7\u00f5es que j\u00e1 aderiram ao sistema.<\/div>\n<div align=\"justify\">&nbsp;<\/div>\n<div align=\"justify\">Ao registrar uma manifesta\u00e7\u00e3o voc\u00ea pode se identificar, informando seus dados, sem qualquer restri\u00e7\u00e3o de identidade, manifestar-se anonimamente ou optar por solicitar restri\u00e7\u00e3o de acesso a seus dados.<\/div>\n<div align=\"justify\">&nbsp;<\/div>\n<div align=\"justify\">Para saber quais s\u00e3o os&nbsp;<a href=\"https:\/\/wiki.cgu.gov.br\/index.php\/Fala.BR_-_Manual\" target=\"_blank\" rel=\"alternate noopener noreferrer\">tipos de manifesta\u00e7\u00e3o<\/a>&nbsp;recebidos no Sistema de Ouvidorias do Poder Executivo Federal (e-Ouv), acesse o&nbsp;<a href=\"https:\/\/wiki.cgu.gov.br\/index.php\/Fala.BR_-_Manual\" target=\"_blank\" rel=\"noopener noreferrer\">Fala.Br &#8211; Manual<\/a>.<\/div>\n<p>&nbsp;<\/p>\n<p><a href=\"https:\/\/falabr.cgu.gov.br\/publico\/Manifestacao\/SelecionarTipoManifestacao.aspx\"><img fetchpriority=\"high\" decoding=\"async\" class=\"alignnone size-full wp-image-857\" src=\"http:\/\/www2.unifap.br\/ouvidoria\/files\/2022\/08\/FalaBR.png\" alt=\"\" width=\"400\" height=\"400\"><\/a><\/p>\n<p>&nbsp;<\/p>\n<p><a href=\"http:\/\/paineis.cgu.gov.br\/resolveu\/index.htm\"><img decoding=\"async\" class=\"alignnone size-full wp-image-858\" src=\"http:\/\/www2.unifap.br\/ouvidoria\/files\/2022\/08\/painelresolveu.png\" alt=\"\" width=\"500\" height=\"402\"><\/a><\/p>\n","protected":false},"excerpt":{"rendered":"<p>PLATAFORMA FALA.BR A Plataforma Fala.BR, criada e mantida pela CGU, \u00e9 de uso obrigat\u00f3rio pelas ouvidorias que fazem parte do SisOuv.&nbsp; Para facilitar o contato do cidad\u00e3o com as Ouvidorias do Poder Executivo Federal, foi criado, pela CGU \u2013 Controladoria Geral da Uni\u00e3o, o Fala.BR. Atrav\u00e9s dele \u00e9 poss\u00edvel registrar manifesta\u00e7\u00f5es, consultar seus andamentos e&#8230;<\/p>\n","protected":false},"author":3861,"featured_media":0,"parent":0,"menu_order":0,"comment_status":"closed","ping_status":"closed","template":"","meta":{"inline_featured_image":false,"site-sidebar-layout":"default","site-content-layout":"","ast-site-content-layout":"default","site-content-style":"default","site-sidebar-style":"default","ast-global-header-display":"","ast-banner-title-visibility":"","ast-main-header-display":"","ast-hfb-above-header-display":"","ast-hfb-below-header-display":"","ast-hfb-mobile-header-display":"","site-post-title":"","ast-breadcrumbs-content":"","ast-featured-img":"","footer-sml-layout":"","theme-transparent-header-meta":"","adv-header-id-meta":"","stick-header-meta":"","header-above-stick-meta":"","header-main-stick-meta":"","header-below-stick-meta":"","astra-migrate-meta-layouts":"default","ast-page-background-enabled":"default","ast-page-background-meta":{"desktop":{"background-color":"var(--ast-global-color-4)","background-image":"","background-repeat":"repeat","background-position":"center center","background-size":"auto","background-attachment":"scroll","background-type":"","background-media":"","overlay-type":"","overlay-color":"","overlay-opacity":"","overlay-gradient":""},"tablet":{"background-color":"","background-image":"","background-repeat":"repeat","background-position":"center center","background-size":"auto","background-attachment":"scroll","background-type":"","background-media":"","overlay-type":"","overlay-color":"","overlay-opacity":"","overlay-gradient":""},"mobile":{"background-color":"","background-image":"","background-repeat":"repeat","background-position":"center center","background-size":"auto","background-attachment":"scroll","background-type":"","background-media":"","overlay-type":"","overlay-color":"","overlay-opacity":"","overlay-gradient":""}},"ast-content-background-meta":{"desktop":{"background-color":"var(--ast-global-color-5)","background-image":"","background-repeat":"repeat","background-position":"center center","background-size":"auto","background-attachment":"scroll","background-type":"","background-media":"","overlay-type":"","overlay-color":"","overlay-opacity":"","overlay-gradient":""},"tablet":{"background-color":"var(--ast-global-color-5)","background-image":"","background-repeat":"repeat","background-position":"center center","background-size":"auto","background-attachment":"scroll","background-type":"","background-media":"","overlay-type":"","overlay-color":"","overlay-opacity":"","overlay-gradient":""},"mobile":{"background-color":"var(--ast-global-color-5)","background-image":"","background-repeat":"repeat","background-position":"center center","background-size":"auto","background-attachment":"scroll","background-type":"","background-media":"","overlay-type":"","overlay-color":"","overlay-opacity":"","overlay-gradient":""}},"ngg_post_thumbnail":0,"footnotes":""},"class_list":["post-856","page","type-page","status-publish","hentry"],"_links":{"self":[{"href":"http:\/\/www2.unifap.br\/ouvidoria\/wp-json\/wp\/v2\/pages\/856","targetHints":{"allow":["GET"]}}],"collection":[{"href":"http:\/\/www2.unifap.br\/ouvidoria\/wp-json\/wp\/v2\/pages"}],"about":[{"href":"http:\/\/www2.unifap.br\/ouvidoria\/wp-json\/wp\/v2\/types\/page"}],"author":[{"embeddable":true,"href":"http:\/\/www2.unifap.br\/ouvidoria\/wp-json\/wp\/v2\/users\/3861"}],"replies":[{"embeddable":true,"href":"http:\/\/www2.unifap.br\/ouvidoria\/wp-json\/wp\/v2\/comments?post=856"}],"version-history":[{"count":7,"href":"http:\/\/www2.unifap.br\/ouvidoria\/wp-json\/wp\/v2\/pages\/856\/revisions"}],"predecessor-version":[{"id":867,"href":"http:\/\/www2.unifap.br\/ouvidoria\/wp-json\/wp\/v2\/pages\/856\/revisions\/867"}],"wp:attachment":[{"href":"http:\/\/www2.unifap.br\/ouvidoria\/wp-json\/wp\/v2\/media?parent=856"}],"curies":[{"name":"wp","href":"https:\/\/api.w.org\/{rel}","templated":true}]}}