{"id":10,"date":"2016-11-03T19:54:03","date_gmt":"2016-11-03T19:54:03","guid":{"rendered":"http:\/\/www2.unifap.br\/pamer\/?page_id=10"},"modified":"2016-12-06T17:07:44","modified_gmt":"2016-12-06T17:07:44","slug":"o-que-fazemos","status":"publish","type":"page","link":"http:\/\/www2.unifap.br\/pamer\/programa-de-apoio-a-migrantes-e-refugiados\/o-que-fazemos\/","title":{"rendered":"O que fazemos?"},"content":{"rendered":"<ol>\n<li>\u00a0Atuamos na assist\u00eancia jur\u00eddica \u00e0 refugiados e migrantes;<\/li>\n<li>Assist\u00eancia e atendimento psicol\u00f3gico;<\/li>\n<li>Ministramos aula de l\u00edngua portuguesa para os migrantes e refugiados;<\/li>\n<li>Cursos b\u00e1sicos de inform\u00e1tica aplicados \u00e0s necessidades mais comuns dos migrantes e refugiados, como a reda\u00e7\u00e3o de curr\u00edculos;<\/li>\n<li>Organizamos eventos acad\u00eamicos para promover e incentivar os professores e estudantes a pesquisar sobre a problem\u00e1tica da migra\u00e7\u00e3o e do ref\u00fagio, bem como eventos culturais e art\u00edsticos com enfoque no enfrentamento ao tr\u00e1fico de pessoas.<\/li>\n<\/ol>\n<p>&nbsp;<\/p>\n<ul>\n<li>Realizamos assist\u00eancia psicol\u00f3gica para mulheres, crian\u00e7as em adapta\u00e7\u00e3o escolar e homens, com particular aten\u00e7\u00e3o aqueles(as) que s\u00e3o v\u00edtimas de tr\u00e1fico de pessoas ou de abuso sexual durante o percurso migrat\u00f3rio.<\/li>\n<li>Orientamos os migrantes e refugiados quanto \u00e0 realiza\u00e7\u00e3o de documentos no Brasil e \u00e0 legisla\u00e7\u00e3o trabalhista brasileira.<\/li>\n<li>Ministramos e\/ou orientamos para a realiza\u00e7\u00e3o de aulas de portugu\u00eas para os migrantes e refugiados; aulas de franc\u00eas e de crioulo para os brasileiros ou estrangeiros que trabalham no setor privado ou p\u00fablico com migrantes e refugiados no Estado do Amap\u00e1.\u00a0A escolha dessas duas l\u00ednguas se justifica na medida em que o Amap\u00e1 \u00e9 uma regi\u00e3o fronteiri\u00e7a com a Guiana Francesa, pois boa parte dos migrantes que reside ou circula pelo Amap\u00e1 fala franc\u00eas e crioulo.<\/li>\n<\/ul>\n","protected":false},"excerpt":{"rendered":"<p>\u00a0Atuamos na assist\u00eancia jur\u00eddica \u00e0 refugiados e migrantes; Assist\u00eancia e atendimento psicol\u00f3gico; Ministramos aula de l\u00edngua portuguesa para os migrantes e refugiados; Cursos b\u00e1sicos de inform\u00e1tica aplicados \u00e0s necessidades mais comuns dos migrantes e refugiados, como a reda\u00e7\u00e3o de curr\u00edculos;&hellip; <\/p>\n<p><a href=\"http:\/\/www2.unifap.br\/pamer\/programa-de-apoio-a-migrantes-e-refugiados\/o-que-fazemos\/\" class=\"readmore-button\">Continue Reading<\/a><\/p>\n","protected":false},"author":937,"featured_media":0,"parent":23,"menu_order":2,"comment_status":"open","ping_status":"closed","template":"","meta":{"inline_featured_image":false,"ngg_post_thumbnail":0,"footnotes":""},"class_list":["post-10","page","type-page","status-publish","hentry"],"_links":{"self":[{"href":"http:\/\/www2.unifap.br\/pamer\/wp-json\/wp\/v2\/pages\/10","targetHints":{"allow":["GET"]}}],"collection":[{"href":"http:\/\/www2.unifap.br\/pamer\/wp-json\/wp\/v2\/pages"}],"about":[{"href":"http:\/\/www2.unifap.br\/pamer\/wp-json\/wp\/v2\/types\/page"}],"author":[{"embeddable":true,"href":"http:\/\/www2.unifap.br\/pamer\/wp-json\/wp\/v2\/users\/937"}],"replies":[{"embeddable":true,"href":"http:\/\/www2.unifap.br\/pamer\/wp-json\/wp\/v2\/comments?post=10"}],"version-history":[{"count":4,"href":"http:\/\/www2.unifap.br\/pamer\/wp-json\/wp\/v2\/pages\/10\/revisions"}],"predecessor-version":[{"id":94,"href":"http:\/\/www2.unifap.br\/pamer\/wp-json\/wp\/v2\/pages\/10\/revisions\/94"}],"up":[{"embeddable":true,"href":"http:\/\/www2.unifap.br\/pamer\/wp-json\/wp\/v2\/pages\/23"}],"wp:attachment":[{"href":"http:\/\/www2.unifap.br\/pamer\/wp-json\/wp\/v2\/media?parent=10"}],"curies":[{"name":"wp","href":"https:\/\/api.w.org\/{rel}","templated":true}]}}