{"id":12,"date":"2016-11-03T19:54:16","date_gmt":"2016-11-03T19:54:16","guid":{"rendered":"http:\/\/www2.unifap.br\/pamer\/?page_id=12"},"modified":"2017-05-29T14:55:18","modified_gmt":"2017-05-29T14:55:18","slug":"integrantes","status":"publish","type":"page","link":"http:\/\/www2.unifap.br\/pamer\/programa-de-apoio-a-migrantes-e-refugiados\/integrantes\/","title":{"rendered":"Integrantes"},"content":{"rendered":"<h4 style=\"text-align: justify\"><strong><span style=\"color: #000000\">DISCENTES<\/span><\/strong><\/h4>\n<p style=\"text-align: justify\"><a href=\"http:\/\/lattes.cnpq.br\/9788060194607489\" target=\"_blank\">Adriene Neves de Almeida<br \/>\n<\/a>Ci\u00eancias Sociais &#8211; UNIFAP<\/p>\n<p style=\"text-align: justify\"><a href=\"http:\/\/lattes.cnpq.br\/7720712221399035\" target=\"_blank\">Amanda Soares<br \/>\n<\/a>Ci\u00eancias Sociais &#8211; UNIFAP<br \/>\nDireito<\/p>\n<p style=\"text-align: justify\"><a href=\"http:\/\/lattes.cnpq.br\/7256628038001651\" target=\"_blank\">Caroline Brito Ferreira<\/a><br \/>\nRela\u00e7\u00f5es Internacionais &#8211; UNIFAP<\/p>\n<p style=\"text-align: justify\"><a href=\"http:\/\/lattes.cnpq.br\/9010708617229011\" target=\"_blank\">Eliakim Pedro dos Santos Pinheiro<\/a><br \/>\nRela\u00e7\u00f5es Internacionais &#8211; UNIFAP<\/p>\n<p style=\"text-align: justify\"><a href=\"http:\/\/lattes.cnpq.br\/9633415843727376\" target=\"_blank\">Layza Ariane Alves Bandeira<\/a><br \/>\nCi\u00eancias Sociais &#8211; UNIFAP<\/p>\n<p style=\"text-align: justify\"><a href=\"http:\/\/lattes.cnpq.br\/0279326424426584\" target=\"_blank\">Milena Queiroga Silva<\/a><br \/>\nRela\u00e7\u00f5es Internacionais &#8211; UNIFAP<br \/>\nDireito<\/p>\n<h4><strong>PROFESSORES<\/strong><\/h4>\n<p><a href=\"http:\/\/lattes.cnpq.br\/1430006777935600\">Prof. Dr. Joseph H<\/a><a href=\"http:\/\/lattes.cnpq.br\/1430006777935600\">anderson<\/a><a href=\"http:\/\/lattes.cnpq.br\/1430006777935600\"><br \/>\n<\/a>Coordenador do PAMER, Professor do Mestrado em Estudos de Fronteira e do Curso de Ci\u00eancias Sociais &#8211; UNIFAP.<\/p>\n<p><a href=\"http:\/\/lattes.cnpq.br\/2561386046768440\">Prof. Ms. Francine Pinto da Silva Joseph<br \/>\n<\/a>Professora Colaboradora do PAMER, Professora do Curso de Direito\/Campus Binacional &#8211; UNIFAP<\/p>\n","protected":false},"excerpt":{"rendered":"<p>DISCENTES Adriene Neves de Almeida Ci\u00eancias Sociais &#8211; UNIFAP Amanda Soares Ci\u00eancias Sociais &#8211; UNIFAP Direito Caroline Brito Ferreira Rela\u00e7\u00f5es Internacionais &#8211; UNIFAP Eliakim Pedro dos Santos Pinheiro Rela\u00e7\u00f5es Internacionais &#8211; UNIFAP Layza Ariane Alves Bandeira Ci\u00eancias Sociais &#8211; UNIFAP&hellip; <\/p>\n<p><a href=\"http:\/\/www2.unifap.br\/pamer\/programa-de-apoio-a-migrantes-e-refugiados\/integrantes\/\" class=\"readmore-button\">Continue Reading<\/a><\/p>\n","protected":false},"author":937,"featured_media":0,"parent":23,"menu_order":3,"comment_status":"open","ping_status":"closed","template":"","meta":{"inline_featured_image":false,"ngg_post_thumbnail":0,"footnotes":""},"class_list":["post-12","page","type-page","status-publish","hentry"],"_links":{"self":[{"href":"http:\/\/www2.unifap.br\/pamer\/wp-json\/wp\/v2\/pages\/12","targetHints":{"allow":["GET"]}}],"collection":[{"href":"http:\/\/www2.unifap.br\/pamer\/wp-json\/wp\/v2\/pages"}],"about":[{"href":"http:\/\/www2.unifap.br\/pamer\/wp-json\/wp\/v2\/types\/page"}],"author":[{"embeddable":true,"href":"http:\/\/www2.unifap.br\/pamer\/wp-json\/wp\/v2\/users\/937"}],"replies":[{"embeddable":true,"href":"http:\/\/www2.unifap.br\/pamer\/wp-json\/wp\/v2\/comments?post=12"}],"version-history":[{"count":14,"href":"http:\/\/www2.unifap.br\/pamer\/wp-json\/wp\/v2\/pages\/12\/revisions"}],"predecessor-version":[{"id":25,"href":"http:\/\/www2.unifap.br\/pamer\/wp-json\/wp\/v2\/pages\/12\/revisions\/25"}],"up":[{"embeddable":true,"href":"http:\/\/www2.unifap.br\/pamer\/wp-json\/wp\/v2\/pages\/23"}],"wp:attachment":[{"href":"http:\/\/www2.unifap.br\/pamer\/wp-json\/wp\/v2\/media?parent=12"}],"curies":[{"name":"wp","href":"https:\/\/api.w.org\/{rel}","templated":true}]}}