{"id":23,"date":"2016-11-04T04:15:49","date_gmt":"2016-11-04T04:15:49","guid":{"rendered":"http:\/\/www2.unifap.br\/pamer\/?page_id=23"},"modified":"2016-11-22T11:54:10","modified_gmt":"2016-11-22T11:54:10","slug":"programa-de-apoio-a-migrantes-e-refugiados","status":"publish","type":"page","link":"http:\/\/www2.unifap.br\/pamer\/programa-de-apoio-a-migrantes-e-refugiados\/","title":{"rendered":"Programa de Apoio a Migrantes e Refugiados &#8211; PAMER"},"content":{"rendered":"<p style=\"text-align: center\"><a href=\"http:\/\/www2.unifap.br\/pamer\/files\/2016\/11\/LOGO-PAMER-2.jpg\"><img fetchpriority=\"high\" decoding=\"async\" class=\"size-medium wp-image-5   aligncenter\" style=\"margin-top: 0px;margin-bottom: 0px;border: 0px\" alt=\"LOGO PAMER 2\" src=\"http:\/\/www2.unifap.br\/pamer\/files\/2016\/11\/LOGO-PAMER-2-300x235.jpg\" width=\"300\" height=\"235\" srcset=\"http:\/\/www2.unifap.br\/pamer\/files\/2016\/11\/LOGO-PAMER-2-300x235.jpg 300w, http:\/\/www2.unifap.br\/pamer\/files\/2016\/11\/LOGO-PAMER-2-229x180.jpg 229w, http:\/\/www2.unifap.br\/pamer\/files\/2016\/11\/LOGO-PAMER-2.jpg 961w\" sizes=\"(max-width: 300px) 100vw, 300px\" \/><\/a><\/p>\n<pre><strong>\r\nONDE NOS ENCONTRAR?<\/strong><\/pre>\n<p>Universidade Federal do Amap\u00e1 \u2013 UNIFAP,\u00a0Campus Marco Zero do Equador<br \/>\nLaborat\u00f3rio de Ci\u00eancias Sociais, sala 3.<\/p>\n<pre><strong>ATENDIMENTO AO P\u00daBLICO:<\/strong><\/pre>\n<p>Dias da semana: ter\u00e7a-feira e quinta-feira.<br \/>\nHor\u00e1rios: 14hs \u00e0s 18hs.<\/p>\n<pre><strong>CONTATOS<\/strong><\/pre>\n<p>Facebook: <a href=\"https:\/\/www.facebook.com\/pamer.unifap\/?ref=ts&amp;fref=ts\">PAMER &#8211; Programa de Apoio a Migrantes e Refugiados<\/a>.<br \/>\nEmail: pamer.unifap@gmail.com<br \/>\nTelefone: (96) 98125 &#8211; 9313<\/p>\n","protected":false},"excerpt":{"rendered":"<p>ONDE NOS ENCONTRAR? Universidade Federal do Amap\u00e1 \u2013 UNIFAP,\u00a0Campus Marco Zero do Equador Laborat\u00f3rio de Ci\u00eancias Sociais, sala 3. ATENDIMENTO AO P\u00daBLICO: Dias da semana: ter\u00e7a-feira e quinta-feira. Hor\u00e1rios: 14hs \u00e0s 18hs. CONTATOS Facebook: PAMER &#8211; Programa de Apoio a&hellip; <\/p>\n<p><a href=\"http:\/\/www2.unifap.br\/pamer\/programa-de-apoio-a-migrantes-e-refugiados\/\" class=\"readmore-button\">Continue Reading<\/a><\/p>\n","protected":false},"author":937,"featured_media":0,"parent":0,"menu_order":0,"comment_status":"open","ping_status":"open","template":"","meta":{"inline_featured_image":false,"ngg_post_thumbnail":0,"footnotes":""},"class_list":["post-23","page","type-page","status-publish","hentry"],"_links":{"self":[{"href":"http:\/\/www2.unifap.br\/pamer\/wp-json\/wp\/v2\/pages\/23","targetHints":{"allow":["GET"]}}],"collection":[{"href":"http:\/\/www2.unifap.br\/pamer\/wp-json\/wp\/v2\/pages"}],"about":[{"href":"http:\/\/www2.unifap.br\/pamer\/wp-json\/wp\/v2\/types\/page"}],"author":[{"embeddable":true,"href":"http:\/\/www2.unifap.br\/pamer\/wp-json\/wp\/v2\/users\/937"}],"replies":[{"embeddable":true,"href":"http:\/\/www2.unifap.br\/pamer\/wp-json\/wp\/v2\/comments?post=23"}],"version-history":[{"count":8,"href":"http:\/\/www2.unifap.br\/pamer\/wp-json\/wp\/v2\/pages\/23\/revisions"}],"predecessor-version":[{"id":57,"href":"http:\/\/www2.unifap.br\/pamer\/wp-json\/wp\/v2\/pages\/23\/revisions\/57"}],"wp:attachment":[{"href":"http:\/\/www2.unifap.br\/pamer\/wp-json\/wp\/v2\/media?parent=23"}],"curies":[{"name":"wp","href":"https:\/\/api.w.org\/{rel}","templated":true}]}}