{"id":29,"date":"2016-11-04T04:33:15","date_gmt":"2016-11-04T04:33:15","guid":{"rendered":"http:\/\/www2.unifap.br\/pamer\/?page_id=29"},"modified":"2017-05-22T18:25:27","modified_gmt":"2017-05-22T18:25:27","slug":"lancamento-do-programa-de-apoio-a-migrantes-e-refugiados-pamer-unifap","status":"publish","type":"page","link":"http:\/\/www2.unifap.br\/pamer\/eventos\/2016-2\/lancamento-do-programa-de-apoio-a-migrantes-e-refugiados-pamer-unifap\/","title":{"rendered":"Lan\u00e7amento do Programa de Apoio a Migrantes e Refugiados &#8211; PAMER \/ UNIFAP"},"content":{"rendered":"<address><a href=\"http:\/\/www2.unifap.br\/pamer\/files\/2016\/11\/13321987_1022484274504803_6580199923673843457_n.jpg\"><img fetchpriority=\"high\" decoding=\"async\" class=\"size-medium wp-image-105 aligncenter\" alt=\"\" src=\"http:\/\/www2.unifap.br\/pamer\/files\/2016\/11\/13321987_1022484274504803_6580199923673843457_n-230x300.jpg\" width=\"230\" height=\"300\" srcset=\"http:\/\/www2.unifap.br\/pamer\/files\/2016\/11\/13321987_1022484274504803_6580199923673843457_n-230x300.jpg 230w, http:\/\/www2.unifap.br\/pamer\/files\/2016\/11\/13321987_1022484274504803_6580199923673843457_n.jpg 738w\" sizes=\"(max-width: 230px) 100vw, 230px\" \/><\/a><\/address>\n<p><strong>Data:\u00a0<\/strong>07 de junho de 2016<br \/>\n<strong>Hor\u00e1rio: <\/strong>18h<br \/>\n<strong>Local: <\/strong>Audit\u00f3rio do DEPLA, Universidade Federal do Amap\u00e1 (UNIFAP) &#8211; Marco Zero do Equador.<\/p>\n<p><strong>Descri\u00e7\u00e3o:<\/strong><\/p>\n<p><em>em constru\u00e7\u00e3o<\/em><\/p>\n<ul>\n<li><strong><a href=\"https:\/\/drive.google.com\/drive\/folders\/0B0uJbOa7TAEybmtxNUlqWTlYNlk?usp=sharing\">Certificados<\/a><\/strong><\/li>\n<\/ul>\n","protected":false},"excerpt":{"rendered":"<p>Data:\u00a007 de junho de 2016 Hor\u00e1rio: 18h Local: Audit\u00f3rio do DEPLA, Universidade Federal do Amap\u00e1 (UNIFAP) &#8211; Marco Zero do Equador. Descri\u00e7\u00e3o: em constru\u00e7\u00e3o Certificados<\/p>\n","protected":false},"author":937,"featured_media":0,"parent":109,"menu_order":1,"comment_status":"open","ping_status":"closed","template":"","meta":{"inline_featured_image":false,"ngg_post_thumbnail":0,"footnotes":""},"class_list":["post-29","page","type-page","status-publish","hentry"],"_links":{"self":[{"href":"http:\/\/www2.unifap.br\/pamer\/wp-json\/wp\/v2\/pages\/29","targetHints":{"allow":["GET"]}}],"collection":[{"href":"http:\/\/www2.unifap.br\/pamer\/wp-json\/wp\/v2\/pages"}],"about":[{"href":"http:\/\/www2.unifap.br\/pamer\/wp-json\/wp\/v2\/types\/page"}],"author":[{"embeddable":true,"href":"http:\/\/www2.unifap.br\/pamer\/wp-json\/wp\/v2\/users\/937"}],"replies":[{"embeddable":true,"href":"http:\/\/www2.unifap.br\/pamer\/wp-json\/wp\/v2\/comments?post=29"}],"version-history":[{"count":5,"href":"http:\/\/www2.unifap.br\/pamer\/wp-json\/wp\/v2\/pages\/29\/revisions"}],"predecessor-version":[{"id":66,"href":"http:\/\/www2.unifap.br\/pamer\/wp-json\/wp\/v2\/pages\/29\/revisions\/66"}],"up":[{"embeddable":true,"href":"http:\/\/www2.unifap.br\/pamer\/wp-json\/wp\/v2\/pages\/109"}],"wp:attachment":[{"href":"http:\/\/www2.unifap.br\/pamer\/wp-json\/wp\/v2\/media?parent=29"}],"curies":[{"name":"wp","href":"https:\/\/api.w.org\/{rel}","templated":true}]}}