{"id":31,"date":"2016-11-04T04:34:08","date_gmt":"2016-11-04T04:34:08","guid":{"rendered":"http:\/\/www2.unifap.br\/pamer\/?page_id=31"},"modified":"2017-05-22T18:25:37","modified_gmt":"2017-05-22T18:25:37","slug":"jornada-internacional-sobre-mobilidade-de-pessoas-e-direitos-humanos-na-fronteira-franco-brasileira-guiana-francesa-e-brasil","status":"publish","type":"page","link":"http:\/\/www2.unifap.br\/pamer\/eventos\/2016-2\/jornada-internacional-sobre-mobilidade-de-pessoas-e-direitos-humanos-na-fronteira-franco-brasileira-guiana-francesa-e-brasil\/","title":{"rendered":"Jornada Internacional sobre Mobilidade de pessoas e Direitos Humanos na Fronteira Franco-brasileira (Guiana Francesa e Brasil)"},"content":{"rendered":"<p style=\"text-align: center\"><a href=\"http:\/\/www2.unifap.br\/pamer\/files\/2016\/11\/14192771_1089328041153759_1798731389911585390_n.png\"><img fetchpriority=\"high\" decoding=\"async\" class=\"size-medium wp-image-101 aligncenter\" alt=\"\" src=\"http:\/\/www2.unifap.br\/pamer\/files\/2016\/11\/14192771_1089328041153759_1798731389911585390_n-212x300.png\" width=\"212\" height=\"300\" srcset=\"http:\/\/www2.unifap.br\/pamer\/files\/2016\/11\/14192771_1089328041153759_1798731389911585390_n-212x300.png 212w, http:\/\/www2.unifap.br\/pamer\/files\/2016\/11\/14192771_1089328041153759_1798731389911585390_n.png 679w\" sizes=\"(max-width: 212px) 100vw, 212px\" \/><\/a><\/p>\n<p><strong>Data:<\/strong> S\u00e1bado, dia 10 de setembro de 2016.<br \/>\n<strong>Hor\u00e1rio:<\/strong> 13 hs at\u00e9 19 hs<br \/>\n<strong>Local:<\/strong> Audit\u00f3rio Colares, Campus Binacional (Oiapoque) da Universidade Federal do Amap\u00e1 (UNIFAP).<\/p>\n<p><strong>Descri\u00e7\u00e3o:<\/strong><\/p>\n<p>Debate sobre a mobilidade e a circula\u00e7\u00e3o de pessoas na fronteira binacional (Guiana Francesa-Brasil) no contexto dos Direitos Humanos, bem como o acolhimento dos migrantes na fronteira e a coopera\u00e7\u00e3o franco-brasileira, do ponto de vista dos Governos e da Sociedade Civil.<\/p>\n<p>O evento reuniu estudiosos nacionais e internacionais sobre a tem\u00e1tica do mesmo, representantes dos Governos (Ex\u00e9rcito brasileiro, Pol\u00edcia Federal, etc ), institui\u00e7\u00f5es e associa\u00e7\u00f5es de acolhimento e os pr\u00f3prios migrantes, com o objetivo de debater e refletir sobre quest\u00f5es que envolvem o processo de circula\u00e7\u00e3o de pessoas no contexto (trans)fronteiri\u00e7o, ampliando o conhecimento dos dilemas e demandas (propostas efetivas) das pessoas que circulam na\/pela fronteira.<\/p>\n<ul>\n<li><strong><a href=\"https:\/\/drive.google.com\/drive\/folders\/0B0uJbOa7TAEyWVRlSzVHdDdBemM\">CERTIFICADOS<\/a><\/strong><\/li>\n<\/ul>\n","protected":false},"excerpt":{"rendered":"<p>Data: S\u00e1bado, dia 10 de setembro de 2016. Hor\u00e1rio: 13 hs at\u00e9 19 hs Local: Audit\u00f3rio Colares, Campus Binacional (Oiapoque) da Universidade Federal do Amap\u00e1 (UNIFAP). Descri\u00e7\u00e3o: Debate sobre a mobilidade e a circula\u00e7\u00e3o de pessoas na fronteira binacional (Guiana&hellip; <\/p>\n<p><a href=\"http:\/\/www2.unifap.br\/pamer\/eventos\/2016-2\/jornada-internacional-sobre-mobilidade-de-pessoas-e-direitos-humanos-na-fronteira-franco-brasileira-guiana-francesa-e-brasil\/\" class=\"readmore-button\">Continue Reading<\/a><\/p>\n","protected":false},"author":937,"featured_media":0,"parent":109,"menu_order":2,"comment_status":"open","ping_status":"closed","template":"","meta":{"inline_featured_image":false,"ngg_post_thumbnail":0,"footnotes":""},"class_list":["post-31","page","type-page","status-publish","hentry"],"_links":{"self":[{"href":"http:\/\/www2.unifap.br\/pamer\/wp-json\/wp\/v2\/pages\/31","targetHints":{"allow":["GET"]}}],"collection":[{"href":"http:\/\/www2.unifap.br\/pamer\/wp-json\/wp\/v2\/pages"}],"about":[{"href":"http:\/\/www2.unifap.br\/pamer\/wp-json\/wp\/v2\/types\/page"}],"author":[{"embeddable":true,"href":"http:\/\/www2.unifap.br\/pamer\/wp-json\/wp\/v2\/users\/937"}],"replies":[{"embeddable":true,"href":"http:\/\/www2.unifap.br\/pamer\/wp-json\/wp\/v2\/comments?post=31"}],"version-history":[{"count":11,"href":"http:\/\/www2.unifap.br\/pamer\/wp-json\/wp\/v2\/pages\/31\/revisions"}],"predecessor-version":[{"id":96,"href":"http:\/\/www2.unifap.br\/pamer\/wp-json\/wp\/v2\/pages\/31\/revisions\/96"}],"up":[{"embeddable":true,"href":"http:\/\/www2.unifap.br\/pamer\/wp-json\/wp\/v2\/pages\/109"}],"wp:attachment":[{"href":"http:\/\/www2.unifap.br\/pamer\/wp-json\/wp\/v2\/media?parent=31"}],"curies":[{"name":"wp","href":"https:\/\/api.w.org\/{rel}","templated":true}]}}