{"id":36,"date":"2016-11-04T04:38:34","date_gmt":"2016-11-04T04:38:34","guid":{"rendered":"http:\/\/www2.unifap.br\/pamer\/?page_id=36"},"modified":"2016-11-17T17:37:45","modified_gmt":"2016-11-17T17:37:45","slug":"edital-2016-1-apresentacao-de-trabalhos","status":"publish","type":"page","link":"http:\/\/www2.unifap.br\/pamer\/eventos\/2016-2\/i-seminario-sobre-migracao-e-refugio-na-regiao-fronteirica-franco-brasileira\/edital-2016-1-apresentacao-de-trabalhos\/","title":{"rendered":"Edital 2016.1 \u2013 Apresenta\u00e7\u00e3o de trabalhos"},"content":{"rendered":"<p>A Coordena\u00e7\u00e3o do Programa de Apoio aos Migrantes e Refugiados \u2013 PAMER, vinculada \u00e0\u00a0Pr\u00f3-Reitoria de Extens\u00e3o e A\u00e7\u00f5es Comunit\u00e1rias da Universidade Federal do Amap\u00e1\u00a0(UNIFAP), no uso de suas atribui\u00e7\u00f5es, torna p\u00fablica a abertura de inscri\u00e7\u00f5es e estabelece as normas relativas \u00e0 apresenta\u00e7\u00e3o de trabalho durante I Semin\u00e1rio \u201c<strong>Migra\u00e7\u00e3o e Ref\u00fagio na Regi\u00e3o Fronteiri\u00e7a\u00a0Franco-Brasileira<\/strong>\u201d, que ocorrer\u00e1 nos dias 6 e 7 de dezembro de 2016, no Campus Marco Zero\u00a0da Universidade Federal do Amap\u00e1, em Macap\u00e1.<\/p>\n<p><a href=\"http:\/\/www2.unifap.br\/pamer\/files\/2016\/11\/document1.pdf\">Edital 2016.1 &#8211; Apresenta\u00e7\u00e3o de Trabalhos<\/a><\/p>\n","protected":false},"excerpt":{"rendered":"<p>A Coordena\u00e7\u00e3o do Programa de Apoio aos Migrantes e Refugiados \u2013 PAMER, vinculada \u00e0\u00a0Pr\u00f3-Reitoria de Extens\u00e3o e A\u00e7\u00f5es Comunit\u00e1rias da Universidade Federal do Amap\u00e1\u00a0(UNIFAP), no uso de suas atribui\u00e7\u00f5es, torna p\u00fablica a abertura de inscri\u00e7\u00f5es e estabelece as normas relativas&hellip; <\/p>\n<p><a href=\"http:\/\/www2.unifap.br\/pamer\/eventos\/2016-2\/i-seminario-sobre-migracao-e-refugio-na-regiao-fronteirica-franco-brasileira\/edital-2016-1-apresentacao-de-trabalhos\/\" class=\"readmore-button\">Continue Reading<\/a><\/p>\n","protected":false},"author":937,"featured_media":0,"parent":33,"menu_order":0,"comment_status":"open","ping_status":"open","template":"","meta":{"inline_featured_image":false,"ngg_post_thumbnail":0,"footnotes":""},"class_list":["post-36","page","type-page","status-publish","hentry"],"_links":{"self":[{"href":"http:\/\/www2.unifap.br\/pamer\/wp-json\/wp\/v2\/pages\/36","targetHints":{"allow":["GET"]}}],"collection":[{"href":"http:\/\/www2.unifap.br\/pamer\/wp-json\/wp\/v2\/pages"}],"about":[{"href":"http:\/\/www2.unifap.br\/pamer\/wp-json\/wp\/v2\/types\/page"}],"author":[{"embeddable":true,"href":"http:\/\/www2.unifap.br\/pamer\/wp-json\/wp\/v2\/users\/937"}],"replies":[{"embeddable":true,"href":"http:\/\/www2.unifap.br\/pamer\/wp-json\/wp\/v2\/comments?post=36"}],"version-history":[{"count":4,"href":"http:\/\/www2.unifap.br\/pamer\/wp-json\/wp\/v2\/pages\/36\/revisions"}],"predecessor-version":[{"id":55,"href":"http:\/\/www2.unifap.br\/pamer\/wp-json\/wp\/v2\/pages\/36\/revisions\/55"}],"up":[{"embeddable":true,"href":"http:\/\/www2.unifap.br\/pamer\/wp-json\/wp\/v2\/pages\/33"}],"wp:attachment":[{"href":"http:\/\/www2.unifap.br\/pamer\/wp-json\/wp\/v2\/media?parent=36"}],"curies":[{"name":"wp","href":"https:\/\/api.w.org\/{rel}","templated":true}]}}