{"id":6535,"date":"2016-02-26T13:22:21","date_gmt":"2016-02-26T13:22:21","guid":{"rendered":"http:\/\/www2.unifap.br\/parfor\/?page_id=6535"},"modified":"2016-02-26T13:34:30","modified_gmt":"2016-02-26T13:34:30","slug":"regulamento-de-estagio-supervisionado","status":"publish","type":"page","link":"http:\/\/www2.unifap.br\/parfor\/cursos\/matematica\/regulamentos\/regulamento-de-estagio-supervisionado\/","title":{"rendered":"Regulamento de Est\u00e1gio Supervisionado"},"content":{"rendered":"<p>Segue o regulamento de Est\u00e1gio Supervisionado aprovado pelo CONSU na Resolu\u00e7\u00e3o n\u00ba. 02\/2010, do dia 26 de fevereiro de 2010.<\/p>\n<p><strong><a href=\"http:\/\/www2.unifap.br\/consu\/files\/2011\/07\/Res.-02-10-Est%C3%A1gio-Supervisionado.pdf\">Resolu\u00e7\u00e3o n\u00ba. 02\/2010<\/a><br \/>\n<\/strong><\/p>\n","protected":false},"excerpt":{"rendered":"<p>Segue o regulamento de Est\u00e1gio Supervisionado aprovado pelo CONSU na Resolu\u00e7\u00e3o n\u00ba. 02\/2010, do dia 26 de fevereiro de 2010. Resolu\u00e7\u00e3o n\u00ba. 02\/2010<\/p>\n","protected":false},"author":859,"featured_media":0,"parent":6543,"menu_order":0,"comment_status":"open","ping_status":"open","template":"","meta":{"inline_featured_image":false,"ngg_post_thumbnail":0,"footnotes":""},"class_list":["post-6535","page","type-page","status-publish","hentry","entry"],"_links":{"self":[{"href":"http:\/\/www2.unifap.br\/parfor\/wp-json\/wp\/v2\/pages\/6535","targetHints":{"allow":["GET"]}}],"collection":[{"href":"http:\/\/www2.unifap.br\/parfor\/wp-json\/wp\/v2\/pages"}],"about":[{"href":"http:\/\/www2.unifap.br\/parfor\/wp-json\/wp\/v2\/types\/page"}],"author":[{"embeddable":true,"href":"http:\/\/www2.unifap.br\/parfor\/wp-json\/wp\/v2\/users\/859"}],"replies":[{"embeddable":true,"href":"http:\/\/www2.unifap.br\/parfor\/wp-json\/wp\/v2\/comments?post=6535"}],"version-history":[{"count":1,"href":"http:\/\/www2.unifap.br\/parfor\/wp-json\/wp\/v2\/pages\/6535\/revisions"}],"predecessor-version":[{"id":6536,"href":"http:\/\/www2.unifap.br\/parfor\/wp-json\/wp\/v2\/pages\/6535\/revisions\/6536"}],"up":[{"embeddable":true,"href":"http:\/\/www2.unifap.br\/parfor\/wp-json\/wp\/v2\/pages\/6543"}],"wp:attachment":[{"href":"http:\/\/www2.unifap.br\/parfor\/wp-json\/wp\/v2\/media?parent=6535"}],"curies":[{"name":"wp","href":"https:\/\/api.w.org\/{rel}","templated":true}]}}