{"id":6539,"date":"2016-02-26T13:26:45","date_gmt":"2016-02-26T13:26:45","guid":{"rendered":"http:\/\/www2.unifap.br\/parfor\/?page_id=6539"},"modified":"2016-02-26T13:34:19","modified_gmt":"2016-02-26T13:34:19","slug":"resolucao-de-iniciacao-cientifica-voluntaria","status":"publish","type":"page","link":"http:\/\/www2.unifap.br\/parfor\/cursos\/matematica\/regulamentos\/resolucao-de-iniciacao-cientifica-voluntaria\/","title":{"rendered":"Regulamento de Inicia\u00e7\u00e3o Cient\u00edfica Volunt\u00e1ria"},"content":{"rendered":"<p>Segue o regulamento de Inicia\u00e7\u00e3o Cient\u00edfica Volunt\u00e1ria aprovado pelo CONSU na Resolu\u00e7\u00e3o n\u00ba. 07\/2010, do dia 25 de junho de 2010.<\/p>\n<p><a href=\"http:\/\/www2.unifap.br\/consu\/files\/2011\/07\/Resolu%C3%A7%C3%A3o-n%C2%BA-07-10-PROVIC.pdf\"><strong>Resolu\u00e7\u00e3o n\u00ba. 07\/2010<\/strong><\/a><\/p>\n","protected":false},"excerpt":{"rendered":"<p>Segue o regulamento de Inicia\u00e7\u00e3o Cient\u00edfica Volunt\u00e1ria aprovado pelo CONSU na Resolu\u00e7\u00e3o n\u00ba. 07\/2010, do dia 25 de junho de 2010. Resolu\u00e7\u00e3o n\u00ba. 07\/2010<\/p>\n","protected":false},"author":859,"featured_media":0,"parent":6543,"menu_order":0,"comment_status":"open","ping_status":"open","template":"","meta":{"inline_featured_image":false,"ngg_post_thumbnail":0,"footnotes":""},"class_list":["post-6539","page","type-page","status-publish","hentry","entry"],"_links":{"self":[{"href":"http:\/\/www2.unifap.br\/parfor\/wp-json\/wp\/v2\/pages\/6539","targetHints":{"allow":["GET"]}}],"collection":[{"href":"http:\/\/www2.unifap.br\/parfor\/wp-json\/wp\/v2\/pages"}],"about":[{"href":"http:\/\/www2.unifap.br\/parfor\/wp-json\/wp\/v2\/types\/page"}],"author":[{"embeddable":true,"href":"http:\/\/www2.unifap.br\/parfor\/wp-json\/wp\/v2\/users\/859"}],"replies":[{"embeddable":true,"href":"http:\/\/www2.unifap.br\/parfor\/wp-json\/wp\/v2\/comments?post=6539"}],"version-history":[{"count":2,"href":"http:\/\/www2.unifap.br\/parfor\/wp-json\/wp\/v2\/pages\/6539\/revisions"}],"predecessor-version":[{"id":6545,"href":"http:\/\/www2.unifap.br\/parfor\/wp-json\/wp\/v2\/pages\/6539\/revisions\/6545"}],"up":[{"embeddable":true,"href":"http:\/\/www2.unifap.br\/parfor\/wp-json\/wp\/v2\/pages\/6543"}],"wp:attachment":[{"href":"http:\/\/www2.unifap.br\/parfor\/wp-json\/wp\/v2\/media?parent=6539"}],"curies":[{"name":"wp","href":"https:\/\/api.w.org\/{rel}","templated":true}]}}