{"id":6741,"date":"2016-07-08T22:08:26","date_gmt":"2016-07-08T22:08:26","guid":{"rendered":"http:\/\/www2.unifap.br\/parfor\/?page_id=6741"},"modified":"2016-07-29T12:07:08","modified_gmt":"2016-07-29T12:07:08","slug":"edital-no-0042016-parforprogradunifap","status":"publish","type":"page","link":"http:\/\/www2.unifap.br\/parfor\/editais\/2016-2\/edital-no-0042016-parforprogradunifap\/","title":{"rendered":"Edital n\u00ba 004\/2016 &#8211; PARFOR\/PROGRAD\/UNIFAP"},"content":{"rendered":"<p>A Coordena\u00e7\u00e3o Geral do PARFOR\/UNIFAP, Campus Marco Zero, no uso de suas atribui\u00e7\u00f5es e, de acordo com o Plano Nacional de Forma\u00e7\u00e3o de Professores da Educa\u00e7\u00e3o B\u00e1sica (PARFOR\/CAPES) institu\u00eddo pela Portaria Normativa n\u00b0 09, de 30 de Junho de 2009 &#8211; MEC, torna p\u00fablico o Edital n\u00ba 004\/2016 &#8211; PARFOR\/PROGRAD\/UNIFAP para a sele\u00e7\u00e3o de candidatos ao Programa de Bolsa Perman\u00eancia a Estudantes do PARFOR desta IFES.<\/p>\n<p><a style=\"line-height: 1.5em\" href=\"http:\/\/www2.unifap.br\/parfor\/files\/2016\/07\/Edital-004-2016-Bolsa-Perman\u00eancia1.pdf\">Edital 004-2016 &#8211; Bolsa Perman\u00eancia<\/a><\/p>\n<p><a href=\"http:\/\/www2.unifap.br\/parfor\/editais\/2016-2\/edital-no-0042016-parforprogradunifap\/retificacao-i-edital-no-0042016-parforprogradunifap\/\">Retifica\u00e7\u00e3o I \u2013 Datas \u2013 Edital n\u00ba 004-2016<\/a><\/p>\n<p><a href=\"http:\/\/www2.unifap.br\/parfor\/editais\/2016-2\/edital-no-0042016-parforprogradunifap\/agenda-de-entrevistas-i-edital-no-0042016-parforprogradunifap\/\">Agenda de Entrevistas I &#8211; Edital n\u00ba 004-2016<\/a><\/p>\n<p><a href=\"http:\/\/www2.unifap.br\/parfor\/editais\/2016-2\/edital-no-0042016-parforprogradunifap\/agenda-de-entrevistas-ii-edital-no-0042016-parforprogradunifap\/\">Agenda de Entrevistas II &#8211; Edital n\u00b0 004-2016<\/a><\/p>\n<p><a href=\"http:\/\/www2.unifap.br\/parfor\/editais\/2016-2\/edital-no-0042016-parforprogradunifap\/resultado-parcial-edital-no-0042016-parforprogradunifap\/\">Resultado Parcial &#8211; Edital n\u00ba 004-2016<\/a><\/p>\n<p><a href=\"http:\/\/www2.unifap.br\/parfor\/editais\/2016-2\/edital-no-0042016-parforprogradunifap\/retificacao-ii-edital-no-0042016-parforprogradunifap\/\">Retifica\u00e7\u00e3o II &#8211; Resultado Parcial- Edital n\u00ba 004-2016<\/a><\/p>\n<p><a href=\"http:\/\/www2.unifap.br\/parfor\/editais\/2016-2\/edital-no-0042016-parforprogradunifap\/retificacao-iii-edital-no-0042016-parforprogradunifap\/\">Retifica\u00e7\u00e3o III &#8211; Resultado Parcial- Edital n\u00ba 004-2016\u00a0<\/a><\/p>\n<p><a href=\"http:\/\/www2.unifap.br\/parfor\/editais\/2016-2\/edital-no-0042016-parforprogradunifap\/resultado-final-edital-no-0042016-parforprogradunifap\/\">Resultado Final &#8211; Edital n\u00ba 004\/2016<\/a><img decoding=\"async\" class=\"alignnone size-full wp-image-6430\" style=\"line-height: 1.5em\" alt=\"novo\" src=\"http:\/\/www2.unifap.br\/parfor\/files\/2013\/04\/novo.gif\" width=\"31\" height=\"12\" \/><\/p>\n","protected":false},"excerpt":{"rendered":"<p>A Coordena\u00e7\u00e3o Geral do PARFOR\/UNIFAP, Campus Marco Zero, no uso de suas atribui\u00e7\u00f5es e, de acordo com o Plano Nacional de Forma\u00e7\u00e3o de Professores da Educa\u00e7\u00e3o B\u00e1sica (PARFOR\/CAPES) institu\u00eddo pela Portaria Normativa n\u00b0 09, de 30 de Junho de 2009 &#8211; MEC, torna p\u00fablico o Edital n\u00ba 004\/2016 &#8211; PARFOR\/PROGRAD\/UNIFAP para a sele\u00e7\u00e3o de candidatos&#8230;<\/p>\n","protected":false},"author":859,"featured_media":0,"parent":6736,"menu_order":0,"comment_status":"open","ping_status":"open","template":"","meta":{"inline_featured_image":false,"ngg_post_thumbnail":0,"footnotes":""},"class_list":["post-6741","page","type-page","status-publish","hentry","entry"],"_links":{"self":[{"href":"http:\/\/www2.unifap.br\/parfor\/wp-json\/wp\/v2\/pages\/6741","targetHints":{"allow":["GET"]}}],"collection":[{"href":"http:\/\/www2.unifap.br\/parfor\/wp-json\/wp\/v2\/pages"}],"about":[{"href":"http:\/\/www2.unifap.br\/parfor\/wp-json\/wp\/v2\/types\/page"}],"author":[{"embeddable":true,"href":"http:\/\/www2.unifap.br\/parfor\/wp-json\/wp\/v2\/users\/859"}],"replies":[{"embeddable":true,"href":"http:\/\/www2.unifap.br\/parfor\/wp-json\/wp\/v2\/comments?post=6741"}],"version-history":[{"count":12,"href":"http:\/\/www2.unifap.br\/parfor\/wp-json\/wp\/v2\/pages\/6741\/revisions"}],"predecessor-version":[{"id":6834,"href":"http:\/\/www2.unifap.br\/parfor\/wp-json\/wp\/v2\/pages\/6741\/revisions\/6834"}],"up":[{"embeddable":true,"href":"http:\/\/www2.unifap.br\/parfor\/wp-json\/wp\/v2\/pages\/6736"}],"wp:attachment":[{"href":"http:\/\/www2.unifap.br\/parfor\/wp-json\/wp\/v2\/media?parent=6741"}],"curies":[{"name":"wp","href":"https:\/\/api.w.org\/{rel}","templated":true}]}}