{"id":6800,"date":"2016-07-25T17:49:55","date_gmt":"2016-07-25T17:49:55","guid":{"rendered":"http:\/\/www2.unifap.br\/parfor\/?page_id=6800"},"modified":"2016-07-26T11:02:06","modified_gmt":"2016-07-26T11:02:06","slug":"resultado-parcial-edital-no-0042016-parforprogradunifap","status":"publish","type":"page","link":"http:\/\/www2.unifap.br\/parfor\/editais\/2016-2\/edital-no-0042016-parforprogradunifap\/resultado-parcial-edital-no-0042016-parforprogradunifap\/","title":{"rendered":"Resultado Parcial \u2013 Edital n\u00ba 004\/2016-PARFOR\/PROGRAD\/UNIFAP"},"content":{"rendered":"<p>A Coordena\u00e7\u00e3o Geral do PARFOR\/UNIFAP, Campus Marco Zero, no uso de suas atribui\u00e7\u00f5es e, de acordo com o Plano Nacional de Forma\u00e7\u00e3o de Professores da Educa\u00e7\u00e3o B\u00e1sica (PARFOR\/CAPES) institu\u00eddo pela Portaria Normativa n\u00b0 09, de 30 de Junho de 2009 \u2013 MEC, torna p\u00fablico o Resultado Parcial, referente ao Edital n\u00ba 004\/2016-PARFOR\/PROGRAD\/UNIFAP.<\/p>\n<p><a href=\"http:\/\/www2.unifap.br\/parfor\/files\/2016\/07\/RESULTADO-PARCIAL-Edital-004-2016_PARFOR.pdf\">RESULTADO PARCIAL &#8211; Edital 004-2016_PARFOR<\/a><\/p>\n","protected":false},"excerpt":{"rendered":"<p>A Coordena\u00e7\u00e3o Geral do PARFOR\/UNIFAP, Campus Marco Zero, no uso de suas atribui\u00e7\u00f5es e, de acordo com o Plano Nacional de Forma\u00e7\u00e3o de Professores da Educa\u00e7\u00e3o B\u00e1sica (PARFOR\/CAPES) institu\u00eddo pela Portaria Normativa n\u00b0 09, de 30 de Junho de 2009 \u2013 MEC, torna p\u00fablico o Resultado Parcial, referente ao Edital n\u00ba 004\/2016-PARFOR\/PROGRAD\/UNIFAP. RESULTADO PARCIAL &#8211;&#8230;<\/p>\n","protected":false},"author":859,"featured_media":0,"parent":6741,"menu_order":0,"comment_status":"open","ping_status":"open","template":"","meta":{"inline_featured_image":false,"ngg_post_thumbnail":0,"footnotes":""},"class_list":["post-6800","page","type-page","status-publish","hentry","entry"],"_links":{"self":[{"href":"http:\/\/www2.unifap.br\/parfor\/wp-json\/wp\/v2\/pages\/6800","targetHints":{"allow":["GET"]}}],"collection":[{"href":"http:\/\/www2.unifap.br\/parfor\/wp-json\/wp\/v2\/pages"}],"about":[{"href":"http:\/\/www2.unifap.br\/parfor\/wp-json\/wp\/v2\/types\/page"}],"author":[{"embeddable":true,"href":"http:\/\/www2.unifap.br\/parfor\/wp-json\/wp\/v2\/users\/859"}],"replies":[{"embeddable":true,"href":"http:\/\/www2.unifap.br\/parfor\/wp-json\/wp\/v2\/comments?post=6800"}],"version-history":[{"count":1,"href":"http:\/\/www2.unifap.br\/parfor\/wp-json\/wp\/v2\/pages\/6800\/revisions"}],"predecessor-version":[{"id":6802,"href":"http:\/\/www2.unifap.br\/parfor\/wp-json\/wp\/v2\/pages\/6800\/revisions\/6802"}],"up":[{"embeddable":true,"href":"http:\/\/www2.unifap.br\/parfor\/wp-json\/wp\/v2\/pages\/6741"}],"wp:attachment":[{"href":"http:\/\/www2.unifap.br\/parfor\/wp-json\/wp\/v2\/media?parent=6800"}],"curies":[{"name":"wp","href":"https:\/\/api.w.org\/{rel}","templated":true}]}}