{"id":6822,"date":"2016-07-27T15:01:53","date_gmt":"2016-07-27T15:01:53","guid":{"rendered":"http:\/\/www2.unifap.br\/parfor\/?page_id=6822"},"modified":"2016-07-27T15:02:17","modified_gmt":"2016-07-27T15:02:17","slug":"retificacao-iii-edital-no-0042016-parforprogradunifap","status":"publish","type":"page","link":"http:\/\/www2.unifap.br\/parfor\/editais\/2016-2\/edital-no-0042016-parforprogradunifap\/retificacao-iii-edital-no-0042016-parforprogradunifap\/","title":{"rendered":"Retifica\u00e7\u00e3o III \u2013 Edital n\u00ba 004\/2016-PARFOR\/PROGRAD\/UNIFAP"},"content":{"rendered":"<p>A Coordena\u00e7\u00e3o Geral do PARFOR\/UNIFAP, Campus Marco Zero, no uso de suas atribui\u00e7\u00f5es e, de acordo com o Plano Nacional de Forma\u00e7\u00e3o de Professores da Educa\u00e7\u00e3o B\u00e1sica (PARFOR\/CAPES) institu\u00eddo pela Portaria Normativa n\u00b0 09, de 30 de Junho de 2009 \u2013 MEC, torna p\u00fablico a Retifica\u00e7\u00e3o II do Edital n\u00ba 004\/2016-PARFOR\/PROGRAD\/UNIFAP.<\/p>\n<p><a href=\"http:\/\/www2.unifap.br\/parfor\/files\/2016\/07\/Retifica\u00e7\u00e3o-3-Resultado-Parcial-Edital-n\u00ba-004-2016.pdf\">Retifica\u00e7\u00e3o 3 &#8211; Resultado Parcial- Edital n\u00ba 004-2016<\/a>.\u00a0<a href=\"http:\/\/www2.unifap.br\/parfor\/files\/2013\/04\/novo.gif\"><img decoding=\"async\" class=\"alignnone size-full wp-image-6430\" alt=\"novo\" src=\"http:\/\/www2.unifap.br\/parfor\/files\/2013\/04\/novo.gif\" width=\"31\" height=\"12\" \/><\/a><\/p>\n","protected":false},"excerpt":{"rendered":"<p>A Coordena\u00e7\u00e3o Geral do PARFOR\/UNIFAP, Campus Marco Zero, no uso de suas atribui\u00e7\u00f5es e, de acordo com o Plano Nacional de Forma\u00e7\u00e3o de Professores da Educa\u00e7\u00e3o B\u00e1sica (PARFOR\/CAPES) institu\u00eddo pela Portaria Normativa n\u00b0 09, de 30 de Junho de 2009 \u2013 MEC, torna p\u00fablico a Retifica\u00e7\u00e3o II do Edital n\u00ba 004\/2016-PARFOR\/PROGRAD\/UNIFAP. Retifica\u00e7\u00e3o 3 &#8211; Resultado&#8230;<\/p>\n","protected":false},"author":859,"featured_media":0,"parent":6741,"menu_order":0,"comment_status":"open","ping_status":"open","template":"","meta":{"inline_featured_image":false,"ngg_post_thumbnail":0,"footnotes":""},"class_list":["post-6822","page","type-page","status-publish","hentry","entry"],"_links":{"self":[{"href":"http:\/\/www2.unifap.br\/parfor\/wp-json\/wp\/v2\/pages\/6822","targetHints":{"allow":["GET"]}}],"collection":[{"href":"http:\/\/www2.unifap.br\/parfor\/wp-json\/wp\/v2\/pages"}],"about":[{"href":"http:\/\/www2.unifap.br\/parfor\/wp-json\/wp\/v2\/types\/page"}],"author":[{"embeddable":true,"href":"http:\/\/www2.unifap.br\/parfor\/wp-json\/wp\/v2\/users\/859"}],"replies":[{"embeddable":true,"href":"http:\/\/www2.unifap.br\/parfor\/wp-json\/wp\/v2\/comments?post=6822"}],"version-history":[{"count":1,"href":"http:\/\/www2.unifap.br\/parfor\/wp-json\/wp\/v2\/pages\/6822\/revisions"}],"predecessor-version":[{"id":6823,"href":"http:\/\/www2.unifap.br\/parfor\/wp-json\/wp\/v2\/pages\/6822\/revisions\/6823"}],"up":[{"embeddable":true,"href":"http:\/\/www2.unifap.br\/parfor\/wp-json\/wp\/v2\/pages\/6741"}],"wp:attachment":[{"href":"http:\/\/www2.unifap.br\/parfor\/wp-json\/wp\/v2\/media?parent=6822"}],"curies":[{"name":"wp","href":"https:\/\/api.w.org\/{rel}","templated":true}]}}