{"id":6828,"date":"2016-07-29T12:05:06","date_gmt":"2016-07-29T12:05:06","guid":{"rendered":"http:\/\/www2.unifap.br\/parfor\/?page_id=6828"},"modified":"2016-07-29T12:05:06","modified_gmt":"2016-07-29T12:05:06","slug":"resultado-final-edital-no-0042016-parforprogradunifap","status":"publish","type":"page","link":"http:\/\/www2.unifap.br\/parfor\/editais\/2016-2\/edital-no-0042016-parforprogradunifap\/resultado-final-edital-no-0042016-parforprogradunifap\/","title":{"rendered":"Resultado Final &#8211; Edital n\u00ba 004\/2016 &#8211; PARFOR\/PROGRAD\/UNIFAP"},"content":{"rendered":"<p>A Coordena\u00e7\u00e3o Geral do PARFOR\/UNIFAP, Campus Marco Zero, no uso de suas atribui\u00e7\u00f5es e, de acordo com o Plano Nacional de Forma\u00e7\u00e3o de Professores da Educa\u00e7\u00e3o B\u00e1sica (PARFOR\/CAPES) institu\u00eddo pela Portaria Normativa n\u00b0 09, de 30 de Junho de 2009 &#8211; MEC, torna p\u00fablico o Resultado Final do Edital n\u00ba 004\/2016 &#8211; PARFOR\/PROGRAD\/UNIFAP para a sele\u00e7\u00e3o de candidatos ao Programa de Bolsa Perman\u00eancia a Estudantes do PARFOR desta IFES.<\/p>\n<p><a href=\"http:\/\/www2.unifap.br\/parfor\/files\/2016\/07\/RESULTADO-FINAL-EDITAL-N\u00ba-004_2016-.pdf\">RESULTADO FINAL &#8211; EDITAL N\u00ba 004\/2016<\/a><\/p>\n","protected":false},"excerpt":{"rendered":"<p>A Coordena\u00e7\u00e3o Geral do PARFOR\/UNIFAP, Campus Marco Zero, no uso de suas atribui\u00e7\u00f5es e, de acordo com o Plano Nacional de Forma\u00e7\u00e3o de Professores da Educa\u00e7\u00e3o B\u00e1sica (PARFOR\/CAPES) institu\u00eddo pela Portaria Normativa n\u00b0 09, de 30 de Junho de 2009 &#8211; MEC, torna p\u00fablico o Resultado Final do Edital n\u00ba 004\/2016 &#8211; PARFOR\/PROGRAD\/UNIFAP para a&#8230;<\/p>\n","protected":false},"author":859,"featured_media":0,"parent":6741,"menu_order":0,"comment_status":"open","ping_status":"open","template":"","meta":{"inline_featured_image":false,"ngg_post_thumbnail":0,"footnotes":""},"class_list":["post-6828","page","type-page","status-publish","hentry","entry"],"_links":{"self":[{"href":"http:\/\/www2.unifap.br\/parfor\/wp-json\/wp\/v2\/pages\/6828","targetHints":{"allow":["GET"]}}],"collection":[{"href":"http:\/\/www2.unifap.br\/parfor\/wp-json\/wp\/v2\/pages"}],"about":[{"href":"http:\/\/www2.unifap.br\/parfor\/wp-json\/wp\/v2\/types\/page"}],"author":[{"embeddable":true,"href":"http:\/\/www2.unifap.br\/parfor\/wp-json\/wp\/v2\/users\/859"}],"replies":[{"embeddable":true,"href":"http:\/\/www2.unifap.br\/parfor\/wp-json\/wp\/v2\/comments?post=6828"}],"version-history":[{"count":1,"href":"http:\/\/www2.unifap.br\/parfor\/wp-json\/wp\/v2\/pages\/6828\/revisions"}],"predecessor-version":[{"id":6830,"href":"http:\/\/www2.unifap.br\/parfor\/wp-json\/wp\/v2\/pages\/6828\/revisions\/6830"}],"up":[{"embeddable":true,"href":"http:\/\/www2.unifap.br\/parfor\/wp-json\/wp\/v2\/pages\/6741"}],"wp:attachment":[{"href":"http:\/\/www2.unifap.br\/parfor\/wp-json\/wp\/v2\/media?parent=6828"}],"curies":[{"name":"wp","href":"https:\/\/api.w.org\/{rel}","templated":true}]}}