{"id":9,"date":"2009-08-13T17:27:01","date_gmt":"2009-08-13T17:27:01","guid":{"rendered":"http:\/\/pororoca.unifap.br\/pdi\/?page_id=8"},"modified":"2019-07-24T20:40:19","modified_gmt":"2019-07-24T20:40:19","slug":"pdi-2007-2011","status":"publish","type":"page","link":"http:\/\/www2.unifap.br\/pdi\/pdi-2007-2011\/","title":{"rendered":"O que \u00e9?"},"content":{"rendered":"<header class=\"entry-header\">\n<h1 class=\"entry-title\">&nbsp;<\/h1>\n<\/header>\n<div class=\"clearfix entry-content\">\n<p>O Plano de Desenvolvimento Institucional (PDI) consiste em um documento onde se definem a miss\u00e3o da Institui\u00e7\u00e3o de Ensino Superior (IES),&nbsp;a pol\u00edtica pedag\u00f3gica institucional e as estrat\u00e9gias para atingir suas metas e objetivos. Inclui, ainda, indicadores de desempenho e de avalia\u00e7\u00e3o para que se possa analisar a atual situa\u00e7\u00e3o da IES, visando &nbsp;refor\u00e7ar os pontos positivos e elaborar a\u00e7\u00f5es que procurem dirimir lacunas, em uma constante busca pelo aprimoramento, por meio de mudan\u00e7as cont\u00ednuas e planejadas.<\/p>\n<\/div>\n<p>&nbsp;<\/p>\n<p>&nbsp;<\/p>\n<div class=\"clearfix entry-content\">\n<h1 class=\"entry-title\">Vig\u00eancia?<\/h1>\n<p>&nbsp;<\/p>\n<p>O atual PDI da UNIFAP tem vig\u00eancia para o per\u00edodo entre 2015-2019. Como o documento entrou em seu \u00faltimo ano de vig\u00eancia, fique atento para acompanhar e participar do processo de constru\u00e7\u00e3o do novo documento.<\/p>\n<\/div>\n<p>&nbsp;<\/p>\n<p>&nbsp;<\/p>\n<div class=\"clearfix entry-content\">\n<h1 class=\"entry-title\">Onde encontro o documento?<\/h1>\n<p>Para fazer o download do PDI vigente, clique <a href=\"http:\/\/www2.unifap.br\/pdi\/files\/2009\/08\/PDI-2015-2019-UNIFAP.pdf\">AQUI<\/a>.<\/p>\n<\/div>\n","protected":false},"excerpt":{"rendered":"<p>&nbsp; O Plano de Desenvolvimento Institucional (PDI) consiste em um documento onde se definem a miss\u00e3o da Institui\u00e7\u00e3o de Ensino Superior (IES),&nbsp;a pol\u00edtica pedag\u00f3gica institucional e as estrat\u00e9gias para atingir suas metas e objetivos. Inclui, ainda, indicadores de desempenho e&hellip; <\/p>\n<p><a href=\"http:\/\/www2.unifap.br\/pdi\/pdi-2007-2011\/\" class=\"readmore-button\">Continue Reading<\/a><\/p>\n","protected":false},"author":44,"featured_media":0,"parent":0,"menu_order":1,"comment_status":"open","ping_status":"closed","template":"","meta":{"inline_featured_image":false,"ngg_post_thumbnail":0,"footnotes":""},"class_list":["post-9","page","type-page","status-publish","hentry"],"_links":{"self":[{"href":"http:\/\/www2.unifap.br\/pdi\/wp-json\/wp\/v2\/pages\/9","targetHints":{"allow":["GET"]}}],"collection":[{"href":"http:\/\/www2.unifap.br\/pdi\/wp-json\/wp\/v2\/pages"}],"about":[{"href":"http:\/\/www2.unifap.br\/pdi\/wp-json\/wp\/v2\/types\/page"}],"author":[{"embeddable":true,"href":"http:\/\/www2.unifap.br\/pdi\/wp-json\/wp\/v2\/users\/44"}],"replies":[{"embeddable":true,"href":"http:\/\/www2.unifap.br\/pdi\/wp-json\/wp\/v2\/comments?post=9"}],"version-history":[{"count":20,"href":"http:\/\/www2.unifap.br\/pdi\/wp-json\/wp\/v2\/pages\/9\/revisions"}],"predecessor-version":[{"id":418,"href":"http:\/\/www2.unifap.br\/pdi\/wp-json\/wp\/v2\/pages\/9\/revisions\/418"}],"wp:attachment":[{"href":"http:\/\/www2.unifap.br\/pdi\/wp-json\/wp\/v2\/media?parent=9"}],"curies":[{"name":"wp","href":"https:\/\/api.w.org\/{rel}","templated":true}]}}