{"id":163,"date":"2015-11-12T17:46:21","date_gmt":"2015-11-12T17:46:21","guid":{"rendered":"http:\/\/www2.unifap.br\/pedagogia-oiapoque\/?page_id=163"},"modified":"2016-04-06T14:05:59","modified_gmt":"2016-04-06T14:05:59","slug":"eventos-universitarios","status":"publish","type":"page","link":"http:\/\/www2.unifap.br\/pedagogia-oiapoque\/extensao\/eventos-universitarios\/","title":{"rendered":"Eventos universit\u00e1rios"},"content":{"rendered":"<p><a href=\"http:\/\/www2.unifap.br\/pedagogia-oiapoque\/files\/2015\/11\/Bandeira.png\"><img decoding=\"async\" class=\"alignnone size-medium wp-image-229\" alt=\"Bandeira\" src=\"http:\/\/www2.unifap.br\/pedagogia-oiapoque\/files\/2015\/11\/Bandeira-300x298.png\" width=\"50\" height=\"50\" srcset=\"http:\/\/www2.unifap.br\/pedagogia-oiapoque\/files\/2015\/11\/Bandeira-300x298.png 300w, http:\/\/www2.unifap.br\/pedagogia-oiapoque\/files\/2015\/11\/Bandeira-150x150.png 150w, http:\/\/www2.unifap.br\/pedagogia-oiapoque\/files\/2015\/11\/Bandeira-70x70.png 70w, http:\/\/www2.unifap.br\/pedagogia-oiapoque\/files\/2015\/11\/Bandeira.png 526w\" sizes=\"(max-width: 50px) 100vw, 50px\" \/><\/a> <strong>EVENTOS NACIONAIS<\/strong><\/p>\n<p><strong>Encontro Nacional de Pesquisas e Pr\u00e1ticas em Educa\u00e7\u00e3o<\/strong><br \/>\nEduca\u00e7\u00e3o no contexto atual: cen\u00e1rios e perspectivas<br \/>\nNatal-CE<br \/>\n27 a 29 de abril de 2016<br \/>\n<a href=\"www.2enappe.ce.ufrn.br\/enappe\">www.2enappe.ce.ufrn.br\/enappe<\/a><\/p>\n<p>&nbsp;<br \/>\n&nbsp;<\/p>\n<p><a href=\"http:\/\/www2.unifap.br\/pedagogia-oiapoque\/files\/2015\/11\/globo-terrestre-10648685.jpg\"><img decoding=\"async\" class=\"alignnone size-medium wp-image-228\" alt=\"globo-terrestre-10648685\" src=\"http:\/\/www2.unifap.br\/pedagogia-oiapoque\/files\/2015\/11\/globo-terrestre-10648685-291x300.jpg\" width=\"50\" height=\"50\" srcset=\"http:\/\/www2.unifap.br\/pedagogia-oiapoque\/files\/2015\/11\/globo-terrestre-10648685-150x150.jpg 150w, http:\/\/www2.unifap.br\/pedagogia-oiapoque\/files\/2015\/11\/globo-terrestre-10648685-70x70.jpg 70w, http:\/\/www2.unifap.br\/pedagogia-oiapoque\/files\/2015\/11\/globo-terrestre-10648685.jpg 400w\" sizes=\"(max-width: 50px) 100vw, 50px\" \/><\/a> <strong>EVENTOS INTERNACIONAIS<\/strong><\/p>\n<p><strong>10\u00ba Congreso Internacional de Educaci\u00f3n Superior<\/strong><br \/>\nUniversidad innovadora por un desarrollo humano sostenible<br \/>\nPalacio de Convenciones de La Habana (Cuba)<br \/>\n15 a 19 de fevereiro de 2016<br \/>\n<a href=\"http:\/\/www.congresouniversidad.cu\/\">http:\/\/www.congresouniversidad.cu\/<\/a><\/p>\n<p><strong>IX Congresso Ibero-americano de Doc\u00eancia Universit\u00e1ria<\/strong><br \/>\nLa universidad em cambio: governanza y renovaci\u00f3n pedag\u00f3gica<br \/>\nAuditorio y Centro de Congresos Victor Villegas (M\u00farcia\/Espanha)<br \/>\n31 de mar\u00e7o a 02 de abril de 2016<br \/>\n<a href=\"http:\/\/www.cidumurcia2016.com\/event_detail\/2222\/detail\/ix-congreso-iberoamericano-de-docencia-universitaria.html\">http:\/\/www.cidumurcia2016.com\/event_detail\/2222\/detail\/ix-congreso-iberoamericano-de-docencia-universitaria.html<\/a><\/p>\n<p><strong>XI Congresso Luso-Brasileiro de Hist\u00f3ria da Educa\u00e7\u00e3o (COLUBHE)<\/strong><br \/>\nInvestigar, intervir e preservar: caminhos da Hist\u00f3ria da Educa\u00e7\u00e3o Luso-Brasileira<br \/>\nFaculdade de Letras da Universidade do Porto (Portugal)<br \/>\n20 a 23 de junho de 2016<br \/>\n<a href=\"http:\/\/web3.letras.up.pt\/colubhe\/\">http:\/\/web3.letras.up.pt\/colubhe\/<\/a><\/p>\n<p>&nbsp;<\/p>\n<p>&nbsp;<\/p>\n<p>Sabe de algum evento? Mande para n\u00f3s! pedagogiabinacional@unifap.br<\/p>\n<p style=\"text-align: right\">Atualizado em: 20\/12\/2015<\/p>\n","protected":false},"excerpt":{"rendered":"<p>EVENTOS NACIONAIS Encontro Nacional de Pesquisas e Pr\u00e1ticas em Educa\u00e7\u00e3o Educa\u00e7\u00e3o no contexto atual: cen\u00e1rios e perspectivas Natal-CE 27 a 29 de abril de 2016 www.2enappe.ce.ufrn.br\/enappe &nbsp; &nbsp; EVENTOS INTERNACIONAIS 10\u00ba Congreso Internacional de Educaci\u00f3n Superior Universidad innovadora por un&hellip; <\/p>\n<p><a href=\"http:\/\/www2.unifap.br\/pedagogia-oiapoque\/extensao\/eventos-universitarios\/\" class=\"readmore-button\">Continue Reading<\/a><\/p>\n","protected":false},"author":829,"featured_media":0,"parent":127,"menu_order":3,"comment_status":"open","ping_status":"closed","template":"","meta":{"inline_featured_image":false,"ngg_post_thumbnail":0,"footnotes":""},"class_list":["post-163","page","type-page","status-publish","hentry"],"_links":{"self":[{"href":"http:\/\/www2.unifap.br\/pedagogia-oiapoque\/wp-json\/wp\/v2\/pages\/163","targetHints":{"allow":["GET"]}}],"collection":[{"href":"http:\/\/www2.unifap.br\/pedagogia-oiapoque\/wp-json\/wp\/v2\/pages"}],"about":[{"href":"http:\/\/www2.unifap.br\/pedagogia-oiapoque\/wp-json\/wp\/v2\/types\/page"}],"author":[{"embeddable":true,"href":"http:\/\/www2.unifap.br\/pedagogia-oiapoque\/wp-json\/wp\/v2\/users\/829"}],"replies":[{"embeddable":true,"href":"http:\/\/www2.unifap.br\/pedagogia-oiapoque\/wp-json\/wp\/v2\/comments?post=163"}],"version-history":[{"count":24,"href":"http:\/\/www2.unifap.br\/pedagogia-oiapoque\/wp-json\/wp\/v2\/pages\/163\/revisions"}],"predecessor-version":[{"id":1149,"href":"http:\/\/www2.unifap.br\/pedagogia-oiapoque\/wp-json\/wp\/v2\/pages\/163\/revisions\/1149"}],"up":[{"embeddable":true,"href":"http:\/\/www2.unifap.br\/pedagogia-oiapoque\/wp-json\/wp\/v2\/pages\/127"}],"wp:attachment":[{"href":"http:\/\/www2.unifap.br\/pedagogia-oiapoque\/wp-json\/wp\/v2\/media?parent=163"}],"curies":[{"name":"wp","href":"https:\/\/api.w.org\/{rel}","templated":true}]}}