{"id":35,"date":"2009-10-28T16:31:42","date_gmt":"2009-10-28T19:31:42","guid":{"rendered":"http:\/\/pororoca.unifap.br\/pedagogia\/?page_id=35"},"modified":"2018-05-22T15:20:26","modified_gmt":"2018-05-22T15:20:26","slug":"fale-conosco","status":"publish","type":"page","link":"http:\/\/www2.unifap.br\/pedagogia\/fale-conosco\/","title":{"rendered":"Fale conosco!"},"content":{"rendered":"<p><strong>Coordena\u00e7\u00e3o do Curso de Pedagogia est\u00e1 localizada no Campos Marco Zero no Bloco das Coordena\u00e7\u00f5es.<\/strong><\/p>\n<p>Telefone: 3312-1785<\/p>\n<p>Email: pedagogia@unifap.br<\/p>\n","protected":false},"excerpt":{"rendered":"<p>Coordena\u00e7\u00e3o do Curso de Pedagogia est\u00e1 localizada no Campos Marco Zero no Bloco das Coordena\u00e7\u00f5es. Telefone: 3312-1785 Email: pedagogia@unifap.br<\/p>\n","protected":false},"author":1,"featured_media":0,"parent":0,"menu_order":3,"comment_status":"closed","ping_status":"closed","template":"","meta":{"inline_featured_image":false,"ngg_post_thumbnail":0,"footnotes":""},"class_list":["post-35","page","type-page","status-publish","hentry"],"_links":{"self":[{"href":"http:\/\/www2.unifap.br\/pedagogia\/wp-json\/wp\/v2\/pages\/35","targetHints":{"allow":["GET"]}}],"collection":[{"href":"http:\/\/www2.unifap.br\/pedagogia\/wp-json\/wp\/v2\/pages"}],"about":[{"href":"http:\/\/www2.unifap.br\/pedagogia\/wp-json\/wp\/v2\/types\/page"}],"author":[{"embeddable":true,"href":"http:\/\/www2.unifap.br\/pedagogia\/wp-json\/wp\/v2\/users\/1"}],"replies":[{"embeddable":true,"href":"http:\/\/www2.unifap.br\/pedagogia\/wp-json\/wp\/v2\/comments?post=35"}],"version-history":[{"count":9,"href":"http:\/\/www2.unifap.br\/pedagogia\/wp-json\/wp\/v2\/pages\/35\/revisions"}],"predecessor-version":[{"id":355,"href":"http:\/\/www2.unifap.br\/pedagogia\/wp-json\/wp\/v2\/pages\/35\/revisions\/355"}],"wp:attachment":[{"href":"http:\/\/www2.unifap.br\/pedagogia\/wp-json\/wp\/v2\/media?parent=35"}],"curies":[{"name":"wp","href":"https:\/\/api.w.org\/{rel}","templated":true}]}}