{"id":374,"date":"2019-01-21T20:32:46","date_gmt":"2019-01-21T20:32:46","guid":{"rendered":"http:\/\/www2.unifap.br\/pedagogia\/?page_id=374"},"modified":"2019-08-06T13:11:01","modified_gmt":"2019-08-06T13:11:01","slug":"documentos","status":"publish","type":"page","link":"http:\/\/www2.unifap.br\/pedagogia\/documentos\/","title":{"rendered":"Documentos e Normas"},"content":{"rendered":"<p>Documentos<\/p>\n<p><a href=\"http:\/\/www2.unifap.br\/pedagogia\/files\/2019\/08\/REQUERIMENTO-CR\u00c9DITO-OU-EQUIVAL\u00caNCIA-DE-DISCIPLINAS1-3-4.docx\">REQUERIMENTO-CR\u00c9DITO-OU-EQUIVAL\u00caNCIA-DE-DISCIPLINAS1 (3) (4)<\/a><\/p>\n<p><a href=\"http:\/\/www2.unifap.br\/pedagogia\/files\/2019\/01\/REQUERIMENTO-DE-COLA\u00c7\u00c3O-DE-GRAU.docx\">REQUERIMENTO DE COLA\u00c7\u00c3O DE GRAU<\/a><\/p>\n<p><a href=\"http:\/\/www2.unifap.br\/pedagogia\/files\/2019\/01\/SOLICITA\u00c7\u00c3O-DE-MATR\u00cdCULA-FORA-DO-PRAZO.doc\">SOLICITA\u00c7\u00c3O DE MATR\u00cdCULA FORA DO PRAZO<\/a><\/p>\n<p><a href=\"http:\/\/www2.unifap.br\/pedagogia\/files\/2019\/01\/Kit-TCC.zip\">Documentos e Formul\u00e1rios de TCC<\/a><\/p>\n<p><a href=\"http:\/\/www2.unifap.br\/pedagogia\/files\/2019\/01\/FICHA-PARA-REGISTRO-DE-AACC-para-turmas-ingressantes-at\u00e9-2007.doc\">FICHA DE REGISTRO DE ATIVIDADES COMPLEMENTARES<\/a><\/p>\n<p><a href=\"http:\/\/www2.unifap.br\/pedagogia\/files\/2019\/01\/JUSTIFICATIVA-DE-FALTAS.doc\">REQUERIMENTO &#8211; JUSTIFICATIVA DE FALTAS<\/a><\/p>\n<p><a href=\"http:\/\/www2.unifap.br\/pedagogia\/files\/2019\/01\/FORMUL\u00c1RIO-DE-REQUERIMENTO-DO-CURSO-DE-PEDAGOGIA.docx\">FORMUL\u00c1RIO (GERAL) DE REQUERIMENTO DO CURSO DE PEDAGOGIA<\/a><\/p>\n<p>Normas<\/p>\n<p><a href=\"http:\/\/www2.unifap.br\/pedagogia\/files\/2019\/01\/Regimento-Geral-da-UNIFAP.pdf\">Regimento Geral da Unifap<\/a><\/p>\n<p><a href=\"http:\/\/www2.unifap.br\/pedagogia\/files\/2019\/01\/Resolu\u00e7\u00e3o-n\u00ba-26-11-Sistematica-de-avalia\u00e7\u00e3o.pdf\">Resolu\u00e7\u00e3o n\u00ba 26\/11 &#8211; Sistem\u00e1tica de Avalia\u00e7\u00e3o<\/a><\/p>\n<p><a href=\"http:\/\/www2.unifap.br\/pedagogia\/files\/2019\/01\/Nota-t\u00e9cnica-01-2015-Abono-de-Faltas.pdf\">Nota t\u00e9cnica 01\/2015 &#8211; Abono de Faltas<\/a><\/p>\n<p>APROVEITAMENTO (CR\u00c9DITOS), APROVA\u00c7\u00c3O E COMPLEMENTA\u00c7\u00c3O DE ESTUDOS<\/p>\n<p><a href=\"http:\/\/www2.unifap.br\/pedagogia\/files\/2019\/01\/CAP\u00cdTULO-VII-Regimento-Unifap-.pdf\">Regimento- UNIFAP ( Cap\u00edtulo VII) &#8211; Aproveitamento, Aprova\u00e7\u00e3o e Complementa\u00e7\u00e3o de Estudos<\/a><\/p>\n<p><a href=\"http:\/\/www2.unifap.br\/pedagogia\/files\/2019\/01\/Nota-T\u00e9cnica-N.\u00ba003_2014_PF_UNIFAP.pdf\">Nota T\u00e9cnica N.\u00ba003_2014_PF_UNIFAP- Aproveitamento de estudos <\/a><\/p>\n<p><a href=\"http:\/\/www2.unifap.br\/pedagogia\/files\/2019\/01\/pces101_07.pdf\">PCES101_07 &#8211; Oferta de Disciplinas isoladas para alunos n\u00e3o regulares<\/a><\/p>\n<p><a href=\"http:\/\/www2.unifap.br\/pedagogia\/files\/2019\/01\/Resolu\u00e7\u00e3o-n\u00ba-011-10-P\u00f3los-cr\u00e9dito-de-disciplinas-1.pdf\">Resolu\u00e7\u00e3o-n\u00ba-011-10-P\u00f3los-cr\u00e9dito-de-disciplinas (1)<\/a><\/p>\n<p><a href=\"http:\/\/www2.unifap.br\/pedagogia\/files\/2019\/04\/DECRETO-N\u00ba-5.626-DE-22-DE-DEZEMBRO-DE-2005.-libras.docx\">DECRETO N\u00ba 5.626, DE 22 DE DEZEMBRO DE 2005. Regulamenta a Lei no 10.436, de 24 de abril de 2002, que disp\u00f5e sobre a L\u00edngua Brasileira de Sinais &#8211; Libras, e o art. 18 da Lei no 10.098, de 19 de dezembro de 2000.<\/a><\/p>\n<p><a href=\"http:\/\/www2.unifap.br\/pedagogia\/files\/2019\/04\/LEI-N\u00ba-13.146-DE-6-DE-JULHO-DE-2015.-Inclus\u00e3o-da-pessoa-com-Defici\u00eancia.docx\">LEI N\u00ba 13.146, DE 6 DE JULHO DE 2015. Institui a Lei Brasileira de Inclus\u00e3o da Pessoa com Defici\u00eancia (Estatuto da Pessoa com Defici\u00eancia).<\/a><\/p>\n<p>&nbsp;<\/p>\n<p>Outros<\/p>\n<p><a href=\"http:\/\/www2.unifap.br\/pedagogia\/files\/2019\/01\/LATTES_tutorial_de_preenchimento.pdf\">Tutorial de preenchimento do Lattes<\/a><\/p>\n<p>&nbsp;<\/p>\n","protected":false},"excerpt":{"rendered":"<p>Documentos REQUERIMENTO-CR\u00c9DITO-OU-EQUIVAL\u00caNCIA-DE-DISCIPLINAS1 (3) (4) REQUERIMENTO DE COLA\u00c7\u00c3O DE GRAU SOLICITA\u00c7\u00c3O DE MATR\u00cdCULA FORA DO PRAZO Documentos e Formul\u00e1rios de TCC FICHA DE REGISTRO DE ATIVIDADES COMPLEMENTARES REQUERIMENTO &#8211; JUSTIFICATIVA DE FALTAS FORMUL\u00c1RIO (GERAL) DE REQUERIMENTO DO CURSO DE PEDAGOGIA Normas&hellip; <\/p>\n<p><a href=\"http:\/\/www2.unifap.br\/pedagogia\/documentos\/\" class=\"readmore-button\">Continue Reading<\/a><\/p>\n","protected":false},"author":1320,"featured_media":0,"parent":0,"menu_order":0,"comment_status":"open","ping_status":"open","template":"","meta":{"inline_featured_image":false,"ngg_post_thumbnail":0,"footnotes":""},"class_list":["post-374","page","type-page","status-publish","hentry"],"_links":{"self":[{"href":"http:\/\/www2.unifap.br\/pedagogia\/wp-json\/wp\/v2\/pages\/374","targetHints":{"allow":["GET"]}}],"collection":[{"href":"http:\/\/www2.unifap.br\/pedagogia\/wp-json\/wp\/v2\/pages"}],"about":[{"href":"http:\/\/www2.unifap.br\/pedagogia\/wp-json\/wp\/v2\/types\/page"}],"author":[{"embeddable":true,"href":"http:\/\/www2.unifap.br\/pedagogia\/wp-json\/wp\/v2\/users\/1320"}],"replies":[{"embeddable":true,"href":"http:\/\/www2.unifap.br\/pedagogia\/wp-json\/wp\/v2\/comments?post=374"}],"version-history":[{"count":17,"href":"http:\/\/www2.unifap.br\/pedagogia\/wp-json\/wp\/v2\/pages\/374\/revisions"}],"predecessor-version":[{"id":594,"href":"http:\/\/www2.unifap.br\/pedagogia\/wp-json\/wp\/v2\/pages\/374\/revisions\/594"}],"wp:attachment":[{"href":"http:\/\/www2.unifap.br\/pedagogia\/wp-json\/wp\/v2\/media?parent=374"}],"curies":[{"name":"wp","href":"https:\/\/api.w.org\/{rel}","templated":true}]}}