{"id":546,"date":"2019-04-08T14:25:44","date_gmt":"2019-04-08T14:25:44","guid":{"rendered":"http:\/\/www2.unifap.br\/pedagogia\/?page_id=546"},"modified":"2019-04-26T12:14:15","modified_gmt":"2019-04-26T12:14:15","slug":"colegiado-de-pedagogia","status":"publish","type":"page","link":"http:\/\/www2.unifap.br\/pedagogia\/colegiado-de-pedagogia\/","title":{"rendered":"Colegiado de Pedagogia"},"content":{"rendered":"<h3 style=\"text-align: left\"><strong>\u00a0 \u00a0 \u00a0 \u00a0 \u00a0 \u00a0 \u00a0 \u00a0 \u00a0 \u00a0 \u00a0 \u00a0 CRONOGRAMA DE REUNI\u00d5ES DE COLEGIADO<\/strong><\/h3>\n<table>\n<tbody>\n<tr>\n<td width=\"121\">\n<p style=\"text-align: center\"><strong>DATA<\/strong><\/p>\n<\/td>\n<td style=\"text-align: center\" width=\"227\"><strong>DIA DA SEMANA<\/strong><\/td>\n<td width=\"229\">\n<p style=\"text-align: center\"><strong>HOR\u00c1RIO<\/strong><\/p>\n<\/td>\n<\/tr>\n<tr>\n<td width=\"121\">\n<p style=\"text-align: center\">25\/04<\/p>\n<\/td>\n<td style=\"text-align: center\" width=\"227\">Quinta &#8211; feira<\/td>\n<td style=\"text-align: center\" width=\"229\">15:00 horas<\/td>\n<\/tr>\n<tr>\n<td style=\"text-align: center\" width=\"121\">07\/05<\/td>\n<td style=\"text-align: center\" width=\"227\">Ter\u00e7a &#8211; feira<\/td>\n<td style=\"text-align: center\" width=\"229\">15:00 horas<\/td>\n<\/tr>\n<tr>\n<td style=\"text-align: center\" width=\"121\">23\/05<\/td>\n<td style=\"text-align: center\" width=\"227\">Quinta &#8211; feira<\/td>\n<td style=\"text-align: center\" width=\"229\">09:00 horas<\/td>\n<\/tr>\n<tr>\n<td style=\"text-align: center\" width=\"121\">11\/06<\/td>\n<td style=\"text-align: center\" width=\"227\">Ter\u00e7a &#8211; feira<\/td>\n<td style=\"text-align: center\" width=\"229\">15:00 horas<\/td>\n<\/tr>\n<tr>\n<td style=\"text-align: center\" width=\"121\">27\/06<\/td>\n<td style=\"text-align: center\" width=\"227\">Quinta &#8211; feira<\/td>\n<td width=\"229\">\n<p style=\"text-align: center\">09:00 horas<\/p>\n<\/td>\n<\/tr>\n<\/tbody>\n<\/table>\n<p><strong>Aprovado pelo Colegiado de Pedagogia em 25\/04\/2019<\/strong><\/p>\n<ul>\n<li>Confira a pauta da pr\u00f3xima reuni\u00e3o do colegiado do Curso de Pedagogia no link abaixo<\/li>\n<\/ul>\n<h4 style=\"text-align: center\"><strong><a href=\"https:\/\/docs.google.com\/document\/d\/1iSTpn_GCQi5x3pnn7XwOq_9iO0Wk6ixztX7nc3G1GJ0\/edit?usp=sharing\">PAUTA DA REUNI\u00c3O<\/a><\/strong><\/h4>\n<ul>\n<li>Para sugerir um ponto de pauta a ser apreciado pelo colegiado do curso de Gradua\u00e7\u00e3o em Pedagogia, envie email para pedagogia@unifap.br para ter seu pedido analisado pela coordena\u00e7\u00e3o do Curso.<\/li>\n<\/ul>\n","protected":false},"excerpt":{"rendered":"<p>\u00a0 \u00a0 \u00a0 \u00a0 \u00a0 \u00a0 \u00a0 \u00a0 \u00a0 \u00a0 \u00a0 \u00a0 CRONOGRAMA DE REUNI\u00d5ES DE COLEGIADO DATA DIA DA SEMANA HOR\u00c1RIO 25\/04 Quinta &#8211; feira 15:00 horas 07\/05 Ter\u00e7a &#8211; feira 15:00 horas 23\/05 Quinta &#8211; feira 09:00 horas&hellip; <\/p>\n<p><a href=\"http:\/\/www2.unifap.br\/pedagogia\/colegiado-de-pedagogia\/\" class=\"readmore-button\">Continue Reading<\/a><\/p>\n","protected":false},"author":1320,"featured_media":0,"parent":0,"menu_order":0,"comment_status":"closed","ping_status":"closed","template":"","meta":{"inline_featured_image":false,"ngg_post_thumbnail":0,"footnotes":""},"class_list":["post-546","page","type-page","status-publish","hentry"],"_links":{"self":[{"href":"http:\/\/www2.unifap.br\/pedagogia\/wp-json\/wp\/v2\/pages\/546","targetHints":{"allow":["GET"]}}],"collection":[{"href":"http:\/\/www2.unifap.br\/pedagogia\/wp-json\/wp\/v2\/pages"}],"about":[{"href":"http:\/\/www2.unifap.br\/pedagogia\/wp-json\/wp\/v2\/types\/page"}],"author":[{"embeddable":true,"href":"http:\/\/www2.unifap.br\/pedagogia\/wp-json\/wp\/v2\/users\/1320"}],"replies":[{"embeddable":true,"href":"http:\/\/www2.unifap.br\/pedagogia\/wp-json\/wp\/v2\/comments?post=546"}],"version-history":[{"count":18,"href":"http:\/\/www2.unifap.br\/pedagogia\/wp-json\/wp\/v2\/pages\/546\/revisions"}],"predecessor-version":[{"id":566,"href":"http:\/\/www2.unifap.br\/pedagogia\/wp-json\/wp\/v2\/pages\/546\/revisions\/566"}],"wp:attachment":[{"href":"http:\/\/www2.unifap.br\/pedagogia\/wp-json\/wp\/v2\/media?parent=546"}],"curies":[{"name":"wp","href":"https:\/\/api.w.org\/{rel}","templated":true}]}}