{"id":118,"date":"2017-07-03T13:34:37","date_gmt":"2017-07-03T13:34:37","guid":{"rendered":"http:\/\/www2.unifap.br\/pen\/?page_id=118"},"modified":"2017-07-04T17:30:49","modified_gmt":"2017-07-04T17:30:49","slug":"excecoes-temporarias","status":"publish","type":"page","link":"http:\/\/www2.unifap.br\/pen\/processo-eletronico-nacional-pen\/excecoes-temporarias\/","title":{"rendered":"Exce\u00e7\u00f5es tempor\u00e1rias"},"content":{"rendered":"<p style=\"text-align: justify\">Temporariamente alguns documentos ser\u00e3o exce\u00e7\u00f5es ao processo eletr\u00f4nicos pelo per\u00edodo de 06 meses. Nesse per\u00edodo a UNIFAP ir\u00e1 adaptar tanto o sistema quanto adquirir os equipamentos necess\u00e1rios para se adequar as especificidades desses.<\/p>\n<ul>\n<li style=\"text-align: justify\"><strong>Folha de pagamento;<\/strong><\/li>\n<li><strong>Admiss\u00e3o de servidores e Aposentadoria;<\/strong><\/li>\n<li><strong>Abono perman\u00eancia e Averba\u00e7\u00e3o por tempo de servi\u00e7o;<\/strong><\/li>\n<li><strong>Pens\u00e3o Civil;<\/strong><\/li>\n<li><strong>Movimenta\u00e7\u00e3o de pessoal que necessitem de autoriza\u00e7\u00e3o do Minist\u00e9rio da Educa\u00e7\u00e3o (Redistribui\u00e7\u00e3o, Cess\u00e3o, Coopera\u00e7\u00e3o t\u00e9cnica e Exerc\u00edcio provis\u00f3rio);<\/strong><\/li>\n<li><strong>Documentos da \u00e1rea fim do N\u00facleo de Acessibilidade e Inclus\u00e3o (NAI).<\/strong><\/li>\n<\/ul>\n","protected":false},"excerpt":{"rendered":"<p>Temporariamente alguns documentos ser\u00e3o exce\u00e7\u00f5es ao processo eletr\u00f4nicos pelo per\u00edodo de 06 meses. Nesse per\u00edodo a UNIFAP ir\u00e1 adaptar tanto o sistema quanto adquirir os equipamentos necess\u00e1rios para se adequar as especificidades desses. Folha de pagamento; Admiss\u00e3o de servidores e&hellip; <\/p>\n<p><a href=\"http:\/\/www2.unifap.br\/pen\/processo-eletronico-nacional-pen\/excecoes-temporarias\/\" class=\"readmore-button\">Continue Reading<\/a><\/p>\n","protected":false},"author":1699,"featured_media":0,"parent":50,"menu_order":0,"comment_status":"open","ping_status":"open","template":"","meta":{"inline_featured_image":false,"ngg_post_thumbnail":0,"footnotes":""},"class_list":["post-118","page","type-page","status-publish","hentry"],"_links":{"self":[{"href":"http:\/\/www2.unifap.br\/pen\/wp-json\/wp\/v2\/pages\/118","targetHints":{"allow":["GET"]}}],"collection":[{"href":"http:\/\/www2.unifap.br\/pen\/wp-json\/wp\/v2\/pages"}],"about":[{"href":"http:\/\/www2.unifap.br\/pen\/wp-json\/wp\/v2\/types\/page"}],"author":[{"embeddable":true,"href":"http:\/\/www2.unifap.br\/pen\/wp-json\/wp\/v2\/users\/1699"}],"replies":[{"embeddable":true,"href":"http:\/\/www2.unifap.br\/pen\/wp-json\/wp\/v2\/comments?post=118"}],"version-history":[{"count":1,"href":"http:\/\/www2.unifap.br\/pen\/wp-json\/wp\/v2\/pages\/118\/revisions"}],"predecessor-version":[{"id":119,"href":"http:\/\/www2.unifap.br\/pen\/wp-json\/wp\/v2\/pages\/118\/revisions\/119"}],"up":[{"embeddable":true,"href":"http:\/\/www2.unifap.br\/pen\/wp-json\/wp\/v2\/pages\/50"}],"wp:attachment":[{"href":"http:\/\/www2.unifap.br\/pen\/wp-json\/wp\/v2\/media?parent=118"}],"curies":[{"name":"wp","href":"https:\/\/api.w.org\/{rel}","templated":true}]}}