{"id":45,"date":"2017-06-26T12:57:06","date_gmt":"2017-06-26T12:57:06","guid":{"rendered":"http:\/\/www2.unifap.br\/pen\/?page_id=45"},"modified":"2017-07-05T14:18:07","modified_gmt":"2017-07-05T14:18:07","slug":"glossario","status":"publish","type":"page","link":"http:\/\/www2.unifap.br\/pen\/glossario\/","title":{"rendered":"Gloss\u00e1rio"},"content":{"rendered":"<p style=\"text-align: justify\"><strong>Assinatura eletr\u00f4nica &#8211;\u00a0<\/strong>Assinatura em meio eletr\u00f4nico, que permite aferir a origem e a integridade do documento.<\/p>\n<p style=\"text-align: justify\"><b>Autor &#8211;\u00a0<\/b>Designa\u00e7\u00e3o gen\u00e9rica para quem cria ou elabora um documento.<\/p>\n<p style=\"text-align: justify\"><strong>Autenticidade &#8211; <\/strong>Qualidade da informa\u00e7\u00e3o que tenha sido produzida, expedida, recebida ou modificada por determinado indiv\u00edduo, equipamento ou sistema.<strong>\u00a0<\/strong><\/p>\n<p style=\"text-align: justify\"><b>C\u00f3pia autenticada &#8211;\u00a0<\/b>C\u00f3pia exata que, conferida \u00e0 vista do original por autoridade competente, possui f\u00e9 p\u00fablica.<\/p>\n<p style=\"text-align: justify\"><strong>Certificado digital &#8211; <\/strong>O\u00a0certificado digital ICP-Brasil funciona como uma identidade virtual que permite a identifica\u00e7\u00e3o segura e inequ\u00edvoca do autor de uma mensagem ou transa\u00e7\u00e3o feita em meios eletr\u00f4nicos, como a web.<\/p>\n<p style=\"text-align: justify\"><strong>Digitaliza\u00e7\u00e3o &#8211;\u00a0<\/strong>Processo de convers\u00e3o de um documento para o formato digital por meio de dispositivo apropriado, como um esc\u00e2ner.<\/p>\n<p style=\"text-align: justify\"><strong>Documento nato-digital &#8211; <\/strong>Documento criado originariamente em meio eletr\u00f4nico.<\/p>\n<p style=\"text-align: justify\"><b>Documento digitalizado &#8211; <\/b>Documento obtido a partir da convers\u00e3o de um documento n\u00e3o digital, gerando uma fiel representa\u00e7\u00e3o em c\u00f3digo digital.<\/p>\n<p style=\"text-align: justify\"><strong>Integridade &#8211;<\/strong>\u00a0Qualidade da informa\u00e7\u00e3o n\u00e3o modificada, inclusive quanto \u00e0 origem, tr\u00e2nsito e destino.<\/p>\n<p style=\"text-align: justify\"><strong>Processo administrativo eletr\u00f4nico<\/strong> &#8211; aquele em que os atos processuais s\u00e3o registrados e disponibilizados em meio eletr\u00f4nico.<\/p>\n<p><strong>SIPAC<\/strong> &#8211;\u00a0Sistema Integrado de Patrim\u00f4nio, Administra\u00e7\u00e3o e Contratos. Foi escolhido\u00a0como o sistema de processamento de informa\u00e7\u00f5es de documentos da Universidade Federal do Amap\u00e1 (UNIFAP).<\/p>\n<p style=\"text-align: justify\"><strong>Tr\u00e2mite &#8211;\u00a0<\/strong>Curso do documento desde a sua produ\u00e7\u00e3o ou recep\u00e7\u00e3o at\u00e9 o cumprimento de sua fun\u00e7\u00e3o administrativa. Tamb\u00e9m chamado de movimenta\u00e7\u00e3o.<\/p>\n<p style=\"text-align: justify\"><strong>Unidade protocolizadora &#8211;\u00a0<\/strong>Entende-se por unidade protocolizadora, a unidade organizacional que tenha, dentre suas compet\u00eancias, independentemente da sua denomina\u00e7\u00e3o e hierarquia, na escritura do \u00f3rg\u00e3o que integra, a responsabilidade pela autua\u00e7\u00e3o\/numera\u00e7\u00e3o de processos e\/ou documentos.<\/p>\n<p style=\"text-align: justify\"><strong>Usu\u00e1rio &#8211;\u00a0<\/strong>Pessoa f\u00edsica ou jur\u00eddica que consulta arquivos.Tamb\u00e9m chamada consulente, leitor ou pesquisador.<\/p>\n<p>&nbsp;<\/p>\n<p style=\"text-align: center\"><b>Fonte<\/b><\/p>\n<p style=\"text-align: left\"><a title=\"Dicion\u00e1rio de Terminologia Arquivistica\" href=\"http:\/\/www.arquivonacional.gov.br\/images\/pdf\/Dicion_Term_Arquiv.pdf\" target=\"_blank\"><b>http:\/\/www.arquivonacional.gov.br\/images\/pdf\/Dicion_Term_Arquiv.pdf<br \/>\n<\/b><\/a><\/p>\n<p style=\"text-align: left\"><a title=\"PORTARIA N\u00ba 2, DE 26 DE FEVEREIRO DE 2003\" href=\"https:\/\/www.comprasnet.gov.br\/legislacao\/portarias\/p02_03.htm\" target=\"_blank\"><strong>https:\/\/www.comprasnet.gov.br\/legislacao\/portarias\/p02_03.htm<\/strong><\/a><\/p>\n<p style=\"text-align: left\"><strong><a title=\"CERTIFICADO DIGITAL - O QUE \u00c9?\" href=\"http:\/\/www.iti.gov.br\/certificacao-digital\/o-que-e\" target=\"_blank\">http:\/\/www.iti.gov.br\/certificacao-digital\/o-que-e<\/a><\/strong><\/p>\n<p style=\"text-align: left\"><a title=\"Lei de Acesso a Informa\u00e7\u00e3o - LAI\" href=\"http:\/\/www.planalto.gov.br\/ccivil_03\/_ato2011-2014\/2011\/lei\/l12527.htm\" target=\"_blank\"><strong>http:\/\/www.planalto.gov.br\/ccivil_03\/_ato2011-2014\/2011\/lei\/l12527.htm<\/strong><\/a><\/p>\n<p style=\"text-align: left\"><a title=\"Processo Eletr\u00f4nico Nacional - PEN\" href=\"http:\/\/www.planalto.gov.br\/ccivil_03\/_Ato2015-2018\/2015\/Decreto\/D8539.htm\" target=\"_blank\"><strong>http:\/\/www.planalto.gov.br\/ccivil_03\/_Ato2015-2018\/2015\/Decreto\/D8539.htm<\/strong><\/a><\/p>\n","protected":false},"excerpt":{"rendered":"<p>Assinatura eletr\u00f4nica &#8211;\u00a0Assinatura em meio eletr\u00f4nico, que permite aferir a origem e a integridade do documento. Autor &#8211;\u00a0Designa\u00e7\u00e3o gen\u00e9rica para quem cria ou elabora um documento. Autenticidade &#8211; Qualidade da informa\u00e7\u00e3o que tenha sido produzida, expedida, recebida ou modificada por&hellip; <\/p>\n<p><a href=\"http:\/\/www2.unifap.br\/pen\/glossario\/\" class=\"readmore-button\">Continue Reading<\/a><\/p>\n","protected":false},"author":1699,"featured_media":0,"parent":0,"menu_order":0,"comment_status":"open","ping_status":"open","template":"","meta":{"inline_featured_image":false,"ngg_post_thumbnail":0,"footnotes":""},"class_list":["post-45","page","type-page","status-publish","hentry"],"_links":{"self":[{"href":"http:\/\/www2.unifap.br\/pen\/wp-json\/wp\/v2\/pages\/45","targetHints":{"allow":["GET"]}}],"collection":[{"href":"http:\/\/www2.unifap.br\/pen\/wp-json\/wp\/v2\/pages"}],"about":[{"href":"http:\/\/www2.unifap.br\/pen\/wp-json\/wp\/v2\/types\/page"}],"author":[{"embeddable":true,"href":"http:\/\/www2.unifap.br\/pen\/wp-json\/wp\/v2\/users\/1699"}],"replies":[{"embeddable":true,"href":"http:\/\/www2.unifap.br\/pen\/wp-json\/wp\/v2\/comments?post=45"}],"version-history":[{"count":13,"href":"http:\/\/www2.unifap.br\/pen\/wp-json\/wp\/v2\/pages\/45\/revisions"}],"predecessor-version":[{"id":163,"href":"http:\/\/www2.unifap.br\/pen\/wp-json\/wp\/v2\/pages\/45\/revisions\/163"}],"wp:attachment":[{"href":"http:\/\/www2.unifap.br\/pen\/wp-json\/wp\/v2\/media?parent=45"}],"curies":[{"name":"wp","href":"https:\/\/api.w.org\/{rel}","templated":true}]}}