{"id":78,"date":"2017-06-26T18:01:15","date_gmt":"2017-06-26T18:01:15","guid":{"rendered":"http:\/\/www2.unifap.br\/pen\/?page_id=78"},"modified":"2017-07-04T17:31:41","modified_gmt":"2017-07-04T17:31:41","slug":"protocolo-integrado","status":"publish","type":"page","link":"http:\/\/www2.unifap.br\/pen\/processo-eletronico-nacional-pen\/protocolo-integrado\/","title":{"rendered":"Protocolo Integrado"},"content":{"rendered":"<p style=\"text-align: justify\">Na Administra\u00e7\u00e3o P\u00fablica Federal existem diferentes sistemas de protocolo utilizados pelos \u00f3rg\u00e3os e entidades para registrar o tr\u00e2mite dos documentos, avulsos ou processos, assim como diferentes servi\u00e7os ofertados para a consulta dessas informa\u00e7\u00f5es.<\/p>\n<p style=\"text-align: justify\">O Sistema Protocolo Integrado consolida uma base de dados com informa\u00e7\u00f5es sobre documentos, avulsos ou processos, criados a partir de janeiro de 2015. A integra\u00e7\u00e3o tamb\u00e9m vale para os documentos que n\u00e3o foram arquivados antes dessa data. \u00a0Seu principal objetivo \u00e9 oferecer \u00e0 sociedade mais um canal para consultas, al\u00e9m de servi\u00e7os como o envio de informes sobre a movimenta\u00e7\u00e3o de documentos, avulsos ou processos, via correio eletr\u00f4nico (e-mail).<\/p>\n<p>Acesse\u00a0<strong><a href=\"https:\/\/protocolointegrado.gov.br\/\">protocolo.gov.br<\/a><\/strong>\u00a0para saber o andamento dos documentos de seu interesse.<\/p>\n","protected":false},"excerpt":{"rendered":"<p>Na Administra\u00e7\u00e3o P\u00fablica Federal existem diferentes sistemas de protocolo utilizados pelos \u00f3rg\u00e3os e entidades para registrar o tr\u00e2mite dos documentos, avulsos ou processos, assim como diferentes servi\u00e7os ofertados para a consulta dessas informa\u00e7\u00f5es. O Sistema Protocolo Integrado consolida uma base&hellip; <\/p>\n<p><a href=\"http:\/\/www2.unifap.br\/pen\/processo-eletronico-nacional-pen\/protocolo-integrado\/\" class=\"readmore-button\">Continue Reading<\/a><\/p>\n","protected":false},"author":1699,"featured_media":0,"parent":50,"menu_order":0,"comment_status":"open","ping_status":"open","template":"","meta":{"inline_featured_image":false,"ngg_post_thumbnail":0,"footnotes":""},"class_list":["post-78","page","type-page","status-publish","hentry"],"_links":{"self":[{"href":"http:\/\/www2.unifap.br\/pen\/wp-json\/wp\/v2\/pages\/78","targetHints":{"allow":["GET"]}}],"collection":[{"href":"http:\/\/www2.unifap.br\/pen\/wp-json\/wp\/v2\/pages"}],"about":[{"href":"http:\/\/www2.unifap.br\/pen\/wp-json\/wp\/v2\/types\/page"}],"author":[{"embeddable":true,"href":"http:\/\/www2.unifap.br\/pen\/wp-json\/wp\/v2\/users\/1699"}],"replies":[{"embeddable":true,"href":"http:\/\/www2.unifap.br\/pen\/wp-json\/wp\/v2\/comments?post=78"}],"version-history":[{"count":1,"href":"http:\/\/www2.unifap.br\/pen\/wp-json\/wp\/v2\/pages\/78\/revisions"}],"predecessor-version":[{"id":79,"href":"http:\/\/www2.unifap.br\/pen\/wp-json\/wp\/v2\/pages\/78\/revisions\/79"}],"up":[{"embeddable":true,"href":"http:\/\/www2.unifap.br\/pen\/wp-json\/wp\/v2\/pages\/50"}],"wp:attachment":[{"href":"http:\/\/www2.unifap.br\/pen\/wp-json\/wp\/v2\/media?parent=78"}],"curies":[{"name":"wp","href":"https:\/\/api.w.org\/{rel}","templated":true}]}}