{"id":91,"date":"2017-06-26T19:02:35","date_gmt":"2017-06-26T19:02:35","guid":{"rendered":"http:\/\/www2.unifap.br\/pen\/?page_id=91"},"modified":"2017-07-05T13:15:41","modified_gmt":"2017-07-05T13:15:41","slug":"legislacao-externa","status":"publish","type":"page","link":"http:\/\/www2.unifap.br\/pen\/legislacao\/legislacao-externa\/","title":{"rendered":"Legisla\u00e7\u00e3o externa"},"content":{"rendered":"<p style=\"text-align: justify\"><a href=\"http:\/\/www.planalto.gov.br\/ccivil_03\/leis\/L8159.htm\" target=\"_blank\"><strong>LEI No<\/strong><b>\u00a0<\/b><strong>8.159, DE 8 DE JANEIRO DE 1991<\/strong><\/a><strong>\u00a0&#8211;\u00a0Disp\u00f5e sobre a pol\u00edtica nacional de arquivos p\u00fablicos e privados e d\u00e1 outras provid\u00eancias.<\/strong><\/p>\n<p style=\"text-align: justify\"><strong><a href=\"http:\/\/www.planalto.gov.br\/ccivil_03\/_ato2011-2014\/2011\/lei\/l12527.htm\" target=\"_blank\">LEI N\u00ba 12.527, DE\u00a018 DE NOVEMBRO DE 2011<\/a>\u00a0&#8211; Tamb\u00e9m conhecida como Lei de Acesso a Informa\u00e7\u00e3o (LAI) regula o acesso a informa\u00e7\u00f5es previsto no inciso XXXIII do art. 5o, no inciso II do \u00a7 3o\u00a0do art. 37 e no \u00a7 2o\u00a0do art. 216 da Constitui\u00e7\u00e3o Federal; altera a Lei no\u00a08.112, de 11 de dezembro de 1990; revoga a Lei no\u00a011.111, de 5 de maio de 2005, e dispositivos da Lei no\u00a08.159, de 8 de janeiro de 1991; e d\u00e1 outras provid\u00eancias.<\/strong><\/p>\n<p style=\"text-align: justify\"><strong><a href=\"http:\/\/www.planalto.gov.br\/ccivil_03\/_Ato2015-2018\/2015\/Decreto\/D8539.htm\" target=\"_blank\">DECRETO N\u00ba 8.539, DE 8 DE OUTUBRO DE 2015<\/a>\u00a0&#8211;\u00a0Disp\u00f5e sobre o uso do meio eletr\u00f4nico para a realiza\u00e7\u00e3o do processo administrativo no \u00e2mbito dos \u00f3rg\u00e3os e das entidades da administra\u00e7\u00e3o p\u00fablica federal direta, aut\u00e1rquica e fundacional.<\/strong><\/p>\n","protected":false},"excerpt":{"rendered":"<p>LEI No\u00a08.159, DE 8 DE JANEIRO DE 1991\u00a0&#8211;\u00a0Disp\u00f5e sobre a pol\u00edtica nacional de arquivos p\u00fablicos e privados e d\u00e1 outras provid\u00eancias. LEI N\u00ba 12.527, DE\u00a018 DE NOVEMBRO DE 2011\u00a0&#8211; Tamb\u00e9m conhecida como Lei de Acesso a Informa\u00e7\u00e3o (LAI) regula o&hellip; <\/p>\n<p><a href=\"http:\/\/www2.unifap.br\/pen\/legislacao\/legislacao-externa\/\" class=\"readmore-button\">Continue Reading<\/a><\/p>\n","protected":false},"author":1699,"featured_media":0,"parent":14,"menu_order":0,"comment_status":"open","ping_status":"open","template":"","meta":{"inline_featured_image":false,"ngg_post_thumbnail":0,"footnotes":""},"class_list":["post-91","page","type-page","status-publish","hentry"],"_links":{"self":[{"href":"http:\/\/www2.unifap.br\/pen\/wp-json\/wp\/v2\/pages\/91","targetHints":{"allow":["GET"]}}],"collection":[{"href":"http:\/\/www2.unifap.br\/pen\/wp-json\/wp\/v2\/pages"}],"about":[{"href":"http:\/\/www2.unifap.br\/pen\/wp-json\/wp\/v2\/types\/page"}],"author":[{"embeddable":true,"href":"http:\/\/www2.unifap.br\/pen\/wp-json\/wp\/v2\/users\/1699"}],"replies":[{"embeddable":true,"href":"http:\/\/www2.unifap.br\/pen\/wp-json\/wp\/v2\/comments?post=91"}],"version-history":[{"count":3,"href":"http:\/\/www2.unifap.br\/pen\/wp-json\/wp\/v2\/pages\/91\/revisions"}],"predecessor-version":[{"id":149,"href":"http:\/\/www2.unifap.br\/pen\/wp-json\/wp\/v2\/pages\/91\/revisions\/149"}],"up":[{"embeddable":true,"href":"http:\/\/www2.unifap.br\/pen\/wp-json\/wp\/v2\/pages\/14"}],"wp:attachment":[{"href":"http:\/\/www2.unifap.br\/pen\/wp-json\/wp\/v2\/media?parent=91"}],"curies":[{"name":"wp","href":"https:\/\/api.w.org\/{rel}","templated":true}]}}