{"id":93,"date":"2017-06-26T19:05:15","date_gmt":"2017-06-26T19:05:15","guid":{"rendered":"http:\/\/www2.unifap.br\/pen\/?page_id=93"},"modified":"2017-07-05T14:11:39","modified_gmt":"2017-07-05T14:11:39","slug":"legislacao-interna","status":"publish","type":"page","link":"http:\/\/www2.unifap.br\/pen\/legislacao\/legislacao-interna\/","title":{"rendered":"Legisla\u00e7\u00e3o interna"},"content":{"rendered":"<p><strong><a href=\"http:\/\/www2.unifap.br\/pen\/files\/2017\/06\/Ordem-de-Servi\u00e7o-n.\u00ba-003_2017-Estabelece-o-uso-do-meio-eletr\u00f4nico-para-a-realiza\u00e7\u00e3o-de-processo-administrativo-e-o-SIPAC-como-o-sistema-de-processamento-de-informa\u00e7\u00f5es-de-documentos-da-UNIFAP.2.pdf\" target=\"_blank\">Ordem de Servi\u00e7o n.\u00ba 003_2017 &#8211; Estabelece o uso do meio eletr\u00f4nico para a realiza\u00e7\u00e3o de processo administrativo e o SIPAC como o sistema de processamento de informa\u00e7\u00f5es de documentos da UNIFAP.<\/a><\/p>\n<p><\/strong><\/p>\n<p>&nbsp;<\/p>\n<p>&nbsp;<\/p>\n<p>&nbsp;<\/p>\n","protected":false},"excerpt":{"rendered":"<p>Ordem de Servi\u00e7o n.\u00ba 003_2017 &#8211; Estabelece o uso do meio eletr\u00f4nico para a realiza\u00e7\u00e3o de processo administrativo e o SIPAC como o sistema de processamento de informa\u00e7\u00f5es de documentos da UNIFAP. &nbsp; &nbsp; &nbsp;<\/p>\n","protected":false},"author":1699,"featured_media":0,"parent":14,"menu_order":0,"comment_status":"open","ping_status":"open","template":"","meta":{"inline_featured_image":false,"ngg_post_thumbnail":0,"footnotes":""},"class_list":["post-93","page","type-page","status-publish","hentry"],"_links":{"self":[{"href":"http:\/\/www2.unifap.br\/pen\/wp-json\/wp\/v2\/pages\/93","targetHints":{"allow":["GET"]}}],"collection":[{"href":"http:\/\/www2.unifap.br\/pen\/wp-json\/wp\/v2\/pages"}],"about":[{"href":"http:\/\/www2.unifap.br\/pen\/wp-json\/wp\/v2\/types\/page"}],"author":[{"embeddable":true,"href":"http:\/\/www2.unifap.br\/pen\/wp-json\/wp\/v2\/users\/1699"}],"replies":[{"embeddable":true,"href":"http:\/\/www2.unifap.br\/pen\/wp-json\/wp\/v2\/comments?post=93"}],"version-history":[{"count":13,"href":"http:\/\/www2.unifap.br\/pen\/wp-json\/wp\/v2\/pages\/93\/revisions"}],"predecessor-version":[{"id":151,"href":"http:\/\/www2.unifap.br\/pen\/wp-json\/wp\/v2\/pages\/93\/revisions\/151"}],"up":[{"embeddable":true,"href":"http:\/\/www2.unifap.br\/pen\/wp-json\/wp\/v2\/pages\/14"}],"wp:attachment":[{"href":"http:\/\/www2.unifap.br\/pen\/wp-json\/wp\/v2\/media?parent=93"}],"curies":[{"name":"wp","href":"https:\/\/api.w.org\/{rel}","templated":true}]}}