{"id":97,"date":"2017-06-26T19:09:41","date_gmt":"2017-06-26T19:09:41","guid":{"rendered":"http:\/\/www2.unifap.br\/pen\/?page_id=97"},"modified":"2017-07-04T17:30:19","modified_gmt":"2017-07-04T17:30:19","slug":"excecoes","status":"publish","type":"page","link":"http:\/\/www2.unifap.br\/pen\/processo-eletronico-nacional-pen\/excecoes\/","title":{"rendered":"Exce\u00e7\u00f5es"},"content":{"rendered":"<p>S\u00e3o exce\u00e7\u00f5es a esta Ordem de Servi\u00e7o:<\/p>\n<ul>\n<li><strong>Os documentos referentes a concursos e processos seletivos<\/strong>.<\/li>\n<li><strong>Documentos de assentamentos funcionais<\/strong>, estes devem seguir o prescrito na <a href=\"https:\/\/www.google.com.br\/url?sa=t&amp;rct=j&amp;q=&amp;esrc=s&amp;source=web&amp;cd=1&amp;cad=rja&amp;uact=8&amp;ved=0ahUKEwi_vuCEntzUAhVLlpAKHWU1Bi0QFggnMAA&amp;url=https%3A%2F%2Fwww.servidor.gov.br%2Fgestao-de-pessoas%2Fassentamento-funcional-digital%2Fcopy_of_Portarian04.10.2016.pdf&amp;usg=AFQjCNHKv_ZekOnZw7W2AUp_S63p3rmHVg\" target=\"_blank\">Portaria Normativa\/SEGRT\/MP N\u00ba 04 de 10 de mar\u00e7o de 2016.<\/a><\/li>\n<\/ul>\n","protected":false},"excerpt":{"rendered":"<p>S\u00e3o exce\u00e7\u00f5es a esta Ordem de Servi\u00e7o: Os documentos referentes a concursos e processos seletivos. Documentos de assentamentos funcionais, estes devem seguir o prescrito na Portaria Normativa\/SEGRT\/MP N\u00ba 04 de 10 de mar\u00e7o de 2016.<\/p>\n","protected":false},"author":1699,"featured_media":0,"parent":50,"menu_order":0,"comment_status":"open","ping_status":"open","template":"","meta":{"inline_featured_image":false,"ngg_post_thumbnail":0,"footnotes":""},"class_list":["post-97","page","type-page","status-publish","hentry"],"_links":{"self":[{"href":"http:\/\/www2.unifap.br\/pen\/wp-json\/wp\/v2\/pages\/97","targetHints":{"allow":["GET"]}}],"collection":[{"href":"http:\/\/www2.unifap.br\/pen\/wp-json\/wp\/v2\/pages"}],"about":[{"href":"http:\/\/www2.unifap.br\/pen\/wp-json\/wp\/v2\/types\/page"}],"author":[{"embeddable":true,"href":"http:\/\/www2.unifap.br\/pen\/wp-json\/wp\/v2\/users\/1699"}],"replies":[{"embeddable":true,"href":"http:\/\/www2.unifap.br\/pen\/wp-json\/wp\/v2\/comments?post=97"}],"version-history":[{"count":3,"href":"http:\/\/www2.unifap.br\/pen\/wp-json\/wp\/v2\/pages\/97\/revisions"}],"predecessor-version":[{"id":120,"href":"http:\/\/www2.unifap.br\/pen\/wp-json\/wp\/v2\/pages\/97\/revisions\/120"}],"up":[{"embeddable":true,"href":"http:\/\/www2.unifap.br\/pen\/wp-json\/wp\/v2\/pages\/50"}],"wp:attachment":[{"href":"http:\/\/www2.unifap.br\/pen\/wp-json\/wp\/v2\/media?parent=97"}],"curies":[{"name":"wp","href":"https:\/\/api.w.org\/{rel}","templated":true}]}}