{"id":553,"date":"2014-08-16T05:14:44","date_gmt":"2014-08-16T05:14:44","guid":{"rendered":"http:\/\/www2.unifap.br\/pet-enfermagem\/?page_id=553"},"modified":"2014-08-16T05:21:36","modified_gmt":"2014-08-16T05:21:36","slug":"sobre-nos","status":"publish","type":"page","link":"http:\/\/www2.unifap.br\/pet-enfermagem\/sobre-nos\/","title":{"rendered":"SOBRE N\u00d3S"},"content":{"rendered":"<p>O Programa de Educa\u00e7\u00e3o Tutorial \u00e9 um p<img decoding=\"async\" alt=\"\" src=\"http:\/\/files.pet-enfermagem-unifap.webnode.com.br\/200000002-c5beec6b64\/Logo%20pet.jpg\" width=\"232\" height=\"184\" align=\"right\" \/>rograma do Governo Federal gerenciado pelo MEC atrav\u00e9s da Secretaria de Ensino Superior-SESU,\u00a0tem como objetivo fortalecer a chamada tr\u00edade &#8220;petiana&#8221; &#8211; o ensino, a pesquisa e extens\u00e3o universit\u00e1ria. O PET substituiu em 2004 o antigo Programa de Treinamento Especial, e esteve em 2003 na emin\u00eancia de sua extin\u00e7\u00e3o, por\u00e9m encontrou forte resistencia por parte dos estudantes universit\u00e1rios em Brasilia.<\/p>\n<p>Na UNIFAP o\u00a0primeiro\u00a0grupo que teve seu projeto aprovado\u00a0foi o curso\u00a0de F\u00edsica em 2007,\u00a0\u00a0em 2009 o Curso de Licenciatura e Bacharelado em Enfermagem aprovou o segundo grupo PET da institui\u00e7\u00e3o,\u00a0desenvolve diversas atividades.<\/p>\n<p>O grupo foi tutoriado no ano de 2009 pela professora \u00a0Liudmila Myair e Ana Rita Pinheiro. No ano de 2011 esta na dire\u00e7\u00e3o do grupo a professora \u00a0Francineide Pena<\/p>\n","protected":false},"excerpt":{"rendered":"<p>O Programa de Educa\u00e7\u00e3o Tutorial \u00e9 um programa do Governo Federal gerenciado pelo MEC atrav\u00e9s da Secretaria de Ensino Superior-SESU,\u00a0tem como objetivo fortalecer a chamada tr\u00edade &#8220;petiana&#8221; &#8211; o ensino, a pesquisa e extens\u00e3o universit\u00e1ria. O PET substituiu em 2004&hellip; <\/p>\n<p><a href=\"http:\/\/www2.unifap.br\/pet-enfermagem\/sobre-nos\/\" class=\"readmore-button\">Continue Reading<\/a><\/p>\n","protected":false},"author":448,"featured_media":0,"parent":0,"menu_order":0,"comment_status":"open","ping_status":"open","template":"","meta":{"inline_featured_image":false,"ngg_post_thumbnail":0,"footnotes":""},"class_list":["post-553","page","type-page","status-publish","hentry"],"_links":{"self":[{"href":"http:\/\/www2.unifap.br\/pet-enfermagem\/wp-json\/wp\/v2\/pages\/553","targetHints":{"allow":["GET"]}}],"collection":[{"href":"http:\/\/www2.unifap.br\/pet-enfermagem\/wp-json\/wp\/v2\/pages"}],"about":[{"href":"http:\/\/www2.unifap.br\/pet-enfermagem\/wp-json\/wp\/v2\/types\/page"}],"author":[{"embeddable":true,"href":"http:\/\/www2.unifap.br\/pet-enfermagem\/wp-json\/wp\/v2\/users\/448"}],"replies":[{"embeddable":true,"href":"http:\/\/www2.unifap.br\/pet-enfermagem\/wp-json\/wp\/v2\/comments?post=553"}],"version-history":[{"count":2,"href":"http:\/\/www2.unifap.br\/pet-enfermagem\/wp-json\/wp\/v2\/pages\/553\/revisions"}],"predecessor-version":[{"id":557,"href":"http:\/\/www2.unifap.br\/pet-enfermagem\/wp-json\/wp\/v2\/pages\/553\/revisions\/557"}],"wp:attachment":[{"href":"http:\/\/www2.unifap.br\/pet-enfermagem\/wp-json\/wp\/v2\/media?parent=553"}],"curies":[{"name":"wp","href":"https:\/\/api.w.org\/{rel}","templated":true}]}}