{"id":558,"date":"2014-08-16T05:27:13","date_gmt":"2014-08-16T05:27:13","guid":{"rendered":"http:\/\/www2.unifap.br\/pet-enfermagem\/?page_id=558"},"modified":"2014-08-16T06:01:38","modified_gmt":"2014-08-16T06:01:38","slug":"nossa-equipe-2","status":"publish","type":"page","link":"http:\/\/www2.unifap.br\/pet-enfermagem\/nossa-equipe-2\/","title":{"rendered":"NOSSA EQUIPE"},"content":{"rendered":"<p>O PET \u00e9 desenvolvido por grupos de estudantes, com tutoria de um docente, organizados a partir de forma\u00e7\u00f5es em n\u00edvel de gradua\u00e7\u00e3o nas Institui\u00e7\u00f5es de Ensino Superior do Pa\u00eds orientados pelo princ\u00edpio da indissociabilidade entre ensino, pesquisa e extens\u00e3o e da educa\u00e7\u00e3o tutorial.<\/p>\n<p>O grupo PET, uma vez criado, mant\u00e9m suas atividades por tempo indeterminado. No entanto, os seus membros possuem um tempo m\u00e1ximo de v\u00ednculo: ao bolsista de gradua\u00e7\u00e3o \u00e9 permitida a perman\u00eancia at\u00e9 a conclus\u00e3o da sua gradua\u00e7\u00e3o e, ao tutor, por um per\u00edodo de, no m\u00e1ximo, seis anos, desde que obedecidas as normas do Programa.<\/p>\n<p>fonte:http:\/\/portal.mec.gov.br<\/p>\n<p><a title=\"TUTORES\" href=\"http:\/\/www2.unifap.br\/pet-enfermagem\/nossa-equipe-2\/tutores\/ \u200e\">TUTORES<\/a><\/p>\n<p>PETIANOS<\/p>\n","protected":false},"excerpt":{"rendered":"<p>O PET \u00e9 desenvolvido por grupos de estudantes, com tutoria de um docente, organizados a partir de forma\u00e7\u00f5es em n\u00edvel de gradua\u00e7\u00e3o nas Institui\u00e7\u00f5es de Ensino Superior do Pa\u00eds orientados pelo princ\u00edpio da indissociabilidade entre ensino, pesquisa e extens\u00e3o e&hellip; <\/p>\n<p><a href=\"http:\/\/www2.unifap.br\/pet-enfermagem\/nossa-equipe-2\/\" class=\"readmore-button\">Continue Reading<\/a><\/p>\n","protected":false},"author":448,"featured_media":0,"parent":0,"menu_order":0,"comment_status":"open","ping_status":"open","template":"","meta":{"inline_featured_image":false,"ngg_post_thumbnail":0,"footnotes":""},"class_list":["post-558","page","type-page","status-publish","hentry"],"_links":{"self":[{"href":"http:\/\/www2.unifap.br\/pet-enfermagem\/wp-json\/wp\/v2\/pages\/558","targetHints":{"allow":["GET"]}}],"collection":[{"href":"http:\/\/www2.unifap.br\/pet-enfermagem\/wp-json\/wp\/v2\/pages"}],"about":[{"href":"http:\/\/www2.unifap.br\/pet-enfermagem\/wp-json\/wp\/v2\/types\/page"}],"author":[{"embeddable":true,"href":"http:\/\/www2.unifap.br\/pet-enfermagem\/wp-json\/wp\/v2\/users\/448"}],"replies":[{"embeddable":true,"href":"http:\/\/www2.unifap.br\/pet-enfermagem\/wp-json\/wp\/v2\/comments?post=558"}],"version-history":[{"count":6,"href":"http:\/\/www2.unifap.br\/pet-enfermagem\/wp-json\/wp\/v2\/pages\/558\/revisions"}],"predecessor-version":[{"id":580,"href":"http:\/\/www2.unifap.br\/pet-enfermagem\/wp-json\/wp\/v2\/pages\/558\/revisions\/580"}],"wp:attachment":[{"href":"http:\/\/www2.unifap.br\/pet-enfermagem\/wp-json\/wp\/v2\/media?parent=558"}],"curies":[{"name":"wp","href":"https:\/\/api.w.org\/{rel}","templated":true}]}}