{"id":566,"date":"2014-08-16T05:39:08","date_gmt":"2014-08-16T05:39:08","guid":{"rendered":"http:\/\/www2.unifap.br\/pet-enfermagem\/?page_id=566"},"modified":"2014-08-16T05:43:24","modified_gmt":"2014-08-16T05:43:24","slug":"site-antigo","status":"publish","type":"page","link":"http:\/\/www2.unifap.br\/pet-enfermagem\/site-antigo\/","title":{"rendered":"ANTIGO SITE"},"content":{"rendered":"<p>Para obter informa\u00e7\u00f5es do grupo PET Enfermagem Unifap no per\u00edodo de 2009 a 2011 acesse nossa pagina antiga:<\/p>\n<p><a title=\"site antigo pet enfermagem unifap\" href=\"http:\/\/pet-enfermagem-unifap.webnode.com.br\/\">http:\/\/pet-enfermagem-unifap.webnode.com.br\/<\/a><\/p>\n","protected":false},"excerpt":{"rendered":"<p>Para obter informa\u00e7\u00f5es do grupo PET Enfermagem Unifap no per\u00edodo de 2009 a 2011 acesse nossa pagina antiga: http:\/\/pet-enfermagem-unifap.webnode.com.br\/<\/p>\n","protected":false},"author":448,"featured_media":0,"parent":0,"menu_order":0,"comment_status":"open","ping_status":"open","template":"","meta":{"inline_featured_image":false,"ngg_post_thumbnail":0,"footnotes":""},"class_list":["post-566","page","type-page","status-publish","hentry"],"_links":{"self":[{"href":"http:\/\/www2.unifap.br\/pet-enfermagem\/wp-json\/wp\/v2\/pages\/566","targetHints":{"allow":["GET"]}}],"collection":[{"href":"http:\/\/www2.unifap.br\/pet-enfermagem\/wp-json\/wp\/v2\/pages"}],"about":[{"href":"http:\/\/www2.unifap.br\/pet-enfermagem\/wp-json\/wp\/v2\/types\/page"}],"author":[{"embeddable":true,"href":"http:\/\/www2.unifap.br\/pet-enfermagem\/wp-json\/wp\/v2\/users\/448"}],"replies":[{"embeddable":true,"href":"http:\/\/www2.unifap.br\/pet-enfermagem\/wp-json\/wp\/v2\/comments?post=566"}],"version-history":[{"count":3,"href":"http:\/\/www2.unifap.br\/pet-enfermagem\/wp-json\/wp\/v2\/pages\/566\/revisions"}],"predecessor-version":[{"id":569,"href":"http:\/\/www2.unifap.br\/pet-enfermagem\/wp-json\/wp\/v2\/pages\/566\/revisions\/569"}],"wp:attachment":[{"href":"http:\/\/www2.unifap.br\/pet-enfermagem\/wp-json\/wp\/v2\/media?parent=566"}],"curies":[{"name":"wp","href":"https:\/\/api.w.org\/{rel}","templated":true}]}}