{"id":578,"date":"2014-08-16T05:56:33","date_gmt":"2014-08-16T05:56:33","guid":{"rendered":"http:\/\/www2.unifap.br\/pet-enfermagem\/?page_id=578"},"modified":"2014-08-16T05:56:52","modified_gmt":"2014-08-16T05:56:52","slug":"tutores","status":"publish","type":"page","link":"http:\/\/www2.unifap.br\/pet-enfermagem\/nossa-equipe-2\/tutores\/","title":{"rendered":"TUTORES"},"content":{"rendered":"<h3><span style=\"font-size: 14px;line-height: 1.5em\">\u00a0<\/span><\/h3>\n<div>\n<div>\n<div><a href=\"http:\/\/www2.unifap.br\/pet-enfermagem\/files\/2014\/08\/1383615_480332965398499_1722749108_n.jpg\"><img fetchpriority=\"high\" decoding=\"async\" alt=\"1383615_480332965398499_1722749108_n\" src=\"http:\/\/www2.unifap.br\/pet-enfermagem\/files\/2014\/08\/1383615_480332965398499_1722749108_n-199x300.jpg\" width=\"199\" height=\"300\" \/><\/a><\/div>\n<div>\n<h3><a href=\"http:\/\/pet-enfermagem-unifap.webnode.com.br\/products\/francineide-pena1\/\">Francineide Pena<\/a><\/h3>\n<h3>Tutora: desde 2010<\/h3>\n<p><b>E-mail<\/b>:\u00a0<a href=\"mailto:sobrenome.nome@minhaempresa.com\">franci.pena@unifap.br<\/a><\/p>\n<p><a href=\"http:\/\/lattes.cnpq.br\/5547490063776157\" target=\"_blank\"><img decoding=\"async\" alt=\"\" src=\"http:\/\/files.pet-enfermagem-unifap.webnode.com.br\/200000066-c9cc1cac67\/lattes.jpg\" width=\"25\" height=\"30\" align=\"middle\" \/>\u00a0Curr\u00edculo Plataforma Lattes<\/a><\/p>\n<p>&nbsp;<\/p>\n<p><b>Projetos de extens\u00e3o:<\/b><\/p>\n<p>1. Atendimento multiprofissional a pessoas com\u00a0 Diabetes Mellitus &#8211; UBS\/UNIFAP<\/p>\n<p>2. Dan\u00e7ando com os universit\u00e1rios<\/p>\n<p><b>Linha de Pesquisa:<\/b><\/p>\n<p>1. Sa\u00fade, educa\u00e7\u00e3o e meio ambiente<\/p>\n<p>2. Doen\u00e7as cr\u00f4nicas n\u00e3o transmiss\u00edveis<\/p>\n<p>&nbsp;<\/p>\n<p><b>Projetos de Pesquisa em desenvolvimento:<\/b><\/p>\n<p>1. Sa\u00fade Mental e Diabetes Mellitus: altera\u00e7\u00f5es ps\u00edquicas em pessoas com Diabetes Mellitus<\/p>\n<p>2. Preval\u00eancia de Transtornos mentais no ambulat\u00f3rio de sa\u00fade mental do Hospital de cl\u00ednicas Dr. Alberto Lima<\/p>\n<p>3. Diabetes Mellitus e Atividade f\u00edsica: estudo comparativo dos par\u00e2metros glic\u00eamicos entre os praticantes e n\u00e3o praticantes de atividade f\u00edsica do Grupo de Diabetes Mellitus da UNIFAP<\/p>\n<p>4.\u00a0Os benef\u00edcios da dan\u00e7a no combate\u00a0\u00a0ao estresse dos acad\u00eamicos da Universidade Federal do Amap\u00e1<br \/>\n<b>\u00c1rea de Ensino<\/b><\/p>\n<p>Corresponde aos eixos tem\u00e1ticos do\u00a0<a href=\"http:\/\/pet-enfermagem-unifap.webnode.com.br\/calendario-de-eventos\/outras-atividades\/\" target=\"_blank\">planejamento PET 2010<\/a><\/p>\n<p>&nbsp;<\/p>\n<p>&nbsp;<\/p>\n<\/div>\n<div><\/div>\n<\/div>\n<div>\n<div><a href=\"http:\/\/www2.unifap.br\/pet-enfermagem\/files\/2014\/08\/1620377_619127251496950_1837851732_n.jpg\"><img decoding=\"async\" alt=\"1620377_619127251496950_1837851732_n\" src=\"http:\/\/www2.unifap.br\/pet-enfermagem\/files\/2014\/08\/1620377_619127251496950_1837851732_n-281x300.jpg\" width=\"281\" height=\"300\" \/><\/a><\/div>\n<div>\n<h3><a href=\"http:\/\/pet-enfermagem-unifap.webnode.com.br\/products\/ana-rita-barcessat\/\">Ana Rita Barcessat<\/a><\/h3>\n<h3><b>\u00a0Ex-Tutora<\/b>: 2\u00ba Semestre de 2009<\/h3>\n<p>E-mail:\u00a0ritabarcessat@gmail.com<\/p>\n<p><a href=\"http:\/\/lattes.cnpq.br\/1168921254428122\" target=\"_blank\"><img decoding=\"async\" alt=\"\" src=\"http:\/\/files.pet-enfermagem-unifap.webnode.com.br\/200000066-c9cc1cac67\/lattes.jpg\" width=\"25\" height=\"30\" align=\"middle\" \/>\u00a0Curr\u00edculo Plataforma Lattes<\/a><\/p>\n<p>&nbsp;<\/p>\n<p>&nbsp;<\/p>\n<\/div>\n<div><\/div>\n<\/div>\n<div>\n<div><a title=\"Ver \u00edtem completo\" href=\"http:\/\/pet-enfermagem-unifap.webnode.com.br\/products\/liudmila-miyar\/\"><img loading=\"lazy\" decoding=\"async\" alt=\"Liudmila Miyar\" src=\"http:\/\/files.pet-enfermagem-unifap.webnode.com.br\/system_preview_small_200000067-9f0baa005a\/liudmila.JPG\" width=\"81\" height=\"118\" \/><\/a><\/div>\n<div>\n<h3><a href=\"http:\/\/pet-enfermagem-unifap.webnode.com.br\/products\/liudmila-miyar\/\">Liudmila Miyar<\/a><\/h3>\n<h3>Ex-Tutora: 1\u00ba Semestre de 2009<\/h3>\n<p><b>E-mail:<\/b>\u00a0<a href=\"mailto:sobrenome.nome@minhaempresa.com\">lumamiyar@hotmail.com<\/a><\/p>\n<p><a href=\"http:\/\/lattes.cnpq.br\/8176673605215407\" target=\"_blank\"><img decoding=\"async\" alt=\"\" src=\"http:\/\/files.pet-enfermagem-unifap.webnode.com.br\/200000066-c9cc1cac67\/lattes.jpg\" width=\"25\" height=\"30\" align=\"middle\" \/>\u00a0Curr\u00edculo Lattes<\/a><\/p>\n<\/div>\n<\/div>\n<\/div>\n","protected":false},"excerpt":{"rendered":"<p>\u00a0 Francineide Pena Tutora: desde 2010 E-mail:\u00a0franci.pena@unifap.br \u00a0Curr\u00edculo Plataforma Lattes &nbsp; Projetos de extens\u00e3o: 1. Atendimento multiprofissional a pessoas com\u00a0 Diabetes Mellitus &#8211; UBS\/UNIFAP 2. Dan\u00e7ando com os universit\u00e1rios Linha de Pesquisa: 1. Sa\u00fade, educa\u00e7\u00e3o e meio ambiente 2. Doen\u00e7as&hellip; <\/p>\n<p><a href=\"http:\/\/www2.unifap.br\/pet-enfermagem\/nossa-equipe-2\/tutores\/\" class=\"readmore-button\">Continue Reading<\/a><\/p>\n","protected":false},"author":448,"featured_media":0,"parent":558,"menu_order":0,"comment_status":"open","ping_status":"open","template":"","meta":{"inline_featured_image":false,"ngg_post_thumbnail":0,"footnotes":""},"class_list":["post-578","page","type-page","status-publish","hentry"],"_links":{"self":[{"href":"http:\/\/www2.unifap.br\/pet-enfermagem\/wp-json\/wp\/v2\/pages\/578","targetHints":{"allow":["GET"]}}],"collection":[{"href":"http:\/\/www2.unifap.br\/pet-enfermagem\/wp-json\/wp\/v2\/pages"}],"about":[{"href":"http:\/\/www2.unifap.br\/pet-enfermagem\/wp-json\/wp\/v2\/types\/page"}],"author":[{"embeddable":true,"href":"http:\/\/www2.unifap.br\/pet-enfermagem\/wp-json\/wp\/v2\/users\/448"}],"replies":[{"embeddable":true,"href":"http:\/\/www2.unifap.br\/pet-enfermagem\/wp-json\/wp\/v2\/comments?post=578"}],"version-history":[{"count":1,"href":"http:\/\/www2.unifap.br\/pet-enfermagem\/wp-json\/wp\/v2\/pages\/578\/revisions"}],"predecessor-version":[{"id":579,"href":"http:\/\/www2.unifap.br\/pet-enfermagem\/wp-json\/wp\/v2\/pages\/578\/revisions\/579"}],"up":[{"embeddable":true,"href":"http:\/\/www2.unifap.br\/pet-enfermagem\/wp-json\/wp\/v2\/pages\/558"}],"wp:attachment":[{"href":"http:\/\/www2.unifap.br\/pet-enfermagem\/wp-json\/wp\/v2\/media?parent=578"}],"curies":[{"name":"wp","href":"https:\/\/api.w.org\/{rel}","templated":true}]}}